{"id":7826,"date":"2021-06-24T15:59:16","date_gmt":"2021-06-24T14:59:16","guid":{"rendered":"https:\/\/www.dolivo.shop\/prodotto\/topfuntersetzer\/"},"modified":"2025-09-07T17:47:20","modified_gmt":"2025-09-07T16:47:20","slug":"topfuntersetzer","status":"publish","type":"product","link":"https:\/\/www.dolivo.shop\/de\/produkt\/topfuntersetzer\/","title":{"rendered":"Quadratisch Untersetzer\u00a0"},"content":{"rendered":"<p class=\"p3\">Der Untersetzer aus Olivenholz ist ein handgefertigtes Accessoire, das entwickelt wurde, um Oberfl\u00e4chen und Tischdecken vor der Hitze hei\u00dfer T\u00f6pfe, Pfannen oder Teekannen zu sch\u00fctzen. Gefertigt aus echtem Olivenholz, \u00fcberzeugt er durch seine nat\u00fcrliche Maserung, seine Hitzebest\u00e4ndigkeit sowie seinen rustikalen und zugleich eleganten Charme.<\/p>\n<p class=\"p3\">Dank der besonderen Eigenschaften des Olivenholzes \u2013 von Natur aus <strong>widerstandsf\u00e4hig<\/strong>, <strong>antibakteriell<\/strong> und <strong>langlebig<\/strong> \u2013 ist der Untersetzer sowohl ein praktischer K\u00fcchenhelfer als auch ein dekoratives Element, ideal f\u00fcr alle, die die mediterrane Tradition stilvoll auf den Tisch bringen m\u00f6chten.<\/p>\n<p class=\"p3\">Jedes St\u00fcck ist ein <strong>Unikat<\/strong> und wird von <strong>Hand gefertigt<\/strong>, ausschlie\u00dflich mit nat\u00fcrlichem \u00d6l behandelt \u2013 frei von Lacken oder chemischen Zus\u00e4tzen \u2013 und damit ganz im Einklang mit traditioneller Handwerkskunst und der Natur.<\/p>\n<p class=\"p3\"><strong>Nachhaltig und authentisch<\/strong>: Olivenholz ist eine bewusste Wahl f\u00fcr alle, die Sch\u00f6nheit, Funktionalit\u00e4t, Natur und Handarbeit sch\u00e4tzen.<\/p>\n<h3 class=\"p1\"><b>Eine originelle Idee f\u00fcr ein umweltfreundliches Gastgeschenk<\/b><b><\/b><\/h3>\n<p class=\"p3\">Durch seinen nat\u00fcrlichen Stil und die handwerkliche Verarbeitung eignet er sich perfekt als Aufmerksamkeit f\u00fcr Hochzeiten, Kommunionen oder andere besondere Anl\u00e4sse.<\/p>\n<p class=\"p3\">Auf Wunsch k\u00f6nnen wir auch <strong>individuelle Gravuren<\/strong> anfertigen.<\/p>\n<p>&nbsp;<\/p>\n<p class=\"p3\"><span class=\"s1\"><b>Ma\u00dfe:<\/b><\/span> 20 \u00d7 20 cm.<\/p>\n<h4 class=\"p1\"><b>Wichtiger Hinweis<\/b><b><\/b><\/h4>\n<p class=\"p3\"><em>Dieses Produkt ist handgefertigt: Kleine Unregelm\u00e4\u00dfigkeiten oder leichte Abweichungen sind keine M\u00e4ngel, sondern ein Zeichen der Echtheit und Einzigartigkeit.<\/em><\/p>\n","protected":false},"excerpt":{"rendered":"<p>Der Untersetzer aus Olivenholz ist ein handgefertigtes Accessoire, das entwickelt wurde, um Oberfl\u00e4chen und Tischdecken vor der Hitze hei\u00dfer T\u00f6pfe, Pfannen oder Teekannen zu sch\u00fctzen. Gefertigt aus echtem Olivenholz, \u00fcberzeugt er durch seine nat\u00fcrliche Maserung, seine Hitzebest\u00e4ndigkeit sowie seinen rustikalen und zugleich eleganten Charme. Dank der besonderen Eigenschaften des Olivenholzes \u2013 von Natur aus widerstandsf\u00e4hig,&#8230;<\/p>\n","protected":false},"featured_media":7827,"template":"","meta":{"_acf_changed":false},"product_brand":[],"product_cat":[277,288],"product_tag":[],"class_list":{"0":"post-7826","1":"product","2":"type-product","3":"status-publish","4":"has-post-thumbnail","6":"product_cat-in-der-kueche","7":"product_cat-kuechengeraete","9":"first","10":"instock","11":"taxable","12":"shipping-taxable","13":"purchasable","14":"product-type-simple"},"acf":[],"_links":{"self":[{"href":"https:\/\/www.dolivo.shop\/de\/wp-json\/wp\/v2\/product\/7826","targetHints":{"allow":["GET"]}}],"collection":[{"href":"https:\/\/www.dolivo.shop\/de\/wp-json\/wp\/v2\/product"}],"about":[{"href":"https:\/\/www.dolivo.shop\/de\/wp-json\/wp\/v2\/types\/product"}],"wp:featuredmedia":[{"embeddable":true,"href":"https:\/\/www.dolivo.shop\/de\/wp-json\/wp\/v2\/media\/7827"}],"wp:attachment":[{"href":"https:\/\/www.dolivo.shop\/de\/wp-json\/wp\/v2\/media?parent=7826"}],"wp:term":[{"taxonomy":"product_brand","embeddable":true,"href":"https:\/\/www.dolivo.shop\/de\/wp-json\/wp\/v2\/product_brand?post=7826"},{"taxonomy":"product_cat","embeddable":true,"href":"https:\/\/www.dolivo.shop\/de\/wp-json\/wp\/v2\/product_cat?post=7826"},{"taxonomy":"product_tag","embeddable":true,"href":"https:\/\/www.dolivo.shop\/de\/wp-json\/wp\/v2\/product_tag?post=7826"}],"curies":[{"name":"wp","href":"https:\/\/api.w.org\/{rel}","templated":true}]}}