{"id":7831,"date":"2021-06-24T15:59:16","date_gmt":"2021-06-24T14:59:16","guid":{"rendered":"https:\/\/www.dolivo.shop\/prodotto\/honigtopf\/"},"modified":"2026-05-03T13:10:24","modified_gmt":"2026-05-03T12:10:24","slug":"honigtopf","status":"publish","type":"product","link":"https:\/\/www.dolivo.shop\/de\/produkt\/honigtopf\/","title":{"rendered":"Honigtopf aus Oliven Holz"},"content":{"rendered":"<p class=\"p3\">Der perfekte Beh\u00e4lter f\u00fcr fl\u00fcssigen Honig. Bildet mit der Zeit keinen Schimmel. Inklusive Honigl\u00f6ffel. Fassungsverm\u00f6gen: ca. 200 ml.<\/p>\n<p class=\"p1\">Per Hand mit warmem Wasser und mildem Sp\u00fclmittel reinigen.<\/p>\n<p>&nbsp;<\/p>\n<p class=\"p1\"><strong>Lebensmittelecht und von Natur aus antibakteriell.<\/strong><\/p>\n<p>&nbsp;<\/p>\n<p class=\"p1\">Ein schlichtes und zugleich praktisches Accessoire: gefertigt aus echtem Olivenholz, vereint es <strong>originelles Design<\/strong> und <strong>Funktionalit\u00e4t<\/strong>. Perfekt, um der K\u00fcche eine warme mediterrane Note zu verleihen.<\/p>\n<p class=\"p1\">Das <strong>Olivenholz<\/strong> mit seiner charakteristischen Maserung und den warmen, beruhigenden Farbt\u00f6nen macht jeden Honigtopf zu einem Unikat. Ausschlie\u00dflich mit nat\u00fcrlichem \u00d6l behandelt \u2013 ohne Lacke oder Chemikalien \u2013 ganz im Sinne traditioneller Handwerkskunst und der Umwelt.<\/p>\n<p class=\"p1\"><strong>Nachhaltig und authentisch<\/strong> ist Olivenholz eine bewusste Wahl f\u00fcr alle, die Sch\u00f6nheit, praktische Anwendung, Natur und Handarbeit sch\u00e4tzen.<\/p>\n<h2 class=\"p3\">Eine originelle, umweltfreundliche Geschenkidee<b><\/b><\/h2>\n<p class=\"p1\">Sein nat\u00fcrlicher Stil und die handwerkliche Fertigung machen ihn zu einem besonderen Pr\u00e4sent f\u00fcr <em>Hochzeiten, Kommunionen oder andere festliche Anl\u00e4sse<\/em>.<\/p>\n<p class=\"p1\">Auf Wunsch sind <strong>individuelle Gravuren<\/strong> m\u00f6glich.<\/p>\n<p>&nbsp;<\/p>\n<p class=\"p1\"><span class=\"s1\"><b>Ma\u00dfe:<\/b><\/span> 8 \u00d7 13 cm.<\/p>\n<h3 class=\"p3\">Wichtiger Hinweis<b><\/b><\/h3>\n<p class=\"p1\"><em>Dieses Produkt wird in Handarbeit hergestellt: kleine Unregelm\u00e4\u00dfigkeiten oder leichte Abweichungen sind keine M\u00e4ngel, sondern Zeichen der Echtheit und Individualit\u00e4t.<\/em><\/p>\n","protected":false},"excerpt":{"rendered":"<p>Der perfekte Beh\u00e4lter f\u00fcr fl\u00fcssigen Honig. Bildet mit der Zeit keinen Schimmel. Inklusive Honigl\u00f6ffel. Fassungsverm\u00f6gen: ca. 200 ml. Per Hand mit warmem Wasser und mildem Sp\u00fclmittel reinigen. &nbsp; Lebensmittelecht und von Natur aus antibakteriell. &nbsp; Ein schlichtes und zugleich praktisches Accessoire: gefertigt aus echtem Olivenholz, vereint es originelles Design und Funktionalit\u00e4t. Perfekt, um der K\u00fcche&#8230;<\/p>\n","protected":false},"featured_media":7832,"template":"","meta":{"_acf_changed":false},"product_brand":[],"product_cat":[277,288],"product_tag":[],"class_list":{"0":"post-7831","1":"product","2":"type-product","3":"status-publish","4":"has-post-thumbnail","6":"product_cat-in-der-kueche","7":"product_cat-kuechengeraete","9":"first","10":"instock","11":"taxable","12":"shipping-taxable","13":"purchasable","14":"product-type-simple"},"acf":[],"_links":{"self":[{"href":"https:\/\/www.dolivo.shop\/de\/wp-json\/wp\/v2\/product\/7831","targetHints":{"allow":["GET"]}}],"collection":[{"href":"https:\/\/www.dolivo.shop\/de\/wp-json\/wp\/v2\/product"}],"about":[{"href":"https:\/\/www.dolivo.shop\/de\/wp-json\/wp\/v2\/types\/product"}],"wp:featuredmedia":[{"embeddable":true,"href":"https:\/\/www.dolivo.shop\/de\/wp-json\/wp\/v2\/media\/7832"}],"wp:attachment":[{"href":"https:\/\/www.dolivo.shop\/de\/wp-json\/wp\/v2\/media?parent=7831"}],"wp:term":[{"taxonomy":"product_brand","embeddable":true,"href":"https:\/\/www.dolivo.shop\/de\/wp-json\/wp\/v2\/product_brand?post=7831"},{"taxonomy":"product_cat","embeddable":true,"href":"https:\/\/www.dolivo.shop\/de\/wp-json\/wp\/v2\/product_cat?post=7831"},{"taxonomy":"product_tag","embeddable":true,"href":"https:\/\/www.dolivo.shop\/de\/wp-json\/wp\/v2\/product_tag?post=7831"}],"curies":[{"name":"wp","href":"https:\/\/api.w.org\/{rel}","templated":true}]}}