{"id":7837,"date":"2021-06-24T15:59:16","date_gmt":"2021-06-24T14:59:16","guid":{"rendered":"https:\/\/www.dolivo.shop\/prodotto\/papier-roller-halter\/"},"modified":"2025-12-16T21:23:08","modified_gmt":"2025-12-16T20:23:08","slug":"papier-roller-halter","status":"publish","type":"product","link":"https:\/\/www.dolivo.shop\/de\/produkt\/papier-roller-halter\/","title":{"rendered":"K\u00fcchenrollenhalter"},"content":{"rendered":"<p class=\"p3\">Der K\u00fcchenrollenhalter aus Olivenholz ist ein praktisches K\u00fcchenaccessoire, das entwickelt wurde, um die <strong>Papierrolle sicher zu halten und leicht abzurollen<\/strong>. Gefertigt aus echtem Olivenholz, verbindet er Funktionalit\u00e4t mit nat\u00fcrlicher Sch\u00f6nheit \u2013 die warmen, unregelm\u00e4\u00dfigen Maserungen machen jedes St\u00fcck zu einem Unikat.<\/p>\n<p class=\"p3\">Robust und standfest, ist dieses Accessoire ideal, um die <strong>K\u00fcche mit rustikal-mediterranem Charme<\/strong> zu bereichern und gleichzeitig eine langlebige, zuverl\u00e4ssige L\u00f6sung zu bieten. Handgefertigt von erfahrenen Kunsthandwerkern, umweltfreundlich und Ausdruck italienischer Tradition.<\/p>\n<p>&nbsp;<\/p>\n<p class=\"p3\"><span class=\"s1\"><b>Ma\u00dfe:<\/b><\/span> ca. 12,5 \u00d7 30 cm.<\/p>\n<h4 class=\"p1\"><b>Wichtiger Hinweis<\/b><b><\/b><\/h4>\n<p class=\"p3\"><em>Dieses Produkt wird in Handarbeit hergestellt: kleine Unregelm\u00e4\u00dfigkeiten oder leichte Abweichungen sind keine M\u00e4ngel, sondern ein Zeichen der Echtheit und Individualit\u00e4t.<\/em><\/p>\n","protected":false},"excerpt":{"rendered":"<p>Der K\u00fcchenrollenhalter aus Olivenholz ist ein praktisches K\u00fcchenaccessoire, das entwickelt wurde, um die Papierrolle sicher zu halten und leicht abzurollen. Gefertigt aus echtem Olivenholz, verbindet er Funktionalit\u00e4t mit nat\u00fcrlicher Sch\u00f6nheit \u2013 die warmen, unregelm\u00e4\u00dfigen Maserungen machen jedes St\u00fcck zu einem Unikat. Robust und standfest, ist dieses Accessoire ideal, um die K\u00fcche mit rustikal-mediterranem Charme zu&#8230;<\/p>\n","protected":false},"featured_media":17660,"template":"","meta":{"_acf_changed":false},"product_brand":[],"product_cat":[277,288],"product_tag":[],"class_list":{"0":"post-7837","1":"product","2":"type-product","3":"status-publish","4":"has-post-thumbnail","6":"product_cat-in-der-kueche","7":"product_cat-kuechengeraete","9":"first","10":"instock","11":"taxable","12":"shipping-taxable","13":"purchasable","14":"product-type-simple"},"acf":[],"_links":{"self":[{"href":"https:\/\/www.dolivo.shop\/de\/wp-json\/wp\/v2\/product\/7837","targetHints":{"allow":["GET"]}}],"collection":[{"href":"https:\/\/www.dolivo.shop\/de\/wp-json\/wp\/v2\/product"}],"about":[{"href":"https:\/\/www.dolivo.shop\/de\/wp-json\/wp\/v2\/types\/product"}],"wp:featuredmedia":[{"embeddable":true,"href":"https:\/\/www.dolivo.shop\/de\/wp-json\/wp\/v2\/media\/17660"}],"wp:attachment":[{"href":"https:\/\/www.dolivo.shop\/de\/wp-json\/wp\/v2\/media?parent=7837"}],"wp:term":[{"taxonomy":"product_brand","embeddable":true,"href":"https:\/\/www.dolivo.shop\/de\/wp-json\/wp\/v2\/product_brand?post=7837"},{"taxonomy":"product_cat","embeddable":true,"href":"https:\/\/www.dolivo.shop\/de\/wp-json\/wp\/v2\/product_cat?post=7837"},{"taxonomy":"product_tag","embeddable":true,"href":"https:\/\/www.dolivo.shop\/de\/wp-json\/wp\/v2\/product_tag?post=7837"}],"curies":[{"name":"wp","href":"https:\/\/api.w.org\/{rel}","templated":true}]}}