{"id":7842,"date":"2021-06-24T15:59:16","date_gmt":"2021-06-24T14:59:16","guid":{"rendered":"https:\/\/www.dolivo.shop\/prodotto\/gewurzdose\/"},"modified":"2026-05-03T13:16:04","modified_gmt":"2026-05-03T12:16:04","slug":"gewurzdose","status":"publish","type":"product","link":"https:\/\/www.dolivo.shop\/de\/produkt\/gewurzdose\/","title":{"rendered":"Gew\u00fcrzbeh\u00e4lter aus Oliven Holz"},"content":{"rendered":"<p class=\"p3\">Der Gew\u00fcrzbeh\u00e4lter aus Olivenholz ist ein handgefertigtes Gef\u00e4\u00df, das entwickelt wurde, um Gew\u00fcrze praktisch und zugleich elegant zu servieren. Gefertigt aus echtem <strong>Olivenholz<\/strong>, \u00fcberzeugt er durch seine nat\u00fcrliche Widerstandsf\u00e4higkeit und die einzigartige Maserung.<\/p>\n<p class=\"p3\">Neben seiner Funktionalit\u00e4t verleiht er der K\u00fcche eine <strong>mediterrane W\u00e4rme<\/strong> und <strong>rustikalen Charme<\/strong>. Jedes St\u00fcck wird von Hand gedrechselt und geschliffen \u2013 dadurch ist es einzigartig, nachhaltig und ideal f\u00fcr alle, die nat\u00fcrliche, langlebige und zeitlos gestaltete Objekte sch\u00e4tzen.<\/p>\n<p class=\"p3\">Per Hand mit warmem Wasser und milder Seife reinigen.<\/p>\n<p>&nbsp;<\/p>\n<p class=\"p3\"><strong>Lebensmittelecht und von Natur aus antibakteriell.<\/strong><\/p>\n<p>&nbsp;<\/p>\n<h2 class=\"p1\">Eine originelle, umweltfreundliche Geschenkidee<b><\/b><\/h2>\n<p class=\"p3\">Sein nat\u00fcrlicher Stil und die handwerkliche Fertigung machen ihn zu einem besonderen Pr\u00e4sent f\u00fcr <em>Hochzeiten, Kommunionen oder andere festliche Anl\u00e4sse<\/em>.<\/p>\n<p class=\"p3\">Auf Wunsch sind <strong>individuelle Gravuren<\/strong> m\u00f6glich.<\/p>\n<p>&nbsp;<\/p>\n<p class=\"p3\"><span class=\"s1\"><b>Ma\u00dfe:<\/b><\/span> 7,5 \u00d7 10 cm.<\/p>\n<h3 class=\"p1\">Wichtiger Hinweis<b><\/b><\/h3>\n<p class=\"p3\"><em>Dieses Produkt wird in Handarbeit hergestellt: kleine Unregelm\u00e4\u00dfigkeiten oder leichte Abweichungen sind keine M\u00e4ngel, sondern ein Zeichen f\u00fcr die Echtheit und Einzigartigkeit.<\/em><\/p>\n","protected":false},"excerpt":{"rendered":"<p>Der Gew\u00fcrzbeh\u00e4lter aus Olivenholz ist ein handgefertigtes Gef\u00e4\u00df, das entwickelt wurde, um Gew\u00fcrze praktisch und zugleich elegant zu servieren. Gefertigt aus echtem Olivenholz, \u00fcberzeugt er durch seine nat\u00fcrliche Widerstandsf\u00e4higkeit und die einzigartige Maserung. Neben seiner Funktionalit\u00e4t verleiht er der K\u00fcche eine mediterrane W\u00e4rme und rustikalen Charme. Jedes St\u00fcck wird von Hand gedrechselt und geschliffen \u2013&#8230;<\/p>\n","protected":false},"featured_media":7843,"template":"","meta":{"_acf_changed":false},"product_brand":[],"product_cat":[277,288],"product_tag":[],"class_list":{"0":"post-7842","1":"product","2":"type-product","3":"status-publish","4":"has-post-thumbnail","6":"product_cat-in-der-kueche","7":"product_cat-kuechengeraete","9":"first","10":"instock","11":"taxable","12":"shipping-taxable","13":"purchasable","14":"product-type-simple"},"acf":[],"_links":{"self":[{"href":"https:\/\/www.dolivo.shop\/de\/wp-json\/wp\/v2\/product\/7842","targetHints":{"allow":["GET"]}}],"collection":[{"href":"https:\/\/www.dolivo.shop\/de\/wp-json\/wp\/v2\/product"}],"about":[{"href":"https:\/\/www.dolivo.shop\/de\/wp-json\/wp\/v2\/types\/product"}],"wp:featuredmedia":[{"embeddable":true,"href":"https:\/\/www.dolivo.shop\/de\/wp-json\/wp\/v2\/media\/7843"}],"wp:attachment":[{"href":"https:\/\/www.dolivo.shop\/de\/wp-json\/wp\/v2\/media?parent=7842"}],"wp:term":[{"taxonomy":"product_brand","embeddable":true,"href":"https:\/\/www.dolivo.shop\/de\/wp-json\/wp\/v2\/product_brand?post=7842"},{"taxonomy":"product_cat","embeddable":true,"href":"https:\/\/www.dolivo.shop\/de\/wp-json\/wp\/v2\/product_cat?post=7842"},{"taxonomy":"product_tag","embeddable":true,"href":"https:\/\/www.dolivo.shop\/de\/wp-json\/wp\/v2\/product_tag?post=7842"}],"curies":[{"name":"wp","href":"https:\/\/api.w.org\/{rel}","templated":true}]}}