{"id":7850,"date":"2021-06-24T15:59:15","date_gmt":"2021-06-24T14:59:15","guid":{"rendered":"https:\/\/www.dolivo.shop\/prodotto\/pizzaschneider\/"},"modified":"2025-08-24T21:34:22","modified_gmt":"2025-08-24T20:34:22","slug":"pizzaschneider","status":"publish","type":"product","link":"https:\/\/www.dolivo.shop\/de\/produkt\/pizzaschneider\/","title":{"rendered":"Pizzaschneider"},"content":{"rendered":"<p class=\"p3\">Der Pizzaschneider ist ein praktisches K\u00fcchenwerkzeug, ideal zum Schneiden von Pizza, Lasagne oder Cannelloni. Das Schneidrad besteht aus hochwertigem Edelstahl.<\/p>\n<p class=\"p3\">Ein sicheres, handliches und unverzichtbares Utensil f\u00fcr alle, die ihre Pizza in saubere, gleichm\u00e4\u00dfige St\u00fccke genie\u00dfen m\u00f6chten.<\/p>\n<p>&nbsp;<\/p>\n<p class=\"p4\"><b>Lebensmittelecht.<\/b><b><\/b><\/p>\n<p class=\"p3\">Diese Ausf\u00fchrung verf\u00fcgt \u00fcber eine Schneidscheibe aus <strong>Edelstahl<\/strong> und <strong>einen ergonomischen Griff aus edlem Olivenholz<\/strong>, der jedem St\u00fcck W\u00e4rme, Eleganz und Einzigartigkeit verleiht. Durch seine nat\u00fcrliche Maserung wird jedes Exemplar zu einem unverwechselbaren <strong>Unikat<\/strong> mit handwerklichem Charme. Der Griff wird ausschlie\u00dflich mit nat\u00fcrlichem \u00d6l behandelt \u2013 ohne Lacke oder Chemikalien \u2013 ganz im Einklang mit traditioneller Handwerkskunst und Umweltbewusstsein.<\/p>\n<p class=\"p3\"><strong>Nachhaltig und authentisch<\/strong>: Olivenholz ist eine bewusste Wahl f\u00fcr alle, die Sch\u00f6nheit, Funktionalit\u00e4t, Natur und Handarbeit sch\u00e4tzen.<\/p>\n<h3><b>Eine originelle, umweltfreundliche Geschenkidee<\/b><\/h3>\n<p class=\"p3\">Dank seines nat\u00fcrlichen Stils und der handwerklichen Verarbeitung eignet sich der Pizzaschneider hervorragend als besonderes Geschenk zu <em>Hochzeiten, Kommunionen oder anderen festlichen Anl\u00e4ssen<\/em>.<\/p>\n<p class=\"p3\">Auf Wunsch k\u00f6nnen wir <span class=\"s2\"><b>personalisierte Gravuren<\/b><\/span> sowohl auf dem Edelstahl als auch direkt auf dem Holzgriff anfertigen.<\/p>\n<p>&nbsp;<\/p>\n<p class=\"p3\"><span class=\"s2\"><b>Ma\u00dfe:<\/b><\/span> 19,5 \u00d7 6,5 cm<\/p>\n<h3><b>Wichtiger Hinweis<\/b><\/h3>\n<p class=\"p3\"><em>Dieses Produkt wird in Handarbeit gefertigt: Kleine Unregelm\u00e4\u00dfigkeiten oder leichte Abweichungen sind keine M\u00e4ngel, sondern Ausdruck der Echtheit und Einzigartigkeit.<\/em><\/p>\n","protected":false},"excerpt":{"rendered":"<p>Der Pizzaschneider ist ein praktisches K\u00fcchenwerkzeug, ideal zum Schneiden von Pizza, Lasagne oder Cannelloni. Das Schneidrad besteht aus hochwertigem Edelstahl. Ein sicheres, handliches und unverzichtbares Utensil f\u00fcr alle, die ihre Pizza in saubere, gleichm\u00e4\u00dfige St\u00fccke genie\u00dfen m\u00f6chten. &nbsp; Lebensmittelecht. Diese Ausf\u00fchrung verf\u00fcgt \u00fcber eine Schneidscheibe aus Edelstahl und einen ergonomischen Griff aus edlem Olivenholz, der&#8230;<\/p>\n","protected":false},"featured_media":7851,"template":"","meta":{"_acf_changed":false},"product_brand":[],"product_cat":[277,288],"product_tag":[],"class_list":{"0":"post-7850","1":"product","2":"type-product","3":"status-publish","4":"has-post-thumbnail","6":"product_cat-in-der-kueche","7":"product_cat-kuechengeraete","9":"first","10":"instock","11":"taxable","12":"shipping-taxable","13":"purchasable","14":"product-type-simple"},"acf":[],"_links":{"self":[{"href":"https:\/\/www.dolivo.shop\/de\/wp-json\/wp\/v2\/product\/7850","targetHints":{"allow":["GET"]}}],"collection":[{"href":"https:\/\/www.dolivo.shop\/de\/wp-json\/wp\/v2\/product"}],"about":[{"href":"https:\/\/www.dolivo.shop\/de\/wp-json\/wp\/v2\/types\/product"}],"wp:featuredmedia":[{"embeddable":true,"href":"https:\/\/www.dolivo.shop\/de\/wp-json\/wp\/v2\/media\/7851"}],"wp:attachment":[{"href":"https:\/\/www.dolivo.shop\/de\/wp-json\/wp\/v2\/media?parent=7850"}],"wp:term":[{"taxonomy":"product_brand","embeddable":true,"href":"https:\/\/www.dolivo.shop\/de\/wp-json\/wp\/v2\/product_brand?post=7850"},{"taxonomy":"product_cat","embeddable":true,"href":"https:\/\/www.dolivo.shop\/de\/wp-json\/wp\/v2\/product_cat?post=7850"},{"taxonomy":"product_tag","embeddable":true,"href":"https:\/\/www.dolivo.shop\/de\/wp-json\/wp\/v2\/product_tag?post=7850"}],"curies":[{"name":"wp","href":"https:\/\/api.w.org\/{rel}","templated":true}]}}