{"id":7854,"date":"2021-06-24T15:59:15","date_gmt":"2021-06-24T14:59:15","guid":{"rendered":"https:\/\/www.dolivo.shop\/prodotto\/spaghettidosierer\/"},"modified":"2026-05-03T13:31:33","modified_gmt":"2026-05-03T12:31:33","slug":"spaghettidosierer","status":"publish","type":"product","link":"https:\/\/www.dolivo.shop\/de\/produkt\/spaghettidosierer\/","title":{"rendered":"Spaghetti Ma\u00df aus Oliven Holz"},"content":{"rendered":"<p class=\"p3\">Das <strong>Spaghetti-Ma\u00df<\/strong> ist ein praktisches K\u00fcchenutensil, das entwickelt wurde, um <strong>die gew\u00fcnschte Menge an rohen Spaghetti f\u00fcr die passende Anzahl an Portionen exakt abzumessen<\/strong>. \u00dcblicherweise aus Oliven Holz gefertigt, verf\u00fcgt es \u00fcber unterschiedlich gro\u00dfe \u00d6ffnungen \u2013 jede steht f\u00fcr eine Portion (1, 2, 3 oder mehr Personen).<\/p>\n<p class=\"p3\">Einfach in der Handhabung, ist es ein n\u00fctzliches Werkzeug, <strong>um Lebensmittelverschwendung zu vermeiden und stets die richtige Menge Pasta zu kochen<\/strong> \u2013 ideal sowohl f\u00fcr den t\u00e4glichen Gebrauch als auch f\u00fcr Feinschmecker, die Wert auf Details legen.<\/p>\n<h2>Portionierung<\/h2>\n<p class=\"p1\"><span class=\"s1\"><b>1 Portion<\/b><\/span>: ca. 175 g Spaghetti \u2013 Lochdurchmesser 29 mm<\/p>\n<p class=\"p1\"><span class=\"s1\"><b>2 Portionen<\/b><\/span>: ca. 225 g Spaghetti \u2013 Lochdurchmesser 37 mm<\/p>\n<p class=\"p1\"><span class=\"s1\"><b>3 Portionen<\/b><\/span>: ca. 415 g Spaghetti \u2013 Lochdurchmesser 44 mm<\/p>\n<p>&nbsp;<\/p>\n<p class=\"p3\">Ein schlichtes und zugleich funktionales K\u00fcchenaccessoire: Gefertigt aus <span class=\"s2\"><b>echtem Olivenholz<\/b><\/span>, verbindet es nat\u00fcrliche Sch\u00f6nheit mit praktischer Funktionalit\u00e4t. Perfekt, um der K\u00fcche oder dem Essbereich eine warme mediterrane Note zu verleihen.<\/p>\n<p class=\"p3\">Die einzigartige Maserung und die warmen, beruhigenden Farbt\u00f6ne machen jedes Spaghetti-Ma\u00df zu einem <span class=\"s2\"><b>Unikat<\/b><\/span>. Ausschlie\u00dflich mit nat\u00fcrlichem \u00d6l behandelt \u2013 frei von Lacken und chemischen Zus\u00e4tzen \u2013 im Einklang mit traditioneller Handwerkskunst und Umweltbewusstsein.<\/p>\n<p class=\"p3\"><strong>Nachhaltig und authentisch<\/strong>: Olivenholz ist eine bewusste Wahl f\u00fcr alle, die Sch\u00f6nheit, Funktionalit\u00e4t, Natur und Handarbeit sch\u00e4tzen.<\/p>\n<h2>Eine originelle, umweltfreundliche Geschenkidee<\/h2>\n<p class=\"p3\">Durch seinen nat\u00fcrlichen Stil und die handwerkliche Verarbeitung eignet sich das Spaghetti-Ma\u00df hervorragend als Geschenk oder Gastgeschenk f\u00fcr <em>Hochzeiten, Kommunionen oder andere besondere Anl\u00e4sse<\/em>.<\/p>\n<p class=\"p3\">Auf Wunsch fertigen wir auch <span class=\"s2\"><b>personalisierte Gravuren<\/b><\/span> an.<\/p>\n<p>&nbsp;<\/p>\n<p class=\"p3\"><span class=\"s2\"><b>Ma\u00dfe:<\/b><\/span> 24 \u00d7 9,5 \u00d7 0,5 cm<\/p>\n<h3>Wichtiger Hinweis<\/h3>\n<p class=\"p3\"><em>Dieses Produkt wird <span class=\"s2\">in Handarbeit gefertigt<\/span>: Kleine Unregelm\u00e4\u00dfigkeiten oder leichte Abweichungen sind keine M\u00e4ngel, sondern ein Zeichen echter Handwerkskunst und Authentizit\u00e4t.<\/em><\/p>\n","protected":false},"excerpt":{"rendered":"<p>Das Spaghetti-Ma\u00df ist ein praktisches K\u00fcchenutensil, das entwickelt wurde, um die gew\u00fcnschte Menge an rohen Spaghetti f\u00fcr die passende Anzahl an Portionen exakt abzumessen. \u00dcblicherweise aus Oliven Holz gefertigt, verf\u00fcgt es \u00fcber unterschiedlich gro\u00dfe \u00d6ffnungen \u2013 jede steht f\u00fcr eine Portion (1, 2, 3 oder mehr Personen). Einfach in der Handhabung, ist es ein n\u00fctzliches&#8230;<\/p>\n","protected":false},"featured_media":7855,"template":"","meta":{"_acf_changed":false},"product_brand":[],"product_cat":[277,288],"product_tag":[],"class_list":{"0":"post-7854","1":"product","2":"type-product","3":"status-publish","4":"has-post-thumbnail","6":"product_cat-in-der-kueche","7":"product_cat-kuechengeraete","9":"first","10":"instock","11":"taxable","12":"shipping-taxable","13":"purchasable","14":"product-type-simple"},"acf":[],"_links":{"self":[{"href":"https:\/\/www.dolivo.shop\/de\/wp-json\/wp\/v2\/product\/7854","targetHints":{"allow":["GET"]}}],"collection":[{"href":"https:\/\/www.dolivo.shop\/de\/wp-json\/wp\/v2\/product"}],"about":[{"href":"https:\/\/www.dolivo.shop\/de\/wp-json\/wp\/v2\/types\/product"}],"wp:featuredmedia":[{"embeddable":true,"href":"https:\/\/www.dolivo.shop\/de\/wp-json\/wp\/v2\/media\/7855"}],"wp:attachment":[{"href":"https:\/\/www.dolivo.shop\/de\/wp-json\/wp\/v2\/media?parent=7854"}],"wp:term":[{"taxonomy":"product_brand","embeddable":true,"href":"https:\/\/www.dolivo.shop\/de\/wp-json\/wp\/v2\/product_brand?post=7854"},{"taxonomy":"product_cat","embeddable":true,"href":"https:\/\/www.dolivo.shop\/de\/wp-json\/wp\/v2\/product_cat?post=7854"},{"taxonomy":"product_tag","embeddable":true,"href":"https:\/\/www.dolivo.shop\/de\/wp-json\/wp\/v2\/product_tag?post=7854"}],"curies":[{"name":"wp","href":"https:\/\/api.w.org\/{rel}","templated":true}]}}