{"id":7862,"date":"2021-06-24T15:59:15","date_gmt":"2021-06-24T14:59:15","guid":{"rendered":"https:\/\/www.dolivo.shop\/prodotto\/spaghettidosierer-2\/"},"modified":"2026-05-03T13:24:02","modified_gmt":"2026-05-03T12:24:02","slug":"spaghettidosierer-2","status":"publish","type":"product","link":"https:\/\/www.dolivo.shop\/de\/produkt\/spaghettidosierer-2\/","title":{"rendered":"Spaghetti-Ma\u00df aus Oliven Holz"},"content":{"rendered":"<p class=\"p1\">Das <strong>Spaghetti-Ma\u00df<\/strong> ist ein praktisches K\u00fcchenutensil, entwickelt, um die Menge <strong>roher Spaghetti pr\u00e4zise nach der gew\u00fcnschten Portionsgr\u00f6\u00dfe abzumessen<\/strong>. Gefertigt aus edlem Olivenholz, verf\u00fcgt es \u00fcber <strong>unterschiedlich gro\u00dfe \u00d6ffnungen<\/strong>, die jeweils einer Portion (1, 2, 3, 4 oder mehr Personen) entsprechen.<\/p>\n<p class=\"p3\">Einfach in der Handhabung, hilft es, <strong>Verschwendung<\/strong> zu vermeiden und immer <strong>die richtige Menge Pasta zu kochen<\/strong> \u2013 ideal sowohl f\u00fcr den Alltag als auch f\u00fcr alle, die Wert auf Details legen.<\/p>\n<p class=\"p1\">Portion x1: ca. 60 g Spaghetti<\/p>\n<p class=\"p1\">Portion x2: ca. 180 g Spaghetti<\/p>\n<p class=\"p1\">Portion x3: ca. 250 g Spaghetti<\/p>\n<p class=\"p1\">Portion x4: ca. 320 g Spaghetti<\/p>\n<p class=\"p3\">Ein schlichtes und zugleich n\u00fctzliches K\u00fcchenaccessoire: gefertigt aus echtem Olivenholz, verbindet es <strong>nat\u00fcrliche Sch\u00f6nheit<\/strong> mit <strong>Funktionalit\u00e4t<\/strong>. Perfekt, um Ihrer K\u00fcche oder Ihrem Essbereich eine warme, mediterrane Note zu verleihen.<\/p>\n<p class=\"p3\">Die charakteristische Maserung und die warmen, beruhigenden Farbt\u00f6ne des <strong>Olivenholzes<\/strong> machen jedes Spaghetti-Ma\u00df zu einem unverwechselbaren <strong>Einzelst\u00fcck<\/strong>. Ausschlie\u00dflich mit nat\u00fcrlichem \u00d6l behandelt \u2013 frei von Lacken oder chemischen Substanzen \u2013 ganz im Einklang mit traditioneller Handwerkskunst und der Umwelt.<\/p>\n<p class=\"p3\"><strong>Nachhaltig und authentisch<\/strong>: Olivenholz ist eine bewusste Wahl f\u00fcr alle, die Sch\u00f6nheit, praktische Anwendung, Natur und Handarbeit sch\u00e4tzen.<\/p>\n<h2 class=\"p1\">Eine originelle Idee f\u00fcr ein umweltfreundliches Gastgeschenk<b><\/b><\/h2>\n<p class=\"p3\">Sein nat\u00fcrlicher Stil und die handwerkliche Verarbeitung machen es zu einem besonderen Pr\u00e4sent f\u00fcr Hochzeiten, Kommunionen oder andere festliche Anl\u00e4sse.<\/p>\n<p class=\"p3\">Auf Wunsch fertigen wir individuelle Gravuren an.<\/p>\n<p>&nbsp;<\/p>\n<p class=\"p3\"><span class=\"s2\"><b>Ma\u00dfe:<\/b><\/span> 7.5 x 28 cm<\/p>\n<h3 class=\"p1\">Wichtiger Hinweis<b><\/b><\/h3>\n<p class=\"p3\"><em>Handgefertigtes Produkt: Kleine Unregelm\u00e4\u00dfigkeiten oder leichte Abweichungen sind nicht als M\u00e4ngel zu verstehen, sondern als Zeichen der Echtheit und Einzigartigkeit jedes St\u00fcckes.<\/em><\/p>\n","protected":false},"excerpt":{"rendered":"<p>Das Spaghetti-Ma\u00df ist ein praktisches K\u00fcchenutensil, entwickelt, um die Menge roher Spaghetti pr\u00e4zise nach der gew\u00fcnschten Portionsgr\u00f6\u00dfe abzumessen. Gefertigt aus edlem Olivenholz, verf\u00fcgt es \u00fcber unterschiedlich gro\u00dfe \u00d6ffnungen, die jeweils einer Portion (1, 2, 3, 4 oder mehr Personen) entsprechen. Einfach in der Handhabung, hilft es, Verschwendung zu vermeiden und immer die richtige Menge Pasta&#8230;<\/p>\n","protected":false},"featured_media":17833,"template":"","meta":{"_acf_changed":false},"product_brand":[],"product_cat":[277,288],"product_tag":[],"class_list":{"0":"post-7862","1":"product","2":"type-product","3":"status-publish","4":"has-post-thumbnail","6":"product_cat-in-der-kueche","7":"product_cat-kuechengeraete","9":"first","10":"instock","11":"sale","12":"taxable","13":"shipping-taxable","14":"purchasable","15":"product-type-simple"},"acf":[],"_links":{"self":[{"href":"https:\/\/www.dolivo.shop\/de\/wp-json\/wp\/v2\/product\/7862","targetHints":{"allow":["GET"]}}],"collection":[{"href":"https:\/\/www.dolivo.shop\/de\/wp-json\/wp\/v2\/product"}],"about":[{"href":"https:\/\/www.dolivo.shop\/de\/wp-json\/wp\/v2\/types\/product"}],"wp:featuredmedia":[{"embeddable":true,"href":"https:\/\/www.dolivo.shop\/de\/wp-json\/wp\/v2\/media\/17833"}],"wp:attachment":[{"href":"https:\/\/www.dolivo.shop\/de\/wp-json\/wp\/v2\/media?parent=7862"}],"wp:term":[{"taxonomy":"product_brand","embeddable":true,"href":"https:\/\/www.dolivo.shop\/de\/wp-json\/wp\/v2\/product_brand?post=7862"},{"taxonomy":"product_cat","embeddable":true,"href":"https:\/\/www.dolivo.shop\/de\/wp-json\/wp\/v2\/product_cat?post=7862"},{"taxonomy":"product_tag","embeddable":true,"href":"https:\/\/www.dolivo.shop\/de\/wp-json\/wp\/v2\/product_tag?post=7862"}],"curies":[{"name":"wp","href":"https:\/\/api.w.org\/{rel}","templated":true}]}}