{"id":7879,"date":"2021-06-24T15:59:14","date_gmt":"2021-06-24T14:59:14","guid":{"rendered":"https:\/\/www.dolivo.shop\/prodotto\/nudelholz\/"},"modified":"2025-08-17T20:44:21","modified_gmt":"2025-08-17T19:44:21","slug":"nudelholz","status":"publish","type":"product","link":"https:\/\/www.dolivo.shop\/de\/produkt\/nudelholz\/","title":{"rendered":"Nudelholz"},"content":{"rendered":"<p class=\"p3\">Das <strong>Nudelholz<\/strong> ist ein traditionelles K\u00fcchenutensil, das zum <strong>Ausrollen<\/strong> und <strong>Gl\u00e4tten<\/strong> von <strong>Teigen<\/strong> f\u00fcr frische Pasta, Pizza, Geb\u00e4ck oder Bl\u00e4tterteig verwendet wird. Die Oberfl\u00e4che aus Olivenholz verhindert, dass der Teig beim Ausrollen kleben bleibt. Es bildet keine Schimmelbildung und kann einfach per Hand mit warmem Wasser und mildem Sp\u00fclmittel gereinigt werden.<\/p>\n<p class=\"p3\">In seiner Ausf\u00fchrung aus <strong>Olivenholz<\/strong> vereint das Nudelholz <strong>Funktionalit\u00e4t<\/strong> und <strong>nat\u00fcrliche Sch\u00f6nheit<\/strong>, dank der <strong>einzigartigen Maserung<\/strong> des Holzes sowie seiner <strong>glatten<\/strong> und <strong>widerstandsf\u00e4higen Oberfl\u00e4che<\/strong>.<\/p>\n<p class=\"p3\">Unverzichtbar in der traditionellen K\u00fcche, gedacht f\u00fcr alle, die Freude daran finden, Speisen mit den eigenen H\u00e4nden zuzubereiten.<\/p>\n<p>&nbsp;<\/p>\n<p class=\"p1\"><b>Lebensmittelecht und nat\u00fcrlich antibakteriell.<\/b><b><\/b><\/p>\n<p>&nbsp;<\/p>\n<p class=\"p3\">Ein schlichtes und dennoch \u00e4u\u00dferst n\u00fctzliches Utensil: gefertigt aus echtem Olivenholz, verbindet es <strong>Sch\u00f6nheit<\/strong> und <strong>Funktionalit\u00e4t<\/strong>. Perfekt, um der K\u00fcche oder dem Essbereich eine warme, nat\u00fcrliche Note zu verleihen.<\/p>\n<p class=\"p3\">Das <strong>Olivenholz<\/strong>, mit seiner einzigartigen Maserung und den warmen, beruhigenden Farbt\u00f6nen, macht jedes Nudelholz zu einem <strong>Unikat<\/strong>. Ausschlie\u00dflich mit nat\u00fcrlichem \u00d6l behandelt \u2013 frei von Lacken und chemischen Zus\u00e4tzen \u2013 ganz im Sinne traditioneller Handwerkskunst und im Einklang mit der Umwelt.<\/p>\n<p class=\"p3\"><strong>Nachhaltig und authentisch<\/strong> \u2013 Olivenholz ist eine bewusste Wahl f\u00fcr alle, die Sch\u00f6nheit, praktische Anwendung, Natur und Handarbeit sch\u00e4tzen.<\/p>\n<h3 class=\"p1\"><b>Eine originelle Idee f\u00fcr ein umweltfreundliches Geschenk<\/b><b><\/b><\/h3>\n<p class=\"p3\">Sein nat\u00fcrlicher Stil und die handwerkliche Verarbeitung machen es zu einem perfekten Pr\u00e4sent f\u00fcr <em>Hochzeiten, Kommunionen oder besondere Anl\u00e4sse<\/em>.<\/p>\n<p class=\"p3\">Auf Wunsch k\u00f6nnen wir <strong>individuelle Gravuren<\/strong> anfertigen.<\/p>\n<p>&nbsp;<\/p>\n<p class=\"p3\"><span class=\"s1\"><b>Ma\u00dfe:<\/b><\/span> 4 \u00d7 40 cm<\/p>\n<h4 class=\"p1\"><b>Wichtiger Hinweis<\/b><b><\/b><\/h4>\n<p class=\"p3\"><em>Handgefertigtes Produkt: Kleine Unregelm\u00e4\u00dfigkeiten oder leichte Abweichungen sind keine M\u00e4ngel, sondern ein Zeichen f\u00fcr die Echtheit und Originalit\u00e4t des Produkts.<\/em><\/p>\n","protected":false},"excerpt":{"rendered":"<p>Das Nudelholz ist ein traditionelles K\u00fcchenutensil, das zum Ausrollen und Gl\u00e4tten von Teigen f\u00fcr frische Pasta, Pizza, Geb\u00e4ck oder Bl\u00e4tterteig verwendet wird. Die Oberfl\u00e4che aus Olivenholz verhindert, dass der Teig beim Ausrollen kleben bleibt. Es bildet keine Schimmelbildung und kann einfach per Hand mit warmem Wasser und mildem Sp\u00fclmittel gereinigt werden. In seiner Ausf\u00fchrung aus&#8230;<\/p>\n","protected":false},"featured_media":7880,"template":"","meta":{"_acf_changed":false},"product_brand":[],"product_cat":[277,288],"product_tag":[],"class_list":{"0":"post-7879","1":"product","2":"type-product","3":"status-publish","4":"has-post-thumbnail","6":"product_cat-in-der-kueche","7":"product_cat-kuechengeraete","9":"first","10":"instock","11":"taxable","12":"shipping-taxable","13":"purchasable","14":"product-type-simple"},"acf":[],"_links":{"self":[{"href":"https:\/\/www.dolivo.shop\/de\/wp-json\/wp\/v2\/product\/7879","targetHints":{"allow":["GET"]}}],"collection":[{"href":"https:\/\/www.dolivo.shop\/de\/wp-json\/wp\/v2\/product"}],"about":[{"href":"https:\/\/www.dolivo.shop\/de\/wp-json\/wp\/v2\/types\/product"}],"wp:featuredmedia":[{"embeddable":true,"href":"https:\/\/www.dolivo.shop\/de\/wp-json\/wp\/v2\/media\/7880"}],"wp:attachment":[{"href":"https:\/\/www.dolivo.shop\/de\/wp-json\/wp\/v2\/media?parent=7879"}],"wp:term":[{"taxonomy":"product_brand","embeddable":true,"href":"https:\/\/www.dolivo.shop\/de\/wp-json\/wp\/v2\/product_brand?post=7879"},{"taxonomy":"product_cat","embeddable":true,"href":"https:\/\/www.dolivo.shop\/de\/wp-json\/wp\/v2\/product_cat?post=7879"},{"taxonomy":"product_tag","embeddable":true,"href":"https:\/\/www.dolivo.shop\/de\/wp-json\/wp\/v2\/product_tag?post=7879"}],"curies":[{"name":"wp","href":"https:\/\/api.w.org\/{rel}","templated":true}]}}