{"id":7884,"date":"2021-06-24T15:59:14","date_gmt":"2021-06-24T14:59:14","guid":{"rendered":"https:\/\/www.dolivo.shop\/prodotto\/gnocchibrett\/"},"modified":"2026-05-03T13:59:00","modified_gmt":"2026-05-03T12:59:00","slug":"gnocchibrett","status":"publish","type":"product","link":"https:\/\/www.dolivo.shop\/de\/produkt\/gnocchibrett\/","title":{"rendered":"Gnocchi Brett aus Oliven Holz"},"content":{"rendered":"<h2>Die Tradition der Gnocchi nimmt Form an in Olivenholz<\/h2>\n<p>&nbsp;<\/p>\n<p class=\"p3\">Speziell entwickelt f\u00fcr die Zubereitung von Gnocchi. Solange die Gnocchi noch frisch und ungekocht sind, werden sie ein- oder mehrmals \u00fcber das Brett gerollt. Diese alte italienische Tradition verleiht den Gnocchi die charakteristischen Rillen, sodass sie die Sauce besser aufnehmen und ein intensiveres Aroma entfalten.<\/p>\n<p>&nbsp;<\/p>\n<p class=\"p1\"><b>Lebensmittelecht und von Natur aus antibakteriell.<\/b><b><\/b><\/p>\n<p>&nbsp;<\/p>\n<p class=\"p3\">Ein einfaches und zugleich n\u00fctzliches K\u00fcchenutensil: gefertigt aus echtem <strong>Olivenholz<\/strong>, verbindet es <strong>originelles Design<\/strong> mit hoher <strong>Funktionalit\u00e4t<\/strong>.<\/p>\n<p class=\"p3\">Ideal, um Ihrer K\u00fcche eine warme, nat\u00fcrliche Note zu verleihen.<\/p>\n<p class=\"p3\">Die einzigartigen Maserungen und die warmen, beruhigenden Farbt\u00f6ne machen jedes Gnocchi-Brett zu einem <strong>Unikat<\/strong>. Es wird ausschlie\u00dflich mit nat\u00fcrlichem \u00d6l behandelt \u2013 frei von Lacken und Chemikalien \u2013 ganz im Sinne handwerklicher Tradition und umweltfreundlicher Verarbeitung.<\/p>\n<p class=\"p3\"><strong>Nachhaltig und authentisch<\/strong>: Olivenholz ist eine bewusste Wahl f\u00fcr alle, die Sch\u00f6nheit, praktische Handhabung, Natur und Handwerkskunst sch\u00e4tzen.<\/p>\n<h2 class=\"p1\">Eine originelle Geschenkidee \u2013 auch als umweltfreundliches Gastgeschenk<b><\/b><\/h2>\n<p class=\"p3\">Dank seines nat\u00fcrlichen Stils und der handwerklichen Fertigung eignet es sich perfekt als kleine Aufmerksamkeit zu <em>Hochzeiten, Kommunionen oder besonderen Anl\u00e4ssen<\/em>.<\/p>\n<p class=\"p3\">Auf Wunsch k\u00f6nnen wir <strong>individuelle Gravuren<\/strong> anfertigen.<\/p>\n<p>&nbsp;<\/p>\n<p class=\"p3\"><span class=\"s1\"><b>Ma\u00dfe:<\/b><\/span> 6 \u00d7 20 cm<\/p>\n<h3 class=\"p1\">Wichtiger Hinweis<b><\/b><\/h3>\n<p class=\"p3\"><em>Dieses Produkt wird in Handarbeit hergestellt: Kleine Unregelm\u00e4\u00dfigkeiten oder leichte Abweichungen sind keine M\u00e4ngel, sondern ein Zeichen f\u00fcr die Echtheit und Einzigartigkeit des Artikels.<\/em><\/p>\n","protected":false},"excerpt":{"rendered":"<p>Die Tradition der Gnocchi nimmt Form an in Olivenholz &nbsp; Speziell entwickelt f\u00fcr die Zubereitung von Gnocchi. Solange die Gnocchi noch frisch und ungekocht sind, werden sie ein- oder mehrmals \u00fcber das Brett gerollt. Diese alte italienische Tradition verleiht den Gnocchi die charakteristischen Rillen, sodass sie die Sauce besser aufnehmen und ein intensiveres Aroma entfalten&#8230;.<\/p>\n","protected":false},"featured_media":8051,"template":"","meta":{"_acf_changed":false},"product_brand":[],"product_cat":[277,288],"product_tag":[],"class_list":{"0":"post-7884","1":"product","2":"type-product","3":"status-publish","4":"has-post-thumbnail","6":"product_cat-in-der-kueche","7":"product_cat-kuechengeraete","9":"first","10":"instock","11":"taxable","12":"shipping-taxable","13":"purchasable","14":"product-type-simple"},"acf":[],"_links":{"self":[{"href":"https:\/\/www.dolivo.shop\/de\/wp-json\/wp\/v2\/product\/7884","targetHints":{"allow":["GET"]}}],"collection":[{"href":"https:\/\/www.dolivo.shop\/de\/wp-json\/wp\/v2\/product"}],"about":[{"href":"https:\/\/www.dolivo.shop\/de\/wp-json\/wp\/v2\/types\/product"}],"wp:featuredmedia":[{"embeddable":true,"href":"https:\/\/www.dolivo.shop\/de\/wp-json\/wp\/v2\/media\/8051"}],"wp:attachment":[{"href":"https:\/\/www.dolivo.shop\/de\/wp-json\/wp\/v2\/media?parent=7884"}],"wp:term":[{"taxonomy":"product_brand","embeddable":true,"href":"https:\/\/www.dolivo.shop\/de\/wp-json\/wp\/v2\/product_brand?post=7884"},{"taxonomy":"product_cat","embeddable":true,"href":"https:\/\/www.dolivo.shop\/de\/wp-json\/wp\/v2\/product_cat?post=7884"},{"taxonomy":"product_tag","embeddable":true,"href":"https:\/\/www.dolivo.shop\/de\/wp-json\/wp\/v2\/product_tag?post=7884"}],"curies":[{"name":"wp","href":"https:\/\/api.w.org\/{rel}","templated":true}]}}