{"id":7891,"date":"2021-06-24T15:59:14","date_gmt":"2021-06-24T14:59:14","guid":{"rendered":"https:\/\/www.dolivo.shop\/prodotto\/set-giorgione\/"},"modified":"2026-05-03T13:42:36","modified_gmt":"2026-05-03T12:42:36","slug":"set-giorgione","status":"publish","type":"product","link":"https:\/\/www.dolivo.shop\/de\/produkt\/set-giorgione\/","title":{"rendered":"Set \u201eHausgemachte Pasta\u201c aus Oliven Holz"},"content":{"rendered":"<p class=\"p3\">Vielseitiges Set, speziell f\u00fcr die Welt der Pasta entwickelt. Praktisch und handlich f\u00fcr die Zubereitung verschiedener Teige, zum Bestreuen mit Parmesan oder zum Formen von Gnocchi mit traditionellen Rillen.<\/p>\n<p>&nbsp;<\/p>\n<p class=\"p1\"><b>Lebensmittelecht und von Natur aus antibakteriell.<\/b><b><\/b><\/p>\n<p>&nbsp;<\/p>\n<p class=\"p3\">Ein einfaches und zugleich n\u00fctzliches K\u00fcchenutensil: Aus echtem Olivenholz gefertigt, vereint es <strong>originelles Design<\/strong> mit hoher <strong>Funktionalit\u00e4t<\/strong>. Perfekt, um Ihrer K\u00fcche eine warme, nat\u00fcrliche Note zu verleihen.<\/p>\n<p class=\"p3\">Die charakteristische Maserung und die warmen, beruhigenden Farbt\u00f6ne des <strong>Olivenholzes<\/strong> machen jedes Pasta-Set zu einem <strong>Unikat<\/strong>. Ausschlie\u00dflich mit nat\u00fcrlichem \u00d6l behandelt \u2013 ohne Lacke oder chemische Zus\u00e4tze \u2013 in voller Achtung der handwerklichen Tradition und der Umwelt.<\/p>\n<p class=\"p3\"><strong>Nachhaltig und authentisch<\/strong>: Olivenholz ist eine bewusste Wahl f\u00fcr alle, die Sch\u00f6nheit, praktische Handhabung, Natur und Handwerkskunst sch\u00e4tzen.<\/p>\n<h2 class=\"p1\">Eine originelle Idee f\u00fcr ein umweltfreundliches Gastgeschenk<b><\/b><\/h2>\n<p class=\"p3\">Sein nat\u00fcrlicher Stil und die handwerkliche Verarbeitung machen es zu einer besonderen Aufmerksamkeit f\u00fcr <em>Hochzeiten, Kommunionen oder andere festliche Anl\u00e4sse<\/em>.<\/p>\n<p>Auf Wunsch sind auch <strong>personalisierte Gravuren<\/strong> m\u00f6glich.<i><\/i><\/p>\n<h3 class=\"p1\">Wichtiger Hinweis<b><\/b><\/h3>\n<p class=\"p3\"><em>Handgefertigtes Produkt: Kleine Abweichungen oder leichte Unregelm\u00e4\u00dfigkeiten sind keine M\u00e4ngel, sondern Zeichen echter Handarbeit und Authentizit\u00e4t.<\/em><\/p>\n","protected":false},"excerpt":{"rendered":"<p>Vielseitiges Set, speziell f\u00fcr die Welt der Pasta entwickelt. Praktisch und handlich f\u00fcr die Zubereitung verschiedener Teige, zum Bestreuen mit Parmesan oder zum Formen von Gnocchi mit traditionellen Rillen. &nbsp; Lebensmittelecht und von Natur aus antibakteriell. &nbsp; Ein einfaches und zugleich n\u00fctzliches K\u00fcchenutensil: Aus echtem Olivenholz gefertigt, vereint es originelles Design mit hoher Funktionalit\u00e4t. Perfekt,&#8230;<\/p>\n","protected":false},"featured_media":7892,"template":"","meta":{"_acf_changed":false},"product_brand":[],"product_cat":[277,288],"product_tag":[],"class_list":{"0":"post-7891","1":"product","2":"type-product","3":"status-publish","4":"has-post-thumbnail","6":"product_cat-in-der-kueche","7":"product_cat-kuechengeraete","9":"first","10":"instock","11":"taxable","12":"shipping-taxable","13":"purchasable","14":"product-type-simple"},"acf":[],"_links":{"self":[{"href":"https:\/\/www.dolivo.shop\/de\/wp-json\/wp\/v2\/product\/7891","targetHints":{"allow":["GET"]}}],"collection":[{"href":"https:\/\/www.dolivo.shop\/de\/wp-json\/wp\/v2\/product"}],"about":[{"href":"https:\/\/www.dolivo.shop\/de\/wp-json\/wp\/v2\/types\/product"}],"wp:featuredmedia":[{"embeddable":true,"href":"https:\/\/www.dolivo.shop\/de\/wp-json\/wp\/v2\/media\/7892"}],"wp:attachment":[{"href":"https:\/\/www.dolivo.shop\/de\/wp-json\/wp\/v2\/media?parent=7891"}],"wp:term":[{"taxonomy":"product_brand","embeddable":true,"href":"https:\/\/www.dolivo.shop\/de\/wp-json\/wp\/v2\/product_brand?post=7891"},{"taxonomy":"product_cat","embeddable":true,"href":"https:\/\/www.dolivo.shop\/de\/wp-json\/wp\/v2\/product_cat?post=7891"},{"taxonomy":"product_tag","embeddable":true,"href":"https:\/\/www.dolivo.shop\/de\/wp-json\/wp\/v2\/product_tag?post=7891"}],"curies":[{"name":"wp","href":"https:\/\/api.w.org\/{rel}","templated":true}]}}