{"id":7897,"date":"2021-06-24T15:59:14","date_gmt":"2021-06-24T14:59:14","guid":{"rendered":"https:\/\/www.dolivo.shop\/prodotto\/crippa-set\/"},"modified":"2026-05-03T14:02:55","modified_gmt":"2026-05-03T13:02:55","slug":"crippa-set","status":"publish","type":"product","link":"https:\/\/www.dolivo.shop\/de\/produkt\/crippa-set\/","title":{"rendered":"Set \u201eAm Morgen\u201c aus Oliven Holz"},"content":{"rendered":"<p class=\"p3\">Vielseitiges Set, das den Fr\u00fchst\u00fccksmoment bereichert und versch\u00f6nert \u2013 sowohl f\u00fcr s\u00fc\u00dfe als auch f\u00fcr herzhafte Speisen.<\/p>\n<p>&nbsp;<\/p>\n<p class=\"p1\"><b>Lebensmittelecht.<\/b><b><\/b><\/p>\n<p>&nbsp;<\/p>\n<p class=\"p3\">Ein einfaches und zugleich n\u00fctzliches Accessoire: Aus echtem Olivenholz gefertigt, verbindet es <strong>originelles Design<\/strong> mit <strong>Funktionalit\u00e4t<\/strong>. Ideal, um der K\u00fcche eine warme und nat\u00fcrliche Note zu verleihen.<\/p>\n<p class=\"p3\">Die einzigartige Maserung und die warmen, beruhigenden Farbt\u00f6ne des <strong>Olivenholzes<\/strong> machen jedes Fr\u00fchst\u00fccks-Set zu einem <strong>Unikat<\/strong>. Ausschlie\u00dflich mit nat\u00fcrlichem \u00d6l behandelt \u2013 ohne Lacke oder chemische Zus\u00e4tze \u2013 in voller Achtung der handwerklichen Tradition und der Umwelt.<\/p>\n<p class=\"p3\"><strong>Nachhaltig und authentisch<\/strong>: Olivenholz ist die bewusste Wahl f\u00fcr alle, die Sch\u00f6nheit, Alltagstauglichkeit, Naturverbundenheit und Handwerkskunst sch\u00e4tzen.<\/p>\n<h2 class=\"p1\">Eine originelle Idee f\u00fcr ein umweltfreundliches Gastgeschenk<b><\/b><\/h2>\n<p class=\"p3\">Sein nat\u00fcrlicher Stil und die handwerkliche Verarbeitung machen es zu einer besonderen Aufmerksamkeit f\u00fcr Hochzeiten, Kommunionen oder andere festliche Anl\u00e4sse.<\/p>\n<p class=\"p3\">Auf Wunsch fertigen wir auch <strong>personalisierte Gravuren<\/strong> \u2013 sowohl im Holz als auch im Edelstahlteil.<i><\/i><\/p>\n<h3 class=\"p1\">Wichtiger Hinweis<b><\/b><\/h3>\n<p class=\"p3\"><em>Handgefertigtes Produkt: Kleine Unregelm\u00e4\u00dfigkeiten oder minimale Abweichungen sind keine Fehler, sondern Ausdruck der Echtheit und Originalit\u00e4t jedes einzelnen St\u00fccks.<\/em><\/p>\n","protected":false},"excerpt":{"rendered":"<p>Vielseitiges Set, das den Fr\u00fchst\u00fccksmoment bereichert und versch\u00f6nert \u2013 sowohl f\u00fcr s\u00fc\u00dfe als auch f\u00fcr herzhafte Speisen. &nbsp; Lebensmittelecht. &nbsp; Ein einfaches und zugleich n\u00fctzliches Accessoire: Aus echtem Olivenholz gefertigt, verbindet es originelles Design mit Funktionalit\u00e4t. Ideal, um der K\u00fcche eine warme und nat\u00fcrliche Note zu verleihen. Die einzigartige Maserung und die warmen, beruhigenden Farbt\u00f6ne&#8230;<\/p>\n","protected":false},"featured_media":7898,"template":"","meta":{"_acf_changed":false},"product_brand":[],"product_cat":[277,288],"product_tag":[],"class_list":{"0":"post-7897","1":"product","2":"type-product","3":"status-publish","4":"has-post-thumbnail","6":"product_cat-in-der-kueche","7":"product_cat-kuechengeraete","9":"first","10":"instock","11":"taxable","12":"shipping-taxable","13":"purchasable","14":"product-type-simple"},"acf":[],"_links":{"self":[{"href":"https:\/\/www.dolivo.shop\/de\/wp-json\/wp\/v2\/product\/7897","targetHints":{"allow":["GET"]}}],"collection":[{"href":"https:\/\/www.dolivo.shop\/de\/wp-json\/wp\/v2\/product"}],"about":[{"href":"https:\/\/www.dolivo.shop\/de\/wp-json\/wp\/v2\/types\/product"}],"wp:featuredmedia":[{"embeddable":true,"href":"https:\/\/www.dolivo.shop\/de\/wp-json\/wp\/v2\/media\/7898"}],"wp:attachment":[{"href":"https:\/\/www.dolivo.shop\/de\/wp-json\/wp\/v2\/media?parent=7897"}],"wp:term":[{"taxonomy":"product_brand","embeddable":true,"href":"https:\/\/www.dolivo.shop\/de\/wp-json\/wp\/v2\/product_brand?post=7897"},{"taxonomy":"product_cat","embeddable":true,"href":"https:\/\/www.dolivo.shop\/de\/wp-json\/wp\/v2\/product_cat?post=7897"},{"taxonomy":"product_tag","embeddable":true,"href":"https:\/\/www.dolivo.shop\/de\/wp-json\/wp\/v2\/product_tag?post=7897"}],"curies":[{"name":"wp","href":"https:\/\/api.w.org\/{rel}","templated":true}]}}