{"id":7901,"date":"2021-06-24T15:59:14","date_gmt":"2021-06-24T14:59:14","guid":{"rendered":"https:\/\/www.dolivo.shop\/prodotto\/4-kase-set\/"},"modified":"2026-05-03T13:52:47","modified_gmt":"2026-05-03T12:52:47","slug":"4-kase-set","status":"publish","type":"product","link":"https:\/\/www.dolivo.shop\/de\/produkt\/4-kase-set\/","title":{"rendered":"&#8222;4 K\u00e4se&#8220; Set aus Oliven Holz"},"content":{"rendered":"<h2 class=\"p3\">Eleganz und Tradition auf Ihrem Tisch<b><\/b><\/h2>\n<p class=\"p4\">Entdecken Sie die Kunst, K\u00e4se stilvoll zu servieren \u2013 mit unserem <span class=\"s2\"><b>Set<\/b><\/span>, gefertigt aus edlem <strong>Olivenholz<\/strong>. Ein einzigartiges Accessoire, das Funktionalit\u00e4t, Design und italienische Handwerks\u00adtradition vereint.<\/p>\n<p class=\"p4\">Das Set umfasst vier unverzichtbare Utensilien \u2013 Messer und Gabel \u2013 die speziell daf\u00fcr entworfen wurden, jede K\u00e4sesorte zu schneiden, zu servieren und zu genie\u00dfen: von weich und cremig bis hin zu gereift und fest. Die handgedrechselten Griffe aus Olivenholz bieten einen komfortablen und sicheren Halt, w\u00e4hrend die nat\u00fcrliche Maserung des Holzes jedes St\u00fcck zu einem unverwechselbaren <strong>Unikat<\/strong> macht.<\/p>\n<p class=\"p4\">Perfekt, um Aperitifs, Abendessen und besondere Momente zu bereichern.<\/p>\n<p><b>Nachhaltig &amp; umweltfreundlich <\/b>Olivenholz ist eine bewusste Wahl f\u00fcr alle, die Natur, Qualit\u00e4t und traditionelles Handwerk sch\u00e4tzen.<\/p>\n<p>&nbsp;<\/p>\n<p class=\"p4\"><span class=\"s2\"><b>Ma\u00dfe:<\/b><\/span> 8,5 \u00d7 16 cm<\/p>\n<h2>Eine originelle, umweltfreundliche Geschenkidee<\/h2>\n<p class=\"p4\">Sein nat\u00fcrlicher Stil und die handwerkliche Verarbeitung machen dieses Set zu einer idealen Aufmerksamkeit f\u00fcr <em>Hochzeiten, Kommunionen oder besondere Anl\u00e4sse<\/em>.<\/p>\n<p class=\"p4\">Auf Wunsch k\u00f6nnen wir <span class=\"s2\"><b>individuelle Gravuren<\/b><\/span> sowohl im Holz als auch im Stahl anfertigen.<\/p>\n<h3>Wichtiger Hinweis<\/h3>\n<p class=\"p4\"><em>Dieses Produkt wird in Handarbeit hergestellt: kleine Unregelm\u00e4\u00dfigkeiten oder leichte Abweichungen sind nicht als M\u00e4ngel zu verstehen, sondern als Ausdruck der Echtheit und handwerklichen Originalit\u00e4t.<\/em><\/p>\n","protected":false},"excerpt":{"rendered":"<p>Eleganz und Tradition auf Ihrem Tisch Entdecken Sie die Kunst, K\u00e4se stilvoll zu servieren \u2013 mit unserem Set, gefertigt aus edlem Olivenholz. Ein einzigartiges Accessoire, das Funktionalit\u00e4t, Design und italienische Handwerks\u00adtradition vereint. Das Set umfasst vier unverzichtbare Utensilien \u2013 Messer und Gabel \u2013 die speziell daf\u00fcr entworfen wurden, jede K\u00e4sesorte zu schneiden, zu servieren und&#8230;<\/p>\n","protected":false},"featured_media":7902,"template":"","meta":{"_acf_changed":false},"product_brand":[],"product_cat":[277,288],"product_tag":[],"class_list":{"0":"post-7901","1":"product","2":"type-product","3":"status-publish","4":"has-post-thumbnail","6":"product_cat-in-der-kueche","7":"product_cat-kuechengeraete","9":"first","10":"instock","11":"taxable","12":"shipping-taxable","13":"purchasable","14":"product-type-simple"},"acf":[],"_links":{"self":[{"href":"https:\/\/www.dolivo.shop\/de\/wp-json\/wp\/v2\/product\/7901","targetHints":{"allow":["GET"]}}],"collection":[{"href":"https:\/\/www.dolivo.shop\/de\/wp-json\/wp\/v2\/product"}],"about":[{"href":"https:\/\/www.dolivo.shop\/de\/wp-json\/wp\/v2\/types\/product"}],"wp:featuredmedia":[{"embeddable":true,"href":"https:\/\/www.dolivo.shop\/de\/wp-json\/wp\/v2\/media\/7902"}],"wp:attachment":[{"href":"https:\/\/www.dolivo.shop\/de\/wp-json\/wp\/v2\/media?parent=7901"}],"wp:term":[{"taxonomy":"product_brand","embeddable":true,"href":"https:\/\/www.dolivo.shop\/de\/wp-json\/wp\/v2\/product_brand?post=7901"},{"taxonomy":"product_cat","embeddable":true,"href":"https:\/\/www.dolivo.shop\/de\/wp-json\/wp\/v2\/product_cat?post=7901"},{"taxonomy":"product_tag","embeddable":true,"href":"https:\/\/www.dolivo.shop\/de\/wp-json\/wp\/v2\/product_tag?post=7901"}],"curies":[{"name":"wp","href":"https:\/\/api.w.org\/{rel}","templated":true}]}}