{"id":7907,"date":"2021-06-24T15:59:14","date_gmt":"2021-06-24T14:59:14","guid":{"rendered":"https:\/\/www.dolivo.shop\/prodotto\/fruhstucks-set\/"},"modified":"2026-05-03T14:11:24","modified_gmt":"2026-05-03T13:11:24","slug":"fruhstucks-set","status":"publish","type":"product","link":"https:\/\/www.dolivo.shop\/de\/produkt\/fruhstucks-set\/","title":{"rendered":"Fr\u00fchst\u00fccks Set aus Oliven Holz"},"content":{"rendered":"<p class=\"p3\">Ein vielseitiges Set, entworfen, um den Fr\u00fchst\u00fccksmoment zu bereichern und besonders angenehm zu gestalten \u2013 mit allem stets \u201e<strong>griffbereit<\/strong>\u201c.<\/p>\n<p>&nbsp;<\/p>\n<p class=\"p4\"><b>Lebensmittelecht und von Natur aus antibakteriell.<\/b><b><\/b><\/p>\n<p>&nbsp;<\/p>\n<p class=\"p3\">Ein schlichtes und zugleich praktisches Accessoire: Hergestellt aus echtem Olivenholz, vereint es <strong>einzigartiges Design<\/strong> mit hoher <strong>Funktionalit\u00e4t<\/strong>.<\/p>\n<p class=\"p3\">Perfekt, um Ihrer K\u00fcche eine warme und nat\u00fcrliche Note zu verleihen.<\/p>\n<p class=\"p3\">Die charakteristische Maserung und die warmen, beruhigenden Farbt\u00f6ne des <strong>Olivenholzes<\/strong> machen jedes Fr\u00fchst\u00fccks-Set zu einem echten <strong>Unikat<\/strong>. Ausschlie\u00dflich mit nat\u00fcrlichem \u00d6l behandelt \u2013 frei von Lacken und Chemikalien \u2013 im Einklang mit traditioneller Handwerkskunst und im Respekt gegen\u00fcber der Umwelt.<\/p>\n<p class=\"p3\"><strong>Nachhaltig und authentisch<\/strong>: Olivenholz ist eine bewusste Wahl f\u00fcr alle, die Sch\u00f6nheit, Alltagstauglichkeit, Natur und Handwerk gleicherma\u00dfen sch\u00e4tzen.<\/p>\n<h2>Eine originelle, umweltfreundliche Geschenkidee<\/h2>\n<p class=\"p3\">Sein nat\u00fcrlicher Stil und die handwerkliche Verarbeitung machen es zu einem besonderen Geschenk f\u00fcr <em>Hochzeiten, Kommunionen oder andere festliche Anl\u00e4sse<\/em>.<\/p>\n<p class=\"p3\">Auf Wunsch fertigen wir auch <span class=\"s2\"><b>personalisierte Gravuren<\/b><\/span> an.<\/p>\n<h3>Wichtiger Hinweis<\/h3>\n<p class=\"p3\"><em>Dieses Produkt ist handgefertigt: Kleine Unregelm\u00e4\u00dfigkeiten oder leichte Abweichungen sind keine M\u00e4ngel, sondern ein Zeichen f\u00fcr die Echtheit und den handwerklichen Charakter.<\/em><\/p>\n","protected":false},"excerpt":{"rendered":"<p>Ein vielseitiges Set, entworfen, um den Fr\u00fchst\u00fccksmoment zu bereichern und besonders angenehm zu gestalten \u2013 mit allem stets \u201egriffbereit\u201c. &nbsp; Lebensmittelecht und von Natur aus antibakteriell. &nbsp; Ein schlichtes und zugleich praktisches Accessoire: Hergestellt aus echtem Olivenholz, vereint es einzigartiges Design mit hoher Funktionalit\u00e4t. Perfekt, um Ihrer K\u00fcche eine warme und nat\u00fcrliche Note zu verleihen&#8230;.<\/p>\n","protected":false},"featured_media":7908,"template":"","meta":{"_acf_changed":false},"product_brand":[],"product_cat":[277,288],"product_tag":[],"class_list":{"0":"post-7907","1":"product","2":"type-product","3":"status-publish","4":"has-post-thumbnail","6":"product_cat-in-der-kueche","7":"product_cat-kuechengeraete","9":"first","10":"instock","11":"taxable","12":"shipping-taxable","13":"purchasable","14":"product-type-simple"},"acf":[],"_links":{"self":[{"href":"https:\/\/www.dolivo.shop\/de\/wp-json\/wp\/v2\/product\/7907","targetHints":{"allow":["GET"]}}],"collection":[{"href":"https:\/\/www.dolivo.shop\/de\/wp-json\/wp\/v2\/product"}],"about":[{"href":"https:\/\/www.dolivo.shop\/de\/wp-json\/wp\/v2\/types\/product"}],"wp:featuredmedia":[{"embeddable":true,"href":"https:\/\/www.dolivo.shop\/de\/wp-json\/wp\/v2\/media\/7908"}],"wp:attachment":[{"href":"https:\/\/www.dolivo.shop\/de\/wp-json\/wp\/v2\/media?parent=7907"}],"wp:term":[{"taxonomy":"product_brand","embeddable":true,"href":"https:\/\/www.dolivo.shop\/de\/wp-json\/wp\/v2\/product_brand?post=7907"},{"taxonomy":"product_cat","embeddable":true,"href":"https:\/\/www.dolivo.shop\/de\/wp-json\/wp\/v2\/product_cat?post=7907"},{"taxonomy":"product_tag","embeddable":true,"href":"https:\/\/www.dolivo.shop\/de\/wp-json\/wp\/v2\/product_tag?post=7907"}],"curies":[{"name":"wp","href":"https:\/\/api.w.org\/{rel}","templated":true}]}}