{"id":7914,"date":"2021-06-24T15:59:13","date_gmt":"2021-06-24T14:59:13","guid":{"rendered":"https:\/\/www.dolivo.shop\/prodotto\/zitruspresse\/"},"modified":"2026-05-03T14:20:11","modified_gmt":"2026-05-03T13:20:11","slug":"zitruspresse","status":"publish","type":"product","link":"https:\/\/www.dolivo.shop\/de\/produkt\/zitruspresse\/","title":{"rendered":"Zitruspresse aus Oliven Holz"},"content":{"rendered":"<p class=\"p3\">Mit einer halben Zitrone oder einer kleinen Orange lassen sich Fisch, Salate oder Fleisch direkt auf dem Teller verfeinern. Sie bildet keinen Schimmel und kann ganz einfach von Hand mit warmem Wasser und mildem Sp\u00fclmittel gereinigt werden.<\/p>\n<p class=\"p3\">In der Ausf\u00fchrung aus <strong>Olivenholz<\/strong> vereint die Zitruspresse <strong>praktische<\/strong> Funktionalit\u00e4t mit <strong>handwerklicher Sch\u00f6nheit<\/strong>. Das ergonomische, robuste und zugleich dekorative Design macht jedes St\u00fcck zu einem Unikat, w\u00e4hrend die konische Form ein besonders effizientes Auspressen erm\u00f6glicht.<\/p>\n<p class=\"p3\">Gedacht f\u00fcr alle, die Freude daran haben, Speisen mit den eigenen H\u00e4nden zuzubereiten. Perfekt, um der K\u00fcche eine warme, nat\u00fcrliche Note zu verleihen.<\/p>\n<p>&nbsp;<\/p>\n<p class=\"p1\"><b>Lebensmittelsicher und antibakteriell.<\/b><b><\/b><\/p>\n<p>&nbsp;<\/p>\n<p class=\"p3\"><strong>Olivenholz<\/strong>, mit seiner einzigartigen Maserung und den warmen, beruhigenden Farbt\u00f6nen, macht jede Zitruspresse zu einem <strong>Einzelst\u00fcck<\/strong>. Ausschlie\u00dflich mit nat\u00fcrlichem \u00d6l behandelt, ohne Lacke oder chemische Zus\u00e4tze \u2013 im vollen Respekt vor traditioneller Handwerkskunst und der Umwelt.<\/p>\n<p class=\"p3\"><strong>Nachhaltig und authentisch<\/strong> \u2013 Olivenholz ist die bewusste Wahl f\u00fcr alle, die Sch\u00f6nheit, Praktikabilit\u00e4t, Natur und Handarbeit sch\u00e4tzen.<\/p>\n<h2 class=\"p1\">Eine originelle Idee f\u00fcr ein umweltfreundliches Gastgeschenk<b><\/b><\/h2>\n<p class=\"p3\">Sein nat\u00fcrlicher Stil und die handwerkliche Verarbeitung machen es zu einem perfekten Geschenk f\u00fcr <em>Hochzeiten, Kommunionen oder besondere Anl\u00e4sse<\/em>.<\/p>\n<p>&nbsp;<\/p>\n<p class=\"p3\"><span class=\"s1\"><b>Ma\u00dfe:<\/b><\/span> 14 \u00d7 5 cm<\/p>\n<h3 class=\"p1\">Wichtiger Hinweis<b><\/b><\/h3>\n<p class=\"p3\"><em>Handgefertigtes Produkt: Kleine Unregelm\u00e4\u00dfigkeiten oder leichte Unterschiede sind nicht als M\u00e4ngel zu verstehen, sondern als Zeichen der Echtheit des Produkts.<\/em><\/p>\n","protected":false},"excerpt":{"rendered":"<p>Mit einer halben Zitrone oder einer kleinen Orange lassen sich Fisch, Salate oder Fleisch direkt auf dem Teller verfeinern. Sie bildet keinen Schimmel und kann ganz einfach von Hand mit warmem Wasser und mildem Sp\u00fclmittel gereinigt werden. In der Ausf\u00fchrung aus Olivenholz vereint die Zitruspresse praktische Funktionalit\u00e4t mit handwerklicher Sch\u00f6nheit. Das ergonomische, robuste und zugleich&#8230;<\/p>\n","protected":false},"featured_media":7915,"template":"","meta":{"_acf_changed":false},"product_brand":[],"product_cat":[277,288],"product_tag":[],"class_list":{"0":"post-7914","1":"product","2":"type-product","3":"status-publish","4":"has-post-thumbnail","6":"product_cat-in-der-kueche","7":"product_cat-kuechengeraete","9":"first","10":"instock","11":"taxable","12":"shipping-taxable","13":"purchasable","14":"product-type-simple"},"acf":[],"_links":{"self":[{"href":"https:\/\/www.dolivo.shop\/de\/wp-json\/wp\/v2\/product\/7914","targetHints":{"allow":["GET"]}}],"collection":[{"href":"https:\/\/www.dolivo.shop\/de\/wp-json\/wp\/v2\/product"}],"about":[{"href":"https:\/\/www.dolivo.shop\/de\/wp-json\/wp\/v2\/types\/product"}],"wp:featuredmedia":[{"embeddable":true,"href":"https:\/\/www.dolivo.shop\/de\/wp-json\/wp\/v2\/media\/7915"}],"wp:attachment":[{"href":"https:\/\/www.dolivo.shop\/de\/wp-json\/wp\/v2\/media?parent=7914"}],"wp:term":[{"taxonomy":"product_brand","embeddable":true,"href":"https:\/\/www.dolivo.shop\/de\/wp-json\/wp\/v2\/product_brand?post=7914"},{"taxonomy":"product_cat","embeddable":true,"href":"https:\/\/www.dolivo.shop\/de\/wp-json\/wp\/v2\/product_cat?post=7914"},{"taxonomy":"product_tag","embeddable":true,"href":"https:\/\/www.dolivo.shop\/de\/wp-json\/wp\/v2\/product_tag?post=7914"}],"curies":[{"name":"wp","href":"https:\/\/api.w.org\/{rel}","templated":true}]}}