{"id":7919,"date":"2021-06-24T15:59:13","date_gmt":"2021-06-24T14:59:13","guid":{"rendered":"https:\/\/www.dolivo.shop\/prodotto\/nussknacker-dimer\/"},"modified":"2026-03-13T17:06:48","modified_gmt":"2026-03-13T16:06:48","slug":"nussknacker-dimer","status":"publish","type":"product","link":"https:\/\/www.dolivo.shop\/de\/produkt\/nussknacker-dimer\/","title":{"rendered":"Nussknacker \u201eDimer\u201c aus Olivenholz"},"content":{"rendered":"<h2 class=\"p3\">Die Kraft des Olivenholzes in Ihrer K\u00fcche<b><\/b><\/h2>\n<p class=\"p1\">Dieser Nussknacker aus Olivenholz ist weit mehr als nur ein einfaches K\u00fcchenutensil: Er ist ein kleiner Alltagsgegenstand, der den authentischen Charme eines edlen und lebendigen Naturmaterials auf den Tisch bringt. Im Mittelpunkt steht dabei vor allem das <span class=\"s1\"><b>Olivenholz<\/b><\/span>, das nicht nur wegen seiner Sch\u00f6nheit, sondern auch wegen seiner au\u00dfergew\u00f6hnlichen Eigenschaften gesch\u00e4tzt wird.<\/p>\n<p class=\"p1\">Olivenholz ist ein <span class=\"s1\"><b>besonders dichtes, hartes und von Natur aus widerstandsf\u00e4higes Holz<\/b><\/span> \u2013 ideal f\u00fcr den t\u00e4glichen Gebrauch \u00fcber viele Jahre hinweg. Seine unregelm\u00e4\u00dfige, warme und ausdrucksstarke Maserung erz\u00e4hlt immer wieder eine andere Geschichte: Genau deshalb ist jeder Nussknacker ein <span class=\"s1\"><b>Unikat<\/b><\/span>, mit nat\u00fcrlichen Farbnuancen und Holzzeichnungen, die sich niemals exakt wiederholen lassen.<\/p>\n<p class=\"p1\">Die Wahl von Olivenholz verleiht diesem Produkt auch in \u00e4sthetischer Hinsicht einen besonderen Wert. Es ist kein anonymer K\u00fcchenhelfer, den man in einer Schublade verschwinden l\u00e4sst, sondern ein dekoratives Accessoire, das man gerne sichtbar in der K\u00fcche aufbewahrt \u2013 praktisch und zugleich charaktervoll. Seine Pr\u00e4senz erinnert an eine K\u00fcche voller einfacher Gesten, echter Materialien und Liebe zum Detail.<\/p>\n<p class=\"p1\">Ein weiterer Vorteil ist die M\u00f6glichkeit, den ausge\u00fcbten Druck pr\u00e4zise zu dosieren. Nach dem Knacken bleibt die Nuss zudem im Inneren des Nussknackers, sodass sich die Schalen nicht verstreuen. Auch geeignet zum Zerkleinern von <span class=\"s1\"><b>Knoblauch, Pinienkernen und allen Arten von N\u00fcssen<\/b><\/span>.<\/p>\n<p>&nbsp;<\/p>\n<p class=\"p3\"><b>F\u00fcr den Kontakt mit Lebensmitteln geeignet und antibakteriell.<\/b><b><\/b><\/p>\n<h2 class=\"p3\">Eine originelle Idee f\u00fcr eine umweltfreundliche Gastgeschenk-Alternative<b><\/b><\/h2>\n<p class=\"p1\">Sein nat\u00fcrlicher Stil und die handwerkliche Verarbeitung machen ihn zu einer perfekten Geschenkidee f\u00fcr <span class=\"s1\"><b>Hochzeiten, Kommunionen oder besondere Anl\u00e4sse<\/b><\/span>.<\/p>\n<p class=\"p1\">Auf Wunsch fertigen wir auch <span class=\"s1\"><b>personalisierte Gravuren<\/b><\/span> an.<\/p>\n<p>&nbsp;<\/p>\n<p class=\"p1\"><span class=\"s1\"><b>Ma\u00dfe:<\/b><\/span> 6 \u00d7 6 \u00d7 10 cm.<\/p>\n<h2 class=\"p3\">Wichtiger Hinweis<b><\/b><\/h2>\n<p class=\"p1\">Dieses Produkt wird in <span class=\"s1\"><b>Handarbeit<\/b><\/span> gefertigt. Kleine Unregelm\u00e4\u00dfigkeiten oder leichte Unterschiede sind daher nicht als M\u00e4ngel zu verstehen, sondern als Ausdruck der Echtheit und Nat\u00fcrlichkeit des Produkts.<\/p>\n","protected":false},"excerpt":{"rendered":"<p>Die Kraft des Olivenholzes in Ihrer K\u00fcche Dieser Nussknacker aus Olivenholz ist weit mehr als nur ein einfaches K\u00fcchenutensil: Er ist ein kleiner Alltagsgegenstand, der den authentischen Charme eines edlen und lebendigen Naturmaterials auf den Tisch bringt. Im Mittelpunkt steht dabei vor allem das Olivenholz, das nicht nur wegen seiner Sch\u00f6nheit, sondern auch wegen seiner&#8230;<\/p>\n","protected":false},"featured_media":7920,"template":"","meta":{"_acf_changed":false},"product_brand":[],"product_cat":[277,288],"product_tag":[],"class_list":{"0":"post-7919","1":"product","2":"type-product","3":"status-publish","4":"has-post-thumbnail","6":"product_cat-in-der-kueche","7":"product_cat-kuechengeraete","9":"first","10":"instock","11":"taxable","12":"shipping-taxable","13":"purchasable","14":"product-type-simple"},"acf":[],"_links":{"self":[{"href":"https:\/\/www.dolivo.shop\/de\/wp-json\/wp\/v2\/product\/7919","targetHints":{"allow":["GET"]}}],"collection":[{"href":"https:\/\/www.dolivo.shop\/de\/wp-json\/wp\/v2\/product"}],"about":[{"href":"https:\/\/www.dolivo.shop\/de\/wp-json\/wp\/v2\/types\/product"}],"wp:featuredmedia":[{"embeddable":true,"href":"https:\/\/www.dolivo.shop\/de\/wp-json\/wp\/v2\/media\/7920"}],"wp:attachment":[{"href":"https:\/\/www.dolivo.shop\/de\/wp-json\/wp\/v2\/media?parent=7919"}],"wp:term":[{"taxonomy":"product_brand","embeddable":true,"href":"https:\/\/www.dolivo.shop\/de\/wp-json\/wp\/v2\/product_brand?post=7919"},{"taxonomy":"product_cat","embeddable":true,"href":"https:\/\/www.dolivo.shop\/de\/wp-json\/wp\/v2\/product_cat?post=7919"},{"taxonomy":"product_tag","embeddable":true,"href":"https:\/\/www.dolivo.shop\/de\/wp-json\/wp\/v2\/product_tag?post=7919"}],"curies":[{"name":"wp","href":"https:\/\/api.w.org\/{rel}","templated":true}]}}