{"id":7929,"date":"2021-06-24T15:59:13","date_gmt":"2021-06-24T14:59:13","guid":{"rendered":"https:\/\/www.dolivo.shop\/prodotto\/nussknacker\/"},"modified":"2026-05-03T14:17:20","modified_gmt":"2026-05-03T13:17:20","slug":"nussknacker","status":"publish","type":"product","link":"https:\/\/www.dolivo.shop\/de\/produkt\/nussknacker\/","title":{"rendered":"Zangen Nussknacker aus Oliven Holz"},"content":{"rendered":"<h2>Tradition, St\u00e4rke und nat\u00fcrliche Sch\u00f6nheit f\u00fcr Ihre K\u00fcche<\/h2>\n<p>&nbsp;<\/p>\n<p class=\"p3\">Geeignet f\u00fcr alle Arten von N\u00fcssen.<\/p>\n<p>&nbsp;<\/p>\n<p class=\"p1\"><b>Lebensmittelecht und antibakteriell.<\/b><b><\/b><\/p>\n<p>&nbsp;<\/p>\n<p class=\"p3\">Ein einfaches und zugleich \u00e4u\u00dferst n\u00fctzliches K\u00fcchenutensil: gefertigt aus echtem Olivenholz vereint es <strong>originelles Design<\/strong> mit hoher Funktionalit\u00e4t. Perfekt, um der K\u00fcche eine warme und nat\u00fcrliche Note zu verleihen.<\/p>\n<p class=\"p3\">Das <strong>Olivenholz<\/strong>, mit seiner einzigartigen Maserung und den warmen, beruhigenden Farbt\u00f6nen, macht jeden Nussknacker zu einem <strong>Unikat<\/strong>. Ausschlie\u00dflich mit nat\u00fcrlichem \u00d6l behandelt \u2013 ganz ohne Lacke oder chemische Zus\u00e4tze \u2013 im vollen Respekt traditioneller Handwerkskunst und der Umwelt.<\/p>\n<p class=\"p3\"><strong>Nachhaltig und authentisch<\/strong>: Olivenholz ist eine bewusste Wahl f\u00fcr alle, die Sch\u00f6nheit, praktische Anwendbarkeit, Natur und Handarbeit sch\u00e4tzen.<\/p>\n<h2 class=\"p1\">Eine originelle Idee f\u00fcr ein umweltfreundliches Geschenk<b><\/b><\/h2>\n<p class=\"p3\">Sein nat\u00fcrlicher Stil und die handwerkliche Verarbeitung machen ihn zu einem perfekten Pr\u00e4sent f\u00fcr <em>Hochzeiten, Kommunionen oder andere besondere Anl\u00e4sse<\/em>.<\/p>\n<p class=\"p3\">Auf Wunsch sind <strong>individuelle Gravuren<\/strong> m\u00f6glich.<\/p>\n<p>&nbsp;<\/p>\n<p class=\"p3\"><span class=\"s1\"><b>Ma\u00dfe:<\/b><\/span> 26,5 \u00d7 4,5 \u00d7 5 cm<\/p>\n<h3 class=\"p1\">Wichtiger Hinweis<b><\/b><\/h3>\n<p class=\"p3\"><em>Handgefertigtes Produkt: Kleine Unregelm\u00e4\u00dfigkeiten oder leichte Abweichungen sind nicht als M\u00e4ngel zu verstehen, sondern als Zeichen der Echtheit und Einzigartigkeit.<\/em><\/p>\n","protected":false},"excerpt":{"rendered":"<p>Tradition, St\u00e4rke und nat\u00fcrliche Sch\u00f6nheit f\u00fcr Ihre K\u00fcche &nbsp; Geeignet f\u00fcr alle Arten von N\u00fcssen. &nbsp; Lebensmittelecht und antibakteriell. &nbsp; Ein einfaches und zugleich \u00e4u\u00dferst n\u00fctzliches K\u00fcchenutensil: gefertigt aus echtem Olivenholz vereint es originelles Design mit hoher Funktionalit\u00e4t. Perfekt, um der K\u00fcche eine warme und nat\u00fcrliche Note zu verleihen. Das Olivenholz, mit seiner einzigartigen Maserung&#8230;<\/p>\n","protected":false},"featured_media":7930,"template":"","meta":{"_acf_changed":false},"product_brand":[],"product_cat":[277,288],"product_tag":[],"class_list":{"0":"post-7929","1":"product","2":"type-product","3":"status-publish","4":"has-post-thumbnail","6":"product_cat-in-der-kueche","7":"product_cat-kuechengeraete","9":"first","10":"instock","11":"taxable","12":"shipping-taxable","13":"purchasable","14":"product-type-simple"},"acf":[],"_links":{"self":[{"href":"https:\/\/www.dolivo.shop\/de\/wp-json\/wp\/v2\/product\/7929","targetHints":{"allow":["GET"]}}],"collection":[{"href":"https:\/\/www.dolivo.shop\/de\/wp-json\/wp\/v2\/product"}],"about":[{"href":"https:\/\/www.dolivo.shop\/de\/wp-json\/wp\/v2\/types\/product"}],"wp:featuredmedia":[{"embeddable":true,"href":"https:\/\/www.dolivo.shop\/de\/wp-json\/wp\/v2\/media\/7930"}],"wp:attachment":[{"href":"https:\/\/www.dolivo.shop\/de\/wp-json\/wp\/v2\/media?parent=7929"}],"wp:term":[{"taxonomy":"product_brand","embeddable":true,"href":"https:\/\/www.dolivo.shop\/de\/wp-json\/wp\/v2\/product_brand?post=7929"},{"taxonomy":"product_cat","embeddable":true,"href":"https:\/\/www.dolivo.shop\/de\/wp-json\/wp\/v2\/product_cat?post=7929"},{"taxonomy":"product_tag","embeddable":true,"href":"https:\/\/www.dolivo.shop\/de\/wp-json\/wp\/v2\/product_tag?post=7929"}],"curies":[{"name":"wp","href":"https:\/\/api.w.org\/{rel}","templated":true}]}}