{"id":7943,"date":"2021-06-24T15:59:13","date_gmt":"2021-06-24T14:59:13","guid":{"rendered":"https:\/\/www.dolivo.shop\/prodotto\/vissani-set\/"},"modified":"2025-08-20T13:29:16","modified_gmt":"2025-08-20T12:29:16","slug":"vissani-set","status":"publish","type":"product","link":"https:\/\/www.dolivo.shop\/de\/produkt\/vissani-set\/","title":{"rendered":"Set \u201eHeute koche ich\u201c"},"content":{"rendered":"<p class=\"p3\">Gedacht zum W\u00fcrzen von Pizza, Fleisch, Fisch, Salaten oder Bruschetta \u2013 direkt auf dem Teller.<\/p>\n<p>&nbsp;<\/p>\n<p class=\"p1\"><b>Lebensmittelecht.<\/b><b><\/b><\/p>\n<p>&nbsp;<\/p>\n<p class=\"p3\">Ein schlichtes und zugleich n\u00fctzliches Utensil: gefertigt aus echtem Olivenholz, vereint es <strong>originelles Design<\/strong> mit <strong>Funktionalit\u00e4t<\/strong>. Ideal, um der K\u00fcche eine warme, nat\u00fcrliche Note zu verleihen.<\/p>\n<p class=\"p3\">Die einzigartigen Maserungen und warmen, beruhigenden Farbt\u00f6ne des <strong>Olivenholzes<\/strong> machen jedes Set zu einem <strong>Unikat<\/strong>. Ausschlie\u00dflich mit nat\u00fcrlichem \u00d6l behandelt \u2013 frei von Lacken und Chemikalien \u2013 im vollen Respekt der Handwerkstradition und der Umwelt.<\/p>\n<p class=\"p3\"><strong>Nachhaltig und authentisch<\/strong>: Olivenholz ist eine bewusste Wahl f\u00fcr alle, die Sch\u00f6nheit, Alltagstauglichkeit, Natur und Handwerkskunst sch\u00e4tzen.<\/p>\n<h3 class=\"p1\"><b>Eine originelle Idee f\u00fcr ein umweltfreundliches Gastgeschenk<\/b><b><\/b><\/h3>\n<p class=\"p3\">Sein nat\u00fcrlicher Stil und die handwerkliche Verarbeitung machen es zu einer besonderen Aufmerksamkeit f\u00fcr <em>Hochzeiten, Kommunionen oder andere festliche Anl\u00e4sse<\/em>.<\/p>\n<h4 class=\"p1\"><b>Wichtiger Hinweis<\/b><b><\/b><\/h4>\n<p class=\"p3\"><em>Handgefertigtes Produkt: Kleine Unregelm\u00e4\u00dfigkeiten oder leichte Abweichungen sind keine M\u00e4ngel, sondern Zeichen seiner Echtheit und Individualit\u00e4t.<\/em><\/p>\n","protected":false},"excerpt":{"rendered":"<p>Gedacht zum W\u00fcrzen von Pizza, Fleisch, Fisch, Salaten oder Bruschetta \u2013 direkt auf dem Teller. &nbsp; Lebensmittelecht. &nbsp; Ein schlichtes und zugleich n\u00fctzliches Utensil: gefertigt aus echtem Olivenholz, vereint es originelles Design mit Funktionalit\u00e4t. Ideal, um der K\u00fcche eine warme, nat\u00fcrliche Note zu verleihen. Die einzigartigen Maserungen und warmen, beruhigenden Farbt\u00f6ne des Olivenholzes machen jedes&#8230;<\/p>\n","protected":false},"featured_media":7944,"template":"","meta":{"_acf_changed":false},"product_brand":[],"product_cat":[277,288],"product_tag":[],"class_list":{"0":"post-7943","1":"product","2":"type-product","3":"status-publish","4":"has-post-thumbnail","6":"product_cat-in-der-kueche","7":"product_cat-kuechengeraete","9":"first","10":"instock","11":"taxable","12":"shipping-taxable","13":"purchasable","14":"product-type-simple"},"acf":[],"_links":{"self":[{"href":"https:\/\/www.dolivo.shop\/de\/wp-json\/wp\/v2\/product\/7943","targetHints":{"allow":["GET"]}}],"collection":[{"href":"https:\/\/www.dolivo.shop\/de\/wp-json\/wp\/v2\/product"}],"about":[{"href":"https:\/\/www.dolivo.shop\/de\/wp-json\/wp\/v2\/types\/product"}],"wp:featuredmedia":[{"embeddable":true,"href":"https:\/\/www.dolivo.shop\/de\/wp-json\/wp\/v2\/media\/7944"}],"wp:attachment":[{"href":"https:\/\/www.dolivo.shop\/de\/wp-json\/wp\/v2\/media?parent=7943"}],"wp:term":[{"taxonomy":"product_brand","embeddable":true,"href":"https:\/\/www.dolivo.shop\/de\/wp-json\/wp\/v2\/product_brand?post=7943"},{"taxonomy":"product_cat","embeddable":true,"href":"https:\/\/www.dolivo.shop\/de\/wp-json\/wp\/v2\/product_cat?post=7943"},{"taxonomy":"product_tag","embeddable":true,"href":"https:\/\/www.dolivo.shop\/de\/wp-json\/wp\/v2\/product_tag?post=7943"}],"curies":[{"name":"wp","href":"https:\/\/api.w.org\/{rel}","templated":true}]}}