{"id":7948,"date":"2021-06-24T15:59:11","date_gmt":"2021-06-24T14:59:11","guid":{"rendered":"https:\/\/www.dolivo.shop\/prodotto\/gewurzmuhle\/"},"modified":"2026-05-03T14:40:10","modified_gmt":"2026-05-03T13:40:10","slug":"gewurzmuhle","status":"publish","type":"product","link":"https:\/\/www.dolivo.shop\/de\/produkt\/gewurzmuhle\/","title":{"rendered":"Gew\u00fcrzm\u00fchle aus Oliven Holz"},"content":{"rendered":"<h2>Frische Aromen, bewahrt vom nat\u00fcrlichen Charme des Olivenholzes<\/h2>\n<p>&nbsp;<\/p>\n<p class=\"p1\">Die Gew\u00fcrzm\u00fchle ist ein praktisches und schnelles Werkzeug, um Pizza, Fleisch, Fisch, Salate oder Bruschetta zu w\u00fcrzen. Zum Nachf\u00fcllen des Gew\u00fcrzbeh\u00e4lters gen\u00fcgt es, den Deckel anzuheben. Sie bildet keinen Schimmel. Kann von Hand mit warmem Wasser und Sp\u00fclmittel gereinigt werden. Perfekt, um der K\u00fcche eine warme Note zu verleihen.<\/p>\n<p>&nbsp;<\/p>\n<p class=\"p3\"><b>F\u00fcr den Kontakt mit Lebensmitteln geeignet und antibakteriell.<\/b><b><\/b><\/p>\n<p>&nbsp;<\/p>\n<p class=\"p1\">Das <strong>Olivenholz<\/strong>, mit seinen nat\u00fcrlichen Maserungen und warmen, beruhigenden Farbt\u00f6nen, macht jede Gew\u00fcrzm\u00fchle zu einem <strong>einzigartigen St\u00fcck<\/strong>. Es wird ausschlie\u00dflich mit nat\u00fcrlichem \u00d6l behandelt, ganz ohne Lacke oder chemische Substanzen, im vollen Respekt vor traditionellem Handwerk und Umwelt.<\/p>\n<p class=\"p1\">Nachhaltig und authentisch \u2013 Olivenholz ist die bewusste Wahl f\u00fcr alle, die Sch\u00f6nheit, Benutzerfreundlichkeit, Natur und Handwerkskunst sch\u00e4tzen.<\/p>\n<h2 class=\"p3\">Originelle Idee f\u00fcr ein umweltfreundliches Gastgeschenk<b><\/b><\/h2>\n<p class=\"p1\">Sein nat\u00fcrlicher Stil und die handwerkliche Verarbeitung machen es zu einem perfekten Geschenk f\u00fcr <em>Hochzeiten, Kommunionen oder besondere Anl\u00e4sse<\/em>.<\/p>\n<p>&nbsp;<\/p>\n<p class=\"p1\"><span class=\"s2\"><b>Ma\u00dfe:<\/b><\/span> 7 \u00d7 10,5 cm<\/p>\n<h3 class=\"p3\">Wichtiger Hinweis<b><\/b><\/h3>\n<p class=\"p1\"><em>Handgefertigtes Produkt: Kleine Unregelm\u00e4\u00dfigkeiten oder leichte Unterschiede sind nicht als M\u00e4ngel zu verstehen, sondern als Zeichen der Echtheit des Produkts.<\/em><\/p>\n","protected":false},"excerpt":{"rendered":"<p>Frische Aromen, bewahrt vom nat\u00fcrlichen Charme des Olivenholzes &nbsp; Die Gew\u00fcrzm\u00fchle ist ein praktisches und schnelles Werkzeug, um Pizza, Fleisch, Fisch, Salate oder Bruschetta zu w\u00fcrzen. Zum Nachf\u00fcllen des Gew\u00fcrzbeh\u00e4lters gen\u00fcgt es, den Deckel anzuheben. Sie bildet keinen Schimmel. Kann von Hand mit warmem Wasser und Sp\u00fclmittel gereinigt werden. Perfekt, um der K\u00fcche eine warme&#8230;<\/p>\n","protected":false},"featured_media":7949,"template":"","meta":{"_acf_changed":false},"product_brand":[],"product_cat":[277,288],"product_tag":[],"class_list":{"0":"post-7948","1":"product","2":"type-product","3":"status-publish","4":"has-post-thumbnail","6":"product_cat-in-der-kueche","7":"product_cat-kuechengeraete","9":"first","10":"instock","11":"taxable","12":"shipping-taxable","13":"purchasable","14":"product-type-simple"},"acf":[],"_links":{"self":[{"href":"https:\/\/www.dolivo.shop\/de\/wp-json\/wp\/v2\/product\/7948","targetHints":{"allow":["GET"]}}],"collection":[{"href":"https:\/\/www.dolivo.shop\/de\/wp-json\/wp\/v2\/product"}],"about":[{"href":"https:\/\/www.dolivo.shop\/de\/wp-json\/wp\/v2\/types\/product"}],"wp:featuredmedia":[{"embeddable":true,"href":"https:\/\/www.dolivo.shop\/de\/wp-json\/wp\/v2\/media\/7949"}],"wp:attachment":[{"href":"https:\/\/www.dolivo.shop\/de\/wp-json\/wp\/v2\/media?parent=7948"}],"wp:term":[{"taxonomy":"product_brand","embeddable":true,"href":"https:\/\/www.dolivo.shop\/de\/wp-json\/wp\/v2\/product_brand?post=7948"},{"taxonomy":"product_cat","embeddable":true,"href":"https:\/\/www.dolivo.shop\/de\/wp-json\/wp\/v2\/product_cat?post=7948"},{"taxonomy":"product_tag","embeddable":true,"href":"https:\/\/www.dolivo.shop\/de\/wp-json\/wp\/v2\/product_tag?post=7948"}],"curies":[{"name":"wp","href":"https:\/\/api.w.org\/{rel}","templated":true}]}}