{"id":7952,"date":"2021-06-24T15:59:11","date_gmt":"2021-06-24T14:59:11","guid":{"rendered":"https:\/\/www.dolivo.shop\/prodotto\/gemusezerkleinerer-set\/"},"modified":"2026-05-03T14:29:59","modified_gmt":"2026-05-03T13:29:59","slug":"gemusezerkleinerer-set","status":"publish","type":"product","link":"https:\/\/www.dolivo.shop\/de\/produkt\/gemusezerkleinerer-set\/","title":{"rendered":"Gem\u00fcsezerkleinerer Set aus Oliven Holz und Stahl"},"content":{"rendered":"<h2>Das Wiegemesser, das Praktikabilit\u00e4t, Tradition und Olivenholz vereint<\/h2>\n<p>&nbsp;<\/p>\n<p class=\"p3\">Das <b>Gem\u00fcsezerkleinerer <\/b><strong>Set<\/strong> ist ein K\u00fcchenwerkzeug, das entwickelt wurde, <strong>um Gem\u00fcse und frische Kr\u00e4uter<\/strong> schnell und gleichm\u00e4\u00dfig zu schneiden, zu hacken oder zu zerkleinern.<\/p>\n<p class=\"p3\">Die doppelte Klinge aus <strong>Edelstahl<\/strong>, scharf und langlebig, spart erheblich Zeit bei der Zubereitung von Soffritto, Salaten, Saucen, Dressings und Gem\u00fcse aller Art. Der <strong>Griff aus Olivenholz<\/strong> unterstreicht \u00c4sthetik und Handhabungskomfort.<\/p>\n<p class=\"p3\">Der konkave Teller aus Olivenholz verhindert Schimmelbildung und nimmt keine Ger\u00fcche auf. Er ist das perfekte Zubeh\u00f6r, um Zutaten w\u00e4hrend des Schneidens sicher im Teller zu halten.<\/p>\n<p class=\"p3\">Das Set kann von Hand mit warmem Wasser und mildem Sp\u00fclmittel gereinigt werden. Ideal, um Ihrer K\u00fcche eine warme, nat\u00fcrliche Note zu verleihen.<\/p>\n<p class=\"p3\">Entwickelt f\u00fcr alle, die Freude daran haben, Speisen mit den eigenen H\u00e4nden zuzubereiten.<\/p>\n<p>&nbsp;<\/p>\n<p class=\"p1\"><b>Lebensmittelsicher und antibakteriell.<\/b><b><\/b><\/p>\n<p>&nbsp;<\/p>\n<p class=\"p3\"><strong>Olivenholz<\/strong>, mit seiner nat\u00fcrlichen Maserung und den warmen, beruhigenden Farbt\u00f6nen, macht jedes Set zu einem <strong>einzigartigen St\u00fcck<\/strong>. Es wird ausschlie\u00dflich mit nat\u00fcrlichem \u00d6l behandelt, ganz ohne Lacke oder chemische Substanzen, im vollen Respekt vor traditionellem Handwerk und Umwelt.<\/p>\n<p class=\"p3\"><strong>Nachhaltig und authentisch<\/strong> \u2013 Olivenholz ist die bewusste Wahl f\u00fcr alle, die Sch\u00f6nheit, Benutzerfreundlichkeit, Natur und Handwerkskunst sch\u00e4tzen.<\/p>\n<h2 class=\"p1\">Originelle Idee f\u00fcr ein umweltfreundliches Gastgeschenk<b><\/b><\/h2>\n<p class=\"p3\">Sein nat\u00fcrlicher Stil und die handwerkliche Verarbeitung machen es zu einem perfekten Geschenk f\u00fcr <em>Hochzeiten, Kommunionen oder besondere Anl\u00e4sse<\/em>.<\/p>\n<p class=\"p3\">Auf Wunsch sind <strong>individuelle Gravuren<\/strong> auf Metall oder Holz m\u00f6glich.<\/p>\n<p>&nbsp;<\/p>\n<p class=\"p3\"><span class=\"s1\"><b>Ma\u00dfe:<\/b><\/span> Teller 22 \u00d7 2 cm | Klinge 13 \u00d7 15 cm<\/p>\n<h3 class=\"p1\">Wichtiger Hinweis<b><\/b><\/h3>\n<p class=\"p3\"><em>Handgefertigtes Produkt: Kleine Unregelm\u00e4\u00dfigkeiten oder leichte Unterschiede sind nicht als M\u00e4ngel zu verstehen, sondern als Zeichen der Echtheit des Produkts.<\/em><\/p>\n","protected":false},"excerpt":{"rendered":"<p>Das Wiegemesser, das Praktikabilit\u00e4t, Tradition und Olivenholz vereint &nbsp; Das Gem\u00fcsezerkleinerer Set ist ein K\u00fcchenwerkzeug, das entwickelt wurde, um Gem\u00fcse und frische Kr\u00e4uter schnell und gleichm\u00e4\u00dfig zu schneiden, zu hacken oder zu zerkleinern. Die doppelte Klinge aus Edelstahl, scharf und langlebig, spart erheblich Zeit bei der Zubereitung von Soffritto, Salaten, Saucen, Dressings und Gem\u00fcse aller&#8230;<\/p>\n","protected":false},"featured_media":7953,"template":"","meta":{"_acf_changed":false},"product_brand":[],"product_cat":[277,288],"product_tag":[],"class_list":{"0":"post-7952","1":"product","2":"type-product","3":"status-publish","4":"has-post-thumbnail","6":"product_cat-in-der-kueche","7":"product_cat-kuechengeraete","9":"first","10":"instock","11":"taxable","12":"shipping-taxable","13":"purchasable","14":"product-type-simple"},"acf":[],"_links":{"self":[{"href":"https:\/\/www.dolivo.shop\/de\/wp-json\/wp\/v2\/product\/7952","targetHints":{"allow":["GET"]}}],"collection":[{"href":"https:\/\/www.dolivo.shop\/de\/wp-json\/wp\/v2\/product"}],"about":[{"href":"https:\/\/www.dolivo.shop\/de\/wp-json\/wp\/v2\/types\/product"}],"wp:featuredmedia":[{"embeddable":true,"href":"https:\/\/www.dolivo.shop\/de\/wp-json\/wp\/v2\/media\/7953"}],"wp:attachment":[{"href":"https:\/\/www.dolivo.shop\/de\/wp-json\/wp\/v2\/media?parent=7952"}],"wp:term":[{"taxonomy":"product_brand","embeddable":true,"href":"https:\/\/www.dolivo.shop\/de\/wp-json\/wp\/v2\/product_brand?post=7952"},{"taxonomy":"product_cat","embeddable":true,"href":"https:\/\/www.dolivo.shop\/de\/wp-json\/wp\/v2\/product_cat?post=7952"},{"taxonomy":"product_tag","embeddable":true,"href":"https:\/\/www.dolivo.shop\/de\/wp-json\/wp\/v2\/product_tag?post=7952"}],"curies":[{"name":"wp","href":"https:\/\/api.w.org\/{rel}","templated":true}]}}