{"id":7958,"date":"2021-06-24T15:59:11","date_gmt":"2021-06-24T14:59:11","guid":{"rendered":"https:\/\/www.dolivo.shop\/prodotto\/morser-hundert-anwendungen\/"},"modified":"2025-08-17T20:11:33","modified_gmt":"2025-08-17T19:11:33","slug":"morser-hundert-anwendungen","status":"publish","type":"product","link":"https:\/\/www.dolivo.shop\/de\/produkt\/morser-hundert-anwendungen\/","title":{"rendered":"Allzweck M\u00f6rser"},"content":{"rendered":"<p class=\"p3\">Der <strong>M\u00f6rser<\/strong> ist ein traditionelles K\u00fcchenwerkzeug, das zum <strong>Zersto\u00dfen, Zerkleinern<\/strong> und <strong>Vermischen<\/strong> von festen Zutaten wie Gew\u00fcrzen, frischen Kr\u00e4utern, Knoblauch, N\u00fcssen oder Salz verwendet wird. Er besteht aus einer <strong>robusten Schale<\/strong> (dem eigentlichen M\u00f6rser) und einem <strong>St\u00f6\u00dfel<\/strong>, mit dem die Zutaten durch kreisende oder dr\u00fcckende Bewegungen zerkleinert und vermischt werden.<\/p>\n<p class=\"p3\">Er eignet sich auch hervorragend zur Herstellung von <strong>Pestos, Saucen, Dressings und aromatischen<\/strong> Mischungen auf nat\u00fcrliche Weise, um Aromen und Geschm\u00e4cker optimal zu entfalten.<\/p>\n<p class=\"p3\">Wenn er aus <strong>Olivenholz<\/strong> gefertigt ist, verbindet er <strong>Funktionalit\u00e4t<\/strong> mit dem warmen, einzigartigen Charme des Holzes und wird zugleich zu einem <strong>dekorativen<\/strong> <strong>Element<\/strong> in der K\u00fcche \u2013 ideal f\u00fcr alle, die Freude daran haben, Speisen mit den eigenen H\u00e4nden zuzubereiten.<\/p>\n<p class=\"p3\">Er nimmt keine Ger\u00fcche auf und bildet keinen Schimmel. Handw\u00e4sche mit warmem Wasser und mildem Sp\u00fclmittel empfohlen.<\/p>\n<p>&nbsp;<\/p>\n<p class=\"p1\"><b>Lebensmittelsicher und antibakteriell.<\/b><b><\/b><\/p>\n<p>&nbsp;<\/p>\n<p class=\"p3\">Ein einfaches, zugleich praktisches Objekt: Aus echtem Olivenholz gefertigt, vereint es <strong>originelles Design<\/strong> mit hoher <strong>Funktionalit\u00e4t<\/strong>. Perfekt, um K\u00fcche oder Wohnbereich eine warme, nat\u00fcrliche Note zu verleihen.<\/p>\n<p class=\"p3\"><strong>Olivenholz<\/strong>, mit seiner nat\u00fcrlichen Maserung und den warmen, beruhigenden Farbt\u00f6nen, macht jeden M\u00f6rser zu einem <strong>einzigartigen St\u00fcck<\/strong>. Es wird ausschlie\u00dflich mit nat\u00fcrlichem \u00d6l behandelt, ohne Lacke oder chemische Substanzen, im vollen Respekt vor traditionellem Handwerk und der Umwelt.<\/p>\n<p class=\"p3\"><strong>Nachhaltig und authentisch<\/strong> \u2013 Olivenholz ist die bewusste Wahl f\u00fcr alle, die Sch\u00f6nheit, Benutzerfreundlichkeit, Natur und Handwerkskunst sch\u00e4tzen.<\/p>\n<h3 class=\"p1\"><b>Originelle Idee f\u00fcr ein umweltfreundliches Gastgeschenk<\/b><b><\/b><\/h3>\n<p class=\"p3\">Sein nat\u00fcrlicher Stil und die handwerkliche Verarbeitung machen ihn zu einem perfekten Geschenk f\u00fcr <em>Hochzeiten, Kommunionen oder besondere Anl\u00e4sse<\/em>.<\/p>\n<p class=\"p3\">Auf Wunsch sind <strong>individuelle Gravuren<\/strong> m\u00f6glich.<\/p>\n<h4 class=\"p1\"><b>Wichtiger Hinweis<\/b><b><\/b><\/h4>\n<p class=\"p3\"><em>Handgefertigtes Produkt: Kleine Unregelm\u00e4\u00dfigkeiten oder leichte Unterschiede sind nicht als M\u00e4ngel zu verstehen, sondern als Zeichen der Echtheit des Produkts.<\/em><\/p>\n","protected":false},"excerpt":{"rendered":"<p>Der M\u00f6rser ist ein traditionelles K\u00fcchenwerkzeug, das zum Zersto\u00dfen, Zerkleinern und Vermischen von festen Zutaten wie Gew\u00fcrzen, frischen Kr\u00e4utern, Knoblauch, N\u00fcssen oder Salz verwendet wird. Er besteht aus einer robusten Schale (dem eigentlichen M\u00f6rser) und einem St\u00f6\u00dfel, mit dem die Zutaten durch kreisende oder dr\u00fcckende Bewegungen zerkleinert und vermischt werden. Er eignet sich auch hervorragend&#8230;<\/p>\n","protected":false},"featured_media":7959,"template":"","meta":{"_acf_changed":false},"product_brand":[],"product_cat":[277,288],"product_tag":[],"class_list":{"0":"post-7958","1":"product","2":"type-product","3":"status-publish","4":"has-post-thumbnail","6":"product_cat-in-der-kueche","7":"product_cat-kuechengeraete","9":"first","10":"instock","11":"sale","12":"taxable","13":"shipping-taxable","14":"purchasable","15":"product-type-variable"},"acf":[],"_links":{"self":[{"href":"https:\/\/www.dolivo.shop\/de\/wp-json\/wp\/v2\/product\/7958","targetHints":{"allow":["GET"]}}],"collection":[{"href":"https:\/\/www.dolivo.shop\/de\/wp-json\/wp\/v2\/product"}],"about":[{"href":"https:\/\/www.dolivo.shop\/de\/wp-json\/wp\/v2\/types\/product"}],"wp:featuredmedia":[{"embeddable":true,"href":"https:\/\/www.dolivo.shop\/de\/wp-json\/wp\/v2\/media\/7959"}],"wp:attachment":[{"href":"https:\/\/www.dolivo.shop\/de\/wp-json\/wp\/v2\/media?parent=7958"}],"wp:term":[{"taxonomy":"product_brand","embeddable":true,"href":"https:\/\/www.dolivo.shop\/de\/wp-json\/wp\/v2\/product_brand?post=7958"},{"taxonomy":"product_cat","embeddable":true,"href":"https:\/\/www.dolivo.shop\/de\/wp-json\/wp\/v2\/product_cat?post=7958"},{"taxonomy":"product_tag","embeddable":true,"href":"https:\/\/www.dolivo.shop\/de\/wp-json\/wp\/v2\/product_tag?post=7958"}],"curies":[{"name":"wp","href":"https:\/\/api.w.org\/{rel}","templated":true}]}}