{"id":7978,"date":"2021-06-24T15:58:55","date_gmt":"2021-06-24T14:58:55","guid":{"rendered":"https:\/\/www.dolivo.shop\/prodotto\/flache\/"},"modified":"2026-03-16T13:29:11","modified_gmt":"2026-03-16T12:29:11","slug":"flache","status":"publish","type":"product","link":"https:\/\/www.dolivo.shop\/de\/produkt\/flache\/","title":{"rendered":"Flache Reibe aus Oliven Holz"},"content":{"rendered":"<p class=\"p3\">Praktisch und schnell in der Anwendung. Ideal zum Reiben von Knoblauch, Muskatnuss und Tr\u00fcffel. Leicht von Hand mit warmem Wasser und Sp\u00fclmittel zu reinigen. Der Metallteil besteht aus <strong>Edelstahl<\/strong>. Ein funktionales K\u00fcchenutensil, das zugleich W\u00e4rme und Charakter in die K\u00fcche bringt.<\/p>\n<p class=\"p3\">Gedacht f\u00fcr alle, die Freude daran haben, Speisen mit den eigenen H\u00e4nden zuzubereiten.<\/p>\n<p>&nbsp;<\/p>\n<p class=\"p1\"><b>Lebensmittelecht und nat\u00fcrlich antibakteriell.<\/b><b><\/b><\/p>\n<p>&nbsp;<\/p>\n<p class=\"p3\">Das <strong>Olivenholz<\/strong> mit seiner einzigartigen Maserung und den warmen, beruhigenden Farbt\u00f6nen macht jede Reibe zu einem echten <strong>Unikat<\/strong>. Ausschlie\u00dflich mit nat\u00fcrlichem \u00d6l behandelt \u2013 frei von Lacken und Chemikalien \u2013 im Einklang mit traditioneller Handwerkskunst und Umwelt.<\/p>\n<p class=\"p3\"><strong>Nachhaltig und authentisch<\/strong>: Olivenholz ist eine bewusste Wahl f\u00fcr alle, die Sch\u00f6nheit, praktische Anwendung, Natur und Handarbeit sch\u00e4tzen.<\/p>\n<h3 class=\"p1\"><b>Eine originelle, umweltfreundliche Geschenkidee<\/b><b><\/b><\/h3>\n<p class=\"p3\">Ihr nat\u00fcrlicher Stil und die handwerkliche Verarbeitung machen sie zu einem perfekten Pr\u00e4sent f\u00fcr <em>Hochzeiten, Kommunionen oder besondere Anl\u00e4sse<\/em>.<\/p>\n<p class=\"p3\">Auf Wunsch k\u00f6nnen wir <strong>individuelle Gravuren<\/strong> anfertigen.<\/p>\n<h4 class=\"p1\"><b>Wichtiger Hinweis<\/b><b><\/b><\/h4>\n<p class=\"p3\"><em>Handgefertigtes Produkt: Kleine Unregelm\u00e4\u00dfigkeiten oder leichte Abweichungen sind nicht als M\u00e4ngel zu verstehen, sondern als Zeichen der Echtheit des Produkts.<\/em><\/p>\n","protected":false},"excerpt":{"rendered":"<p>Praktisch und schnell in der Anwendung. Ideal zum Reiben von Knoblauch, Muskatnuss und Tr\u00fcffel. Leicht von Hand mit warmem Wasser und Sp\u00fclmittel zu reinigen. Der Metallteil besteht aus Edelstahl. Ein funktionales K\u00fcchenutensil, das zugleich W\u00e4rme und Charakter in die K\u00fcche bringt. Gedacht f\u00fcr alle, die Freude daran haben, Speisen mit den eigenen H\u00e4nden zuzubereiten. &nbsp;&#8230;<\/p>\n","protected":false},"featured_media":8106,"template":"","meta":{"_acf_changed":false},"product_brand":[],"product_cat":[277,288],"product_tag":[],"class_list":{"0":"post-7978","1":"product","2":"type-product","3":"status-publish","4":"has-post-thumbnail","6":"product_cat-in-der-kueche","7":"product_cat-kuechengeraete","9":"first","10":"instock","11":"taxable","12":"shipping-taxable","13":"purchasable","14":"product-type-variable"},"acf":[],"_links":{"self":[{"href":"https:\/\/www.dolivo.shop\/de\/wp-json\/wp\/v2\/product\/7978","targetHints":{"allow":["GET"]}}],"collection":[{"href":"https:\/\/www.dolivo.shop\/de\/wp-json\/wp\/v2\/product"}],"about":[{"href":"https:\/\/www.dolivo.shop\/de\/wp-json\/wp\/v2\/types\/product"}],"wp:featuredmedia":[{"embeddable":true,"href":"https:\/\/www.dolivo.shop\/de\/wp-json\/wp\/v2\/media\/8106"}],"wp:attachment":[{"href":"https:\/\/www.dolivo.shop\/de\/wp-json\/wp\/v2\/media?parent=7978"}],"wp:term":[{"taxonomy":"product_brand","embeddable":true,"href":"https:\/\/www.dolivo.shop\/de\/wp-json\/wp\/v2\/product_brand?post=7978"},{"taxonomy":"product_cat","embeddable":true,"href":"https:\/\/www.dolivo.shop\/de\/wp-json\/wp\/v2\/product_cat?post=7978"},{"taxonomy":"product_tag","embeddable":true,"href":"https:\/\/www.dolivo.shop\/de\/wp-json\/wp\/v2\/product_tag?post=7978"}],"curies":[{"name":"wp","href":"https:\/\/api.w.org\/{rel}","templated":true}]}}