{"id":7990,"date":"2021-06-24T15:58:55","date_gmt":"2021-06-24T14:58:55","guid":{"rendered":"https:\/\/www.dolivo.shop\/prodotto\/pfeffermuhle\/"},"modified":"2025-08-17T15:34:53","modified_gmt":"2025-08-17T14:34:53","slug":"pfeffermuhle","status":"publish","type":"product","link":"https:\/\/www.dolivo.shop\/de\/produkt\/pfeffermuhle\/","title":{"rendered":"Pfefferm\u00fchle"},"content":{"rendered":"<p class=\"p3\">Die <strong>Pfefferm\u00fchle<\/strong> ist ein unverzichtbares K\u00fcchenutensil, das Pfefferk\u00f6rner frisch mahlt und so ihr volles, <strong>intensives Aroma<\/strong> entfaltet. Das Mahlwerk ist in der Feinheit verstellbar und wird \u00fcber den schwarzen Drehknopf manuell bedient.<\/p>\n<p class=\"p3\">Das rostfreie <strong>Edelstahl mahlwerk<\/strong> geh\u00f6rt zu den hochwertigsten auf dem Markt und garantiert auch nach vielen Jahren eine gleichbleibend hohe Mahlqualit\u00e4t. Der Korpus aus Olivenholz verhindert die Bildung von Schimmel. Zur Reinigung gen\u00fcgt warmes Wasser mit etwas mildem Sp\u00fclmittel. Zum Nachf\u00fcllen der Pfefferk\u00f6rner wird einfach der Deckel angehoben. Ein funktionales Werkzeug, das zugleich W\u00e4rme und Nat\u00fcrlichkeit in die K\u00fcche bringt.<\/p>\n<p>&nbsp;<\/p>\n<p class=\"p1\"><b>Lebensmittelecht und antibakteriell.<\/b><b><\/b><\/p>\n<p>&nbsp;<\/p>\n<p class=\"p3\">Das <strong>Olivenholz<\/strong>, mit seinen charakteristischen Maserungen und den warmen, beruhigenden Farbt\u00f6nen, macht jede Pfefferm\u00fchle zu einem echten <strong>Unikat<\/strong>. Ausschlie\u00dflich mit nat\u00fcrlichem \u00d6l behandelt, frei von Lacken und chemischen Zus\u00e4tzen \u2013 ganz im Sinne traditioneller Handwerkskunst und im Einklang mit der Natur.<\/p>\n<p class=\"p3\"><strong>Nachhaltig und authentisch<\/strong>: Olivenholz ist die bewusste Wahl f\u00fcr alle, die Sch\u00f6nheit, Funktionalit\u00e4t, Natur und Handarbeit zu sch\u00e4tzen wissen.<\/p>\n<h3 class=\"p1\"><b>Eine originelle, umweltfreundliche Geschenkidee<\/b><b><\/b><\/h3>\n<p class=\"p3\">Sein nat\u00fcrlicher Stil und die handwerkliche Verarbeitung machen es zu einem besonderen Pr\u00e4sent f\u00fcr <em>Hochzeiten, Kommunionen oder andere festliche Anl\u00e4sse<\/em>.<\/p>\n<h4 class=\"p1\"><b>Wichtiger Hinweis<\/b><b><\/b><\/h4>\n<p class=\"p3\"><em>Handgefertigtes Produkt: Kleine Unregelm\u00e4\u00dfigkeiten oder leichte Abweichungen sind nicht als M\u00e4ngel zu verstehen, sondern als Ausdruck der Echtheit und Einzigartigkeit des St\u00fccks.<\/em><\/p>\n","protected":false},"excerpt":{"rendered":"<p>Die Pfefferm\u00fchle ist ein unverzichtbares K\u00fcchenutensil, das Pfefferk\u00f6rner frisch mahlt und so ihr volles, intensives Aroma entfaltet. Das Mahlwerk ist in der Feinheit verstellbar und wird \u00fcber den schwarzen Drehknopf manuell bedient. Das rostfreie Edelstahl mahlwerk geh\u00f6rt zu den hochwertigsten auf dem Markt und garantiert auch nach vielen Jahren eine gleichbleibend hohe Mahlqualit\u00e4t. Der Korpus&#8230;<\/p>\n","protected":false},"featured_media":8125,"template":"","meta":{"_acf_changed":false},"product_brand":[],"product_cat":[277,288],"product_tag":[],"class_list":{"0":"post-7990","1":"product","2":"type-product","3":"status-publish","4":"has-post-thumbnail","6":"product_cat-in-der-kueche","7":"product_cat-kuechengeraete","9":"first","10":"instock","11":"taxable","12":"shipping-taxable","13":"purchasable","14":"product-type-variable"},"acf":[],"_links":{"self":[{"href":"https:\/\/www.dolivo.shop\/de\/wp-json\/wp\/v2\/product\/7990","targetHints":{"allow":["GET"]}}],"collection":[{"href":"https:\/\/www.dolivo.shop\/de\/wp-json\/wp\/v2\/product"}],"about":[{"href":"https:\/\/www.dolivo.shop\/de\/wp-json\/wp\/v2\/types\/product"}],"wp:featuredmedia":[{"embeddable":true,"href":"https:\/\/www.dolivo.shop\/de\/wp-json\/wp\/v2\/media\/8125"}],"wp:attachment":[{"href":"https:\/\/www.dolivo.shop\/de\/wp-json\/wp\/v2\/media?parent=7990"}],"wp:term":[{"taxonomy":"product_brand","embeddable":true,"href":"https:\/\/www.dolivo.shop\/de\/wp-json\/wp\/v2\/product_brand?post=7990"},{"taxonomy":"product_cat","embeddable":true,"href":"https:\/\/www.dolivo.shop\/de\/wp-json\/wp\/v2\/product_cat?post=7990"},{"taxonomy":"product_tag","embeddable":true,"href":"https:\/\/www.dolivo.shop\/de\/wp-json\/wp\/v2\/product_tag?post=7990"}],"curies":[{"name":"wp","href":"https:\/\/api.w.org\/{rel}","templated":true}]}}