{"id":8001,"date":"2021-06-24T15:58:54","date_gmt":"2021-06-24T14:58:54","guid":{"rendered":"https:\/\/www.dolivo.shop\/prodotto\/schneidbrett-mit-reibe\/"},"modified":"2026-05-03T14:46:05","modified_gmt":"2026-05-03T13:46:05","slug":"schneidbrett-mit-reibe","status":"publish","type":"product","link":"https:\/\/www.dolivo.shop\/de\/produkt\/schneidbrett-mit-reibe\/","title":{"rendered":"Reibe Brett aus Oliven Holz und Stahl"},"content":{"rendered":"<h2>Stilvoll reiben, mit der W\u00e4rme des Olivenholzes servieren<\/h2>\n<p>&nbsp;<\/p>\n<p class=\"p3\">Schnell und einfach zu benutzen. Ideal zum Reiben von Knoblauch, Parmesan, Muskatnuss oder Tr\u00fcffel \u2013 auch direkt \u00fcber dem Teller. Schimmelt nicht. Von Hand mit warmem Wasser und mildem Sp\u00fclmittel zu reinigen. Der Metallteil besteht aus rostfreiem <strong>Edelstahl<\/strong>. Praktisch und zugleich ein stilvolles Accessoire, das der K\u00fcche W\u00e4rme verleiht.<\/p>\n<p class=\"p3\">Die R\u00fcckseite des Olivenholz-Bretts kann perfekt als kleines Schneidebrett f\u00fcr Gem\u00fcse, Knoblauch oder Parmesanst\u00fccke verwendet werden, die anschlie\u00dfend gerieben werden.<\/p>\n<p>&nbsp;<\/p>\n<p class=\"p1\"><b>Lebensmittelecht und nat\u00fcrlich antibakteriell.<\/b><b><\/b><\/p>\n<p>&nbsp;<\/p>\n<p class=\"p3\">Das <strong>Olivenholz<\/strong> mit seiner einzigartigen Maserung und seinen warmen, beruhigenden Farbt\u00f6nen macht jede Reibe zu einem <strong>Unikat<\/strong>. Ausschlie\u00dflich mit nat\u00fcrlichem \u00d6l behandelt \u2013 ohne Lacke oder Chemikalien \u2013 ganz im Einklang mit handwerklicher Tradition und Umwelt.<\/p>\n<p class=\"p3\"><strong>Nachhaltig und authentisch<\/strong> \u2013 Olivenholz ist eine bewusste Wahl f\u00fcr alle, die Sch\u00f6nheit, Funktionalit\u00e4t, Natur und Handwerkskunst sch\u00e4tzen.<\/p>\n<h2 class=\"p1\">Eine originelle, umweltfreundliche Geschenkidee<b><\/b><\/h2>\n<p class=\"p3\">Der nat\u00fcrliche Stil und die handwerkliche Verarbeitung machen sie zu einem perfekten Geschenk f\u00fcr <em>Hochzeiten, Kommunionen oder besondere Anl\u00e4sse<\/em>.<\/p>\n<p class=\"p3\">Auf Wunsch fertigen wir <strong>individuelle Gravuren<\/strong> an.<\/p>\n<p>&nbsp;<\/p>\n<p class=\"p3\"><span class=\"s1\"><b>Ma\u00dfe:<\/b><\/span> 10 \u00d7 28 cm.<\/p>\n<h3 class=\"p1\">Wichtiger Hinweis<b><\/b><\/h3>\n<p class=\"p3\"><em>Dieses Produkt ist handgefertigt: Kleine Unregelm\u00e4\u00dfigkeiten oder leichte Abweichungen sind keine M\u00e4ngel, sondern Zeichen der Echtheit und Einzigartigkeit.<\/em><\/p>\n","protected":false},"excerpt":{"rendered":"<p>Stilvoll reiben, mit der W\u00e4rme des Olivenholzes servieren &nbsp; Schnell und einfach zu benutzen. Ideal zum Reiben von Knoblauch, Parmesan, Muskatnuss oder Tr\u00fcffel \u2013 auch direkt \u00fcber dem Teller. Schimmelt nicht. Von Hand mit warmem Wasser und mildem Sp\u00fclmittel zu reinigen. Der Metallteil besteht aus rostfreiem Edelstahl. Praktisch und zugleich ein stilvolles Accessoire, das der&#8230;<\/p>\n","protected":false},"featured_media":8002,"template":"","meta":{"_acf_changed":false},"product_brand":[],"product_cat":[277,288],"product_tag":[],"class_list":{"0":"post-8001","1":"product","2":"type-product","3":"status-publish","4":"has-post-thumbnail","6":"product_cat-in-der-kueche","7":"product_cat-kuechengeraete","9":"first","10":"instock","11":"taxable","12":"shipping-taxable","13":"purchasable","14":"product-type-simple"},"acf":[],"_links":{"self":[{"href":"https:\/\/www.dolivo.shop\/de\/wp-json\/wp\/v2\/product\/8001","targetHints":{"allow":["GET"]}}],"collection":[{"href":"https:\/\/www.dolivo.shop\/de\/wp-json\/wp\/v2\/product"}],"about":[{"href":"https:\/\/www.dolivo.shop\/de\/wp-json\/wp\/v2\/types\/product"}],"wp:featuredmedia":[{"embeddable":true,"href":"https:\/\/www.dolivo.shop\/de\/wp-json\/wp\/v2\/media\/8002"}],"wp:attachment":[{"href":"https:\/\/www.dolivo.shop\/de\/wp-json\/wp\/v2\/media?parent=8001"}],"wp:term":[{"taxonomy":"product_brand","embeddable":true,"href":"https:\/\/www.dolivo.shop\/de\/wp-json\/wp\/v2\/product_brand?post=8001"},{"taxonomy":"product_cat","embeddable":true,"href":"https:\/\/www.dolivo.shop\/de\/wp-json\/wp\/v2\/product_cat?post=8001"},{"taxonomy":"product_tag","embeddable":true,"href":"https:\/\/www.dolivo.shop\/de\/wp-json\/wp\/v2\/product_tag?post=8001"}],"curies":[{"name":"wp","href":"https:\/\/api.w.org\/{rel}","templated":true}]}}