{"id":8017,"date":"2021-06-24T15:58:53","date_gmt":"2021-06-24T14:58:53","guid":{"rendered":"https:\/\/www.dolivo.shop\/prodotto\/reibe-box\/"},"modified":"2025-08-24T21:34:24","modified_gmt":"2025-08-24T20:34:24","slug":"reibe-box","status":"publish","type":"product","link":"https:\/\/www.dolivo.shop\/de\/produkt\/reibe-box\/","title":{"rendered":"Reibebox"},"content":{"rendered":"<p class=\"p3\">Schnell und einfach in der Anwendung: ideal zum Reiben von Knoblauch, Parmesan, Muskatnuss, Tr\u00fcffel oder Gem\u00fcse. Kann auch mit Parmesan darin im K\u00fchlschrank aufbewahrt werden. Schimmelresistent. Von Hand mit warmem Wasser und Sp\u00fclmittel zu reinigen. Der Metalleinsatz besteht aus <strong>Edelstahl<\/strong>. Ein praktisches K\u00fcchenutensil, das zugleich W\u00e4rme und Charakter in die K\u00fcche bringt.<\/p>\n<p>&nbsp;<\/p>\n<p class=\"p1\"><b>Lebensmittelecht und nat\u00fcrlich antibakteriell.<\/b><b><\/b><\/p>\n<p>&nbsp;<\/p>\n<p class=\"p3\">Gefertigt aus echtem <strong>Olivenholz<\/strong> ist jede Reibebox durch die einzigartigen Maserungen und die warmen, beruhigenden Farbt\u00f6ne ein echtes <strong>Unikat<\/strong>. Ausschlie\u00dflich mit nat\u00fcrlichem \u00d6l behandelt \u2013 ohne Lacke oder chemische Zus\u00e4tze \u2013 im Einklang mit handwerklicher Tradition und Umwelt.<\/p>\n<p class=\"p3\"><strong>Nachhaltig und authentisch<\/strong>: Olivenholz ist eine bewusste Wahl f\u00fcr alle, die Sch\u00f6nheit, praktische Handhabung, Natur und Handwerkskunst sch\u00e4tzen.<\/p>\n<h3 class=\"p1\"><b>Eine originelle, umweltfreundliche Geschenkidee<\/b><b><\/b><\/h3>\n<p class=\"p3\">Der nat\u00fcrliche Stil und die handwerkliche Verarbeitung machen sie zu einem besonderen Pr\u00e4sent f\u00fcr <em>Hochzeiten, Kommunionen oder andere festliche Anl\u00e4sse<\/em>.<\/p>\n<p class=\"p3\">Auf Wunsch sind <strong>individuelle Gravuren<\/strong> m\u00f6glich.<\/p>\n<h4 class=\"p1\"><b>Wichtiger Hinweis<\/b><b><\/b><\/h4>\n<p class=\"p3\"><em>Dieses Produkt wird in Handarbeit gefertigt: kleine Unregelm\u00e4\u00dfigkeiten oder leichte Abweichungen sind keine M\u00e4ngel, sondern Ausdruck der Echtheit und Individualit\u00e4t.<\/em><\/p>\n","protected":false},"excerpt":{"rendered":"<p>Schnell und einfach in der Anwendung: ideal zum Reiben von Knoblauch, Parmesan, Muskatnuss, Tr\u00fcffel oder Gem\u00fcse. Kann auch mit Parmesan darin im K\u00fchlschrank aufbewahrt werden. Schimmelresistent. Von Hand mit warmem Wasser und Sp\u00fclmittel zu reinigen. Der Metalleinsatz besteht aus Edelstahl. Ein praktisches K\u00fcchenutensil, das zugleich W\u00e4rme und Charakter in die K\u00fcche bringt. &nbsp; Lebensmittelecht und&#8230;<\/p>\n","protected":false},"featured_media":8170,"template":"","meta":{"_acf_changed":false},"product_brand":[],"product_cat":[277,288],"product_tag":[],"class_list":{"0":"post-8017","1":"product","2":"type-product","3":"status-publish","4":"has-post-thumbnail","6":"product_cat-in-der-kueche","7":"product_cat-kuechengeraete","9":"first","10":"instock","11":"sale","12":"taxable","13":"shipping-taxable","14":"purchasable","15":"product-type-variable"},"acf":[],"_links":{"self":[{"href":"https:\/\/www.dolivo.shop\/de\/wp-json\/wp\/v2\/product\/8017","targetHints":{"allow":["GET"]}}],"collection":[{"href":"https:\/\/www.dolivo.shop\/de\/wp-json\/wp\/v2\/product"}],"about":[{"href":"https:\/\/www.dolivo.shop\/de\/wp-json\/wp\/v2\/types\/product"}],"wp:featuredmedia":[{"embeddable":true,"href":"https:\/\/www.dolivo.shop\/de\/wp-json\/wp\/v2\/media\/8170"}],"wp:attachment":[{"href":"https:\/\/www.dolivo.shop\/de\/wp-json\/wp\/v2\/media?parent=8017"}],"wp:term":[{"taxonomy":"product_brand","embeddable":true,"href":"https:\/\/www.dolivo.shop\/de\/wp-json\/wp\/v2\/product_brand?post=8017"},{"taxonomy":"product_cat","embeddable":true,"href":"https:\/\/www.dolivo.shop\/de\/wp-json\/wp\/v2\/product_cat?post=8017"},{"taxonomy":"product_tag","embeddable":true,"href":"https:\/\/www.dolivo.shop\/de\/wp-json\/wp\/v2\/product_tag?post=8017"}],"curies":[{"name":"wp","href":"https:\/\/api.w.org\/{rel}","templated":true}]}}