{"id":8038,"date":"2021-10-07T14:03:06","date_gmt":"2021-10-07T13:03:06","guid":{"rendered":"https:\/\/www.dolivo.shop\/prodotto\/untersetzer\/"},"modified":"2025-09-10T03:11:08","modified_gmt":"2025-09-10T02:11:08","slug":"untersetzer","status":"publish","type":"product","link":"https:\/\/www.dolivo.shop\/de\/produkt\/untersetzer\/","title":{"rendered":"Flaschenuntersetzer"},"content":{"rendered":"<p class=\"p3\">Ein Tischaccessoire aus edlem, <strong>naturbelassenem Olivenholz<\/strong> in Kombination mit glasierter Keramik, entworfen zum Abstellen von Wein-, \u00d6l- oder anderen Getr\u00e4nkeflaschen sowie von Gl\u00e4sern und Bechern. Es sch\u00fctzt die Tischoberfl\u00e4che zuverl\u00e4ssig vor Tropfen oder Flecken. Die Verbindung der Materialien verleiht dem St\u00fcck ein <strong>elegantes<\/strong> und zugleich <strong>rustikales<\/strong> Aussehen \u2013 ideal sowohl f\u00fcr den t\u00e4glichen Gebrauch als auch als dekoratives Element oder stilvolles Geschenk.<\/p>\n<p class=\"p3\">Ein schlichtes und zugleich praktisches Objekt, das <strong>originelles Design<\/strong> und <strong>Funktionalit\u00e4t<\/strong> vereint. Perfekt, um K\u00fcche oder Wohnzimmer mit einer warmen Note zu bereichern.<\/p>\n<p class=\"p3\">Das <strong>Olivenholz<\/strong> mit seiner einzigartigen Maserung und den warmen, beruhigenden Farbt\u00f6nen macht jedes St\u00fcck zu einem <strong>Unikat<\/strong>. Ausschlie\u00dflich mit nat\u00fcrlichem \u00d6l behandelt \u2013 ohne Lacke oder Chemikalien \u2013 ganz im Sinne traditioneller Handwerkskunst und der Umwelt.<\/p>\n<p class=\"p3\"><strong>Nachhaltig und authentisch<\/strong> ist Olivenholz eine bewusste Wahl f\u00fcr alle, die Sch\u00f6nheit, praktische Anwendung, Natur und Handarbeit sch\u00e4tzen.<\/p>\n<h3 class=\"p1\"><b>Eine originelle, umweltfreundliche Geschenkidee<\/b><b><\/b><\/h3>\n<p class=\"p3\">Sein nat\u00fcrlicher Stil und die handwerkliche Fertigung machen ihn zu einem besonderen Pr\u00e4sent f\u00fcr <em>Hochzeiten, Kommunionen oder andere festliche Anl\u00e4sse<\/em>.<\/p>\n<p class=\"p3\">Auf Wunsch sind <strong>individuelle Gravuren<\/strong> m\u00f6glich.<\/p>\n<h4 class=\"p1\"><b>Wichtiger Hinweis<\/b><b><\/b><\/h4>\n<p class=\"p3\"><em>Dieses Produkt wird in Handarbeit hergestellt: kleine Unregelm\u00e4\u00dfigkeiten oder leichte Abweichungen sind keine M\u00e4ngel, sondern Zeichen der Echtheit und Individualit\u00e4t.<\/em><\/p>\n","protected":false},"excerpt":{"rendered":"<p>Ein Tischaccessoire aus edlem, naturbelassenem Olivenholz in Kombination mit glasierter Keramik, entworfen zum Abstellen von Wein-, \u00d6l- oder anderen Getr\u00e4nkeflaschen sowie von Gl\u00e4sern und Bechern. Es sch\u00fctzt die Tischoberfl\u00e4che zuverl\u00e4ssig vor Tropfen oder Flecken. Die Verbindung der Materialien verleiht dem St\u00fcck ein elegantes und zugleich rustikales Aussehen \u2013 ideal sowohl f\u00fcr den t\u00e4glichen Gebrauch als&#8230;<\/p>\n","protected":false},"featured_media":8031,"template":"","meta":{"_acf_changed":false},"product_brand":[],"product_cat":[277,289],"product_tag":[],"class_list":{"0":"post-8038","1":"product","2":"type-product","3":"status-publish","4":"has-post-thumbnail","6":"product_cat-in-der-kueche","7":"product_cat-weinzubehoer","9":"first","10":"outofstock","11":"featured","12":"taxable","13":"shipping-taxable","14":"purchasable","15":"product-type-variable"},"acf":[],"_links":{"self":[{"href":"https:\/\/www.dolivo.shop\/de\/wp-json\/wp\/v2\/product\/8038","targetHints":{"allow":["GET"]}}],"collection":[{"href":"https:\/\/www.dolivo.shop\/de\/wp-json\/wp\/v2\/product"}],"about":[{"href":"https:\/\/www.dolivo.shop\/de\/wp-json\/wp\/v2\/types\/product"}],"wp:featuredmedia":[{"embeddable":true,"href":"https:\/\/www.dolivo.shop\/de\/wp-json\/wp\/v2\/media\/8031"}],"wp:attachment":[{"href":"https:\/\/www.dolivo.shop\/de\/wp-json\/wp\/v2\/media?parent=8038"}],"wp:term":[{"taxonomy":"product_brand","embeddable":true,"href":"https:\/\/www.dolivo.shop\/de\/wp-json\/wp\/v2\/product_brand?post=8038"},{"taxonomy":"product_cat","embeddable":true,"href":"https:\/\/www.dolivo.shop\/de\/wp-json\/wp\/v2\/product_cat?post=8038"},{"taxonomy":"product_tag","embeddable":true,"href":"https:\/\/www.dolivo.shop\/de\/wp-json\/wp\/v2\/product_tag?post=8038"}],"curies":[{"name":"wp","href":"https:\/\/api.w.org\/{rel}","templated":true}]}}