{"id":8202,"date":"2021-06-24T15:59:32","date_gmt":"2021-06-24T14:59:32","guid":{"rendered":"https:\/\/www.dolivo.shop\/prodotto\/untersetzer-set-umbrien\/"},"modified":"2025-09-12T16:30:18","modified_gmt":"2025-09-12T15:30:18","slug":"untersetzer-set-umbrien","status":"publish","type":"product","link":"https:\/\/www.dolivo.shop\/de\/produkt\/untersetzer-set-umbrien\/","title":{"rendered":"Untersetzer-Set Umbrien"},"content":{"rendered":"<p>Nach Entnahme der Untersetzer dient der Beh\u00e4lter zur Aufnahme der Flasche. Kann von Hand mit warmem Wasser und Sp\u00fclmittel gesp\u00fclt werden.<br \/>\n6 Untersetzer von 8.3 cm.<\/p>\n<p>10&#215;5 cm.<\/p>\n","protected":false},"excerpt":{"rendered":"<p>Nach Entnahme der Untersetzer dient der Beh\u00e4lter zur Aufnahme der Flasche. Kann von Hand mit warmem Wasser und Sp\u00fclmittel gesp\u00fclt werden. 6 Untersetzer von 8.3 cm. 10&#215;5 cm.<\/p>\n","protected":false},"featured_media":8203,"template":"","meta":{"_acf_changed":false},"product_brand":[],"product_cat":[277,289],"product_tag":[],"class_list":{"0":"post-8202","1":"product","2":"type-product","3":"status-publish","4":"has-post-thumbnail","6":"product_cat-in-der-kueche","7":"product_cat-weinzubehoer","9":"first","10":"outofstock","11":"taxable","12":"shipping-taxable","13":"purchasable","14":"product-type-simple"},"acf":[],"_links":{"self":[{"href":"https:\/\/www.dolivo.shop\/de\/wp-json\/wp\/v2\/product\/8202","targetHints":{"allow":["GET"]}}],"collection":[{"href":"https:\/\/www.dolivo.shop\/de\/wp-json\/wp\/v2\/product"}],"about":[{"href":"https:\/\/www.dolivo.shop\/de\/wp-json\/wp\/v2\/types\/product"}],"wp:featuredmedia":[{"embeddable":true,"href":"https:\/\/www.dolivo.shop\/de\/wp-json\/wp\/v2\/media\/8203"}],"wp:attachment":[{"href":"https:\/\/www.dolivo.shop\/de\/wp-json\/wp\/v2\/media?parent=8202"}],"wp:term":[{"taxonomy":"product_brand","embeddable":true,"href":"https:\/\/www.dolivo.shop\/de\/wp-json\/wp\/v2\/product_brand?post=8202"},{"taxonomy":"product_cat","embeddable":true,"href":"https:\/\/www.dolivo.shop\/de\/wp-json\/wp\/v2\/product_cat?post=8202"},{"taxonomy":"product_tag","embeddable":true,"href":"https:\/\/www.dolivo.shop\/de\/wp-json\/wp\/v2\/product_tag?post=8202"}],"curies":[{"name":"wp","href":"https:\/\/api.w.org\/{rel}","templated":true}]}}