{"id":8235,"date":"2021-06-24T15:59:32","date_gmt":"2021-06-24T14:59:32","guid":{"rendered":"https:\/\/www.dolivo.shop\/prodotto\/korkenzieher-mediterraneo\/"},"modified":"2025-09-10T03:02:58","modified_gmt":"2025-09-10T02:02:58","slug":"korkenzieher-mediterraneo","status":"publish","type":"product","link":"https:\/\/www.dolivo.shop\/de\/produkt\/korkenzieher-mediterraneo\/","title":{"rendered":"&#8222;Tirreno&#8220; Korkenzieher"},"content":{"rendered":"<p class=\"p3\">Ein elegantes und zugleich funktionales Werkzeug, bei dem die St\u00e4rke des Metalls auf die W\u00e4rme des Holzes trifft. Dieser handgefertigte Korkenzieher und Flaschen\u00f6ffner \u00f6ffnet Flaschen f\u00fcr besondere Momente mit Stil und vereint Tradition und Praktikabilit\u00e4t in einem einzigen Handgriff.<\/p>\n<p class=\"p3\">Das <strong>Olivenholz<\/strong> mit seiner charakteristischen Maserung und den warmen, beruhigenden Farbt\u00f6nen macht jeden Korkenzieher zu einem <strong>Unikat<\/strong>. Ausschlie\u00dflich mit nat\u00fcrlichem \u00d6l behandelt \u2013 ohne Lacke oder Chemikalien \u2013 ganz im Sinne traditioneller Handwerkskunst und der Umwelt.<\/p>\n<p class=\"p3\"><strong>Nachhaltig und authentisch<\/strong> ist Olivenholz eine bewusste Wahl f\u00fcr alle, die Sch\u00f6nheit, Natur und Handarbeit sch\u00e4tzen.<\/p>\n<p>&nbsp;<\/p>\n<p class=\"p3\"><span class=\"s1\"><b>Ma\u00dfe:<\/b><\/span> 4 \u00d7 24 cm.<\/p>\n<h3 class=\"p1\"><b>Eine originelle, umweltfreundliche Geschenkidee<\/b><b><\/b><\/h3>\n<p class=\"p3\">Sein nat\u00fcrlicher Stil und die handwerkliche Fertigung machen ihn zu einem besonderen Pr\u00e4sent f\u00fcr <em>Hochzeiten, Kommunionen oder andere festliche Anl\u00e4sse<\/em>.<\/p>\n<h4 class=\"p1\"><b>Wichtiger Hinweis<\/b><b><\/b><\/h4>\n<p class=\"p3\"><em>Dieses Produkt wird in Handarbeit hergestellt: kleine Unregelm\u00e4\u00dfigkeiten oder leichte Abweichungen sind keine M\u00e4ngel, sondern Zeichen der Echtheit und Individualit\u00e4t.<\/em><\/p>\n","protected":false},"excerpt":{"rendered":"<p>Ein elegantes und zugleich funktionales Werkzeug, bei dem die St\u00e4rke des Metalls auf die W\u00e4rme des Holzes trifft. Dieser handgefertigte Korkenzieher und Flaschen\u00f6ffner \u00f6ffnet Flaschen f\u00fcr besondere Momente mit Stil und vereint Tradition und Praktikabilit\u00e4t in einem einzigen Handgriff. Das Olivenholz mit seiner charakteristischen Maserung und den warmen, beruhigenden Farbt\u00f6nen macht jeden Korkenzieher zu einem&#8230;<\/p>\n","protected":false},"featured_media":8236,"template":"","meta":{"_acf_changed":false},"product_brand":[],"product_cat":[277,289],"product_tag":[],"class_list":{"0":"post-8235","1":"product","2":"type-product","3":"status-publish","4":"has-post-thumbnail","6":"product_cat-in-der-kueche","7":"product_cat-weinzubehoer","9":"first","10":"instock","11":"taxable","12":"shipping-taxable","13":"purchasable","14":"product-type-simple"},"acf":[],"_links":{"self":[{"href":"https:\/\/www.dolivo.shop\/de\/wp-json\/wp\/v2\/product\/8235","targetHints":{"allow":["GET"]}}],"collection":[{"href":"https:\/\/www.dolivo.shop\/de\/wp-json\/wp\/v2\/product"}],"about":[{"href":"https:\/\/www.dolivo.shop\/de\/wp-json\/wp\/v2\/types\/product"}],"wp:featuredmedia":[{"embeddable":true,"href":"https:\/\/www.dolivo.shop\/de\/wp-json\/wp\/v2\/media\/8236"}],"wp:attachment":[{"href":"https:\/\/www.dolivo.shop\/de\/wp-json\/wp\/v2\/media?parent=8235"}],"wp:term":[{"taxonomy":"product_brand","embeddable":true,"href":"https:\/\/www.dolivo.shop\/de\/wp-json\/wp\/v2\/product_brand?post=8235"},{"taxonomy":"product_cat","embeddable":true,"href":"https:\/\/www.dolivo.shop\/de\/wp-json\/wp\/v2\/product_cat?post=8235"},{"taxonomy":"product_tag","embeddable":true,"href":"https:\/\/www.dolivo.shop\/de\/wp-json\/wp\/v2\/product_tag?post=8235"}],"curies":[{"name":"wp","href":"https:\/\/api.w.org\/{rel}","templated":true}]}}