{"id":8244,"date":"2021-06-24T15:59:31","date_gmt":"2021-06-24T14:59:31","guid":{"rendered":"https:\/\/www.dolivo.shop\/prodotto\/flaschehalter\/"},"modified":"2026-03-04T09:30:21","modified_gmt":"2026-03-04T08:30:21","slug":"flaschehalter","status":"publish","type":"product","link":"https:\/\/www.dolivo.shop\/de\/produkt\/flaschehalter\/","title":{"rendered":"Flaschenhalter \u201eS-Form\u201c aus Olivenholz"},"content":{"rendered":"<p class=\"p3\">Ein kleines Zuhause f\u00fcr Wein: Die Flasche ruht sicher \u2013 eingebettet in die warmen, lebendigen Maserungen des Olivenholzes. Funktional und zugleich elegant \u2013 eine handgefertigte Umarmung f\u00fcr Genussmomente, die man sich in Ruhe g\u00f6nnt.<\/p>\n<p class=\"p3\">Ideal zur stilvollen Pr\u00e4sentation von Wein-, Grappa- oder Whiskyflaschen.<\/p>\n<p class=\"p3\">Gefertigt aus <span class=\"s1\"><b>echtem Olivenholz<\/b><\/span>, vereint dieser Flaschenhalter <span class=\"s1\"><b>originelles Design<\/b><\/span> und <span class=\"s1\"><b>praktische Funktion<\/b><\/span>. Perfekt, um K\u00fcche oder Wohnzimmer eine nat\u00fcrliche, warme Note zu verleihen.<\/p>\n<p class=\"p3\">Das <span class=\"s1\"><b>Olivenholz<\/b><\/span> mit seiner charakteristischen, nat\u00fcrlichen Maserung und den warmen, beruhigenden Farbt\u00f6nen macht jeden Flaschenhalter zu einem <span class=\"s1\"><b>Unikat<\/b><\/span>. Die Oberfl\u00e4che wird ausschlie\u00dflich mit <span class=\"s1\"><b>nat\u00fcrlichem \u00d6l<\/b><\/span> behandelt \u2013 <span class=\"s1\"><b>ohne Lacke und ohne chemische Zus\u00e4tze<\/b><\/span> \u2013 ganz im Sinne traditioneller Handwerkskunst und im respektvollen Umgang mit der Umwelt.<\/p>\n<p class=\"p3\"><span class=\"s1\"><b>Nachhaltig und authentisch:<\/b><\/span> Olivenholz ist eine bewusste Wahl f\u00fcr alle, die Sch\u00f6nheit, Alltagstauglichkeit, Natur und echtes Handwerk sch\u00e4tzen.<\/p>\n<hr \/>\n<h2>Eine originelle Idee f\u00fcr eine umweltfreundliche Gastgeschenk-Bomboniera<\/h2>\n<p class=\"p3\">Der nat\u00fcrliche Stil und die handwerkliche Verarbeitung machen ihn zu einem besonderen Geschenk f\u00fcr <span class=\"s1\"><b>Hochzeiten, Kommunionen<\/b><\/span> oder <span class=\"s1\"><b>besondere Anl\u00e4sse<\/b><\/span>.<\/p>\n<p class=\"p3\"><span class=\"s1\"><b>Ma\u00dfe:<\/b><\/span> 6 \u00d7 26,5 cm<\/p>\n<hr \/>\n<h2>Wichtiger Hinweis<\/h2>\n<p class=\"p3\">Handgefertigtes Produkt: Kleine Unregelm\u00e4\u00dfigkeiten oder leichte Abweichungen sind keine M\u00e4ngel, sondern ein Zeichen f\u00fcr die Echtheit und Individualit\u00e4t des handwerklich hergestellten Artikels.<\/p>\n","protected":false},"excerpt":{"rendered":"<p>Ein kleines Zuhause f\u00fcr Wein: Die Flasche ruht sicher \u2013 eingebettet in die warmen, lebendigen Maserungen des Olivenholzes. Funktional und zugleich elegant \u2013 eine handgefertigte Umarmung f\u00fcr Genussmomente, die man sich in Ruhe g\u00f6nnt. Ideal zur stilvollen Pr\u00e4sentation von Wein-, Grappa- oder Whiskyflaschen. Gefertigt aus echtem Olivenholz, vereint dieser Flaschenhalter originelles Design und praktische Funktion&#8230;.<\/p>\n","protected":false},"featured_media":8338,"template":"","meta":{"_acf_changed":false},"product_brand":[],"product_cat":[277,289],"product_tag":[],"class_list":{"0":"post-8244","1":"product","2":"type-product","3":"status-publish","4":"has-post-thumbnail","6":"product_cat-in-der-kueche","7":"product_cat-weinzubehoer","9":"first","10":"instock","11":"taxable","12":"shipping-taxable","13":"purchasable","14":"product-type-simple"},"acf":[],"_links":{"self":[{"href":"https:\/\/www.dolivo.shop\/de\/wp-json\/wp\/v2\/product\/8244","targetHints":{"allow":["GET"]}}],"collection":[{"href":"https:\/\/www.dolivo.shop\/de\/wp-json\/wp\/v2\/product"}],"about":[{"href":"https:\/\/www.dolivo.shop\/de\/wp-json\/wp\/v2\/types\/product"}],"wp:featuredmedia":[{"embeddable":true,"href":"https:\/\/www.dolivo.shop\/de\/wp-json\/wp\/v2\/media\/8338"}],"wp:attachment":[{"href":"https:\/\/www.dolivo.shop\/de\/wp-json\/wp\/v2\/media?parent=8244"}],"wp:term":[{"taxonomy":"product_brand","embeddable":true,"href":"https:\/\/www.dolivo.shop\/de\/wp-json\/wp\/v2\/product_brand?post=8244"},{"taxonomy":"product_cat","embeddable":true,"href":"https:\/\/www.dolivo.shop\/de\/wp-json\/wp\/v2\/product_cat?post=8244"},{"taxonomy":"product_tag","embeddable":true,"href":"https:\/\/www.dolivo.shop\/de\/wp-json\/wp\/v2\/product_tag?post=8244"}],"curies":[{"name":"wp","href":"https:\/\/api.w.org\/{rel}","templated":true}]}}