{"id":8253,"date":"2021-06-24T15:59:31","date_gmt":"2021-06-24T14:59:31","guid":{"rendered":"https:\/\/www.dolivo.shop\/prodotto\/klein-weinkeller\/"},"modified":"2025-09-09T18:27:23","modified_gmt":"2025-09-09T17:27:23","slug":"klein-weinkeller","status":"publish","type":"product","link":"https:\/\/www.dolivo.shop\/de\/produkt\/klein-weinkeller\/","title":{"rendered":"Weinregal \u201eCantinola\u201c"},"content":{"rendered":"<p class=\"p3\">Ein kleines Refugium, in dem jede Flasche sicher zwischen den warmen Maserungen des Olivenholzes ruht. Funktional und elegant \u2013 eine handwerkliche Umarmung f\u00fcr Momente, die man in Ruhe genie\u00dfen m\u00f6chte.<\/p>\n<p class=\"p3\">Ideal zum Pr\u00e4sentieren von Wein-, Grappa- oder Whiskyflaschen. <strong>Bietet Platz f\u00fcr bis zu 4 Flaschen<\/strong>.<\/p>\n<p class=\"p3\">Gefertigt aus edlem Olivenholz, vereint es <strong>originelles Design<\/strong> und praktische <strong>Funktionalit\u00e4t<\/strong>. Perfekt, um K\u00fcche oder Wohnzimmer mit einer warmen Note zu bereichern.<\/p>\n<p class=\"p3\">Das <strong>Olivenholz<\/strong> mit seiner einzigartigen Maserung und den warmen, beruhigenden Farbt\u00f6nen macht jedes Weinregal zu einem <strong>Unikat<\/strong>. Ausschlie\u00dflich mit nat\u00fcrlichem \u00d6l behandelt \u2013 ohne Lacke oder Chemikalien \u2013 ganz im Sinne traditioneller Handwerkskunst und der Umwelt.<\/p>\n<p class=\"p3\"><strong>Nachhaltig und authentisch<\/strong> ist Olivenholz eine bewusste Wahl f\u00fcr alle, die Sch\u00f6nheit, praktische Anwendung, Natur und Handarbeit sch\u00e4tzen.<\/p>\n<h3 class=\"p1\"><b>Eine originelle, umweltfreundliche Geschenkidee<\/b><b><\/b><\/h3>\n<p class=\"p3\">Sein nat\u00fcrlicher Stil und die handwerkliche Fertigung machen es zu einem besonderen Pr\u00e4sent \u2013 ideal als <em>Erg\u00e4nzung einer Weinsammlung, f\u00fcr Feiern oder besondere Anl\u00e4sse<\/em>.<\/p>\n<p class=\"p3\">Auf Wunsch sind <strong>individuelle Gravuren<\/strong> m\u00f6glich.<\/p>\n<p>&nbsp;<\/p>\n<p class=\"p3\"><span class=\"s1\"><b>Ma\u00dfe:<\/b><\/span> 29 \u00d7 39 \u00d7 8 cm.<\/p>\n<h4 class=\"p1\"><b>Wichtiger Hinweis<\/b><b><\/b><\/h4>\n<p class=\"p3\"><em>Dieses Produkt wird in Handarbeit hergestellt: kleine Unregelm\u00e4\u00dfigkeiten oder leichte Abweichungen sind keine M\u00e4ngel, sondern Zeichen der Echtheit und Individualit\u00e4t.<\/em><\/p>\n","protected":false},"excerpt":{"rendered":"<p>Ein kleines Refugium, in dem jede Flasche sicher zwischen den warmen Maserungen des Olivenholzes ruht. Funktional und elegant \u2013 eine handwerkliche Umarmung f\u00fcr Momente, die man in Ruhe genie\u00dfen m\u00f6chte. Ideal zum Pr\u00e4sentieren von Wein-, Grappa- oder Whiskyflaschen. Bietet Platz f\u00fcr bis zu 4 Flaschen. Gefertigt aus edlem Olivenholz, vereint es originelles Design und praktische&#8230;<\/p>\n","protected":false},"featured_media":8254,"template":"","meta":{"_acf_changed":false},"product_brand":[],"product_cat":[277,289],"product_tag":[],"class_list":{"0":"post-8253","1":"product","2":"type-product","3":"status-publish","4":"has-post-thumbnail","6":"product_cat-in-der-kueche","7":"product_cat-weinzubehoer","9":"first","10":"instock","11":"taxable","12":"shipping-taxable","13":"purchasable","14":"product-type-simple"},"acf":[],"_links":{"self":[{"href":"https:\/\/www.dolivo.shop\/de\/wp-json\/wp\/v2\/product\/8253","targetHints":{"allow":["GET"]}}],"collection":[{"href":"https:\/\/www.dolivo.shop\/de\/wp-json\/wp\/v2\/product"}],"about":[{"href":"https:\/\/www.dolivo.shop\/de\/wp-json\/wp\/v2\/types\/product"}],"wp:featuredmedia":[{"embeddable":true,"href":"https:\/\/www.dolivo.shop\/de\/wp-json\/wp\/v2\/media\/8254"}],"wp:attachment":[{"href":"https:\/\/www.dolivo.shop\/de\/wp-json\/wp\/v2\/media?parent=8253"}],"wp:term":[{"taxonomy":"product_brand","embeddable":true,"href":"https:\/\/www.dolivo.shop\/de\/wp-json\/wp\/v2\/product_brand?post=8253"},{"taxonomy":"product_cat","embeddable":true,"href":"https:\/\/www.dolivo.shop\/de\/wp-json\/wp\/v2\/product_cat?post=8253"},{"taxonomy":"product_tag","embeddable":true,"href":"https:\/\/www.dolivo.shop\/de\/wp-json\/wp\/v2\/product_tag?post=8253"}],"curies":[{"name":"wp","href":"https:\/\/api.w.org\/{rel}","templated":true}]}}