{"id":8260,"date":"2021-06-24T15:59:31","date_gmt":"2021-06-24T14:59:31","guid":{"rendered":"https:\/\/www.dolivo.shop\/prodotto\/taverne\/"},"modified":"2025-09-09T18:46:53","modified_gmt":"2025-09-09T17:46:53","slug":"taverne","status":"publish","type":"product","link":"https:\/\/www.dolivo.shop\/de\/produkt\/taverne\/","title":{"rendered":"Becher \u201eTaverna\u201c"},"content":{"rendered":"<p class=\"p3\">Becher f\u00fcr Wasser, Wein, Bier oder Spirituosen. Verwendet bei Verkostungen, keltisch-mittelalterlichen Festen, Zeremonien oder als dekoratives Objekt \u2013 er verbindet <strong>rustikale Eleganz<\/strong> mit <strong>Langlebigkeit<\/strong> und verleiht jedem Tisch eine handwerkliche und einzigartige Note. Bildet mit der Zeit keinen Schimmel. Per Hand mit warmem Wasser und mildem Sp\u00fclmittel reinigen.<\/p>\n<p class=\"p3\">Inklusive L\u00f6ffel-Gabel-Besteck. Gr\u00f6\u00dfe: 3,5 \u00d7 17 cm.<\/p>\n<p>&nbsp;<\/p>\n<p class=\"p3\"><strong>Lebensmittelecht.<\/strong><\/p>\n<p>&nbsp;<\/p>\n<p class=\"p3\">Ein schlichtes und zugleich praktisches Accessoire: gefertigt aus echtem Olivenholz, vereint es <strong>originelles Design<\/strong> und <strong>Funktionalit\u00e4t<\/strong>. Perfekt, um K\u00fcche oder Wohnzimmer mit einer warmen Note zu bereichern.<\/p>\n<p class=\"p3\">Das <strong>Olivenholz<\/strong> mit seiner charakteristischen Maserung und den warmen, beruhigenden Farbt\u00f6nen macht jeden Becher zu einem <strong>Unikat<\/strong>. Ausschlie\u00dflich mit nat\u00fcrlichem \u00d6l behandelt \u2013 ohne Lacke oder Chemikalien \u2013 ganz im Sinne traditioneller Handwerkskunst und der Umwelt.<\/p>\n<p class=\"p3\"><strong>Nachhaltig und authentisch<\/strong> ist Olivenholz eine bewusste Wahl f\u00fcr alle, die Sch\u00f6nheit, praktische Anwendung, Natur und Handarbeit sch\u00e4tzen.<\/p>\n<h3 class=\"p1\"><b>Eine originelle, umweltfreundliche Geschenkidee<\/b><b><\/b><\/h3>\n<p class=\"p3\">Sein nat\u00fcrlicher Stil und die handwerkliche Fertigung machen ihn zu einem besonderen Pr\u00e4sent f\u00fcr <em>Hochzeiten, Kommunionen oder andere festliche Anl\u00e4sse<\/em>.<\/p>\n<p class=\"p3\">Auf Wunsch sind <strong>individuelle Gravuren<\/strong> m\u00f6glich.<\/p>\n<p>&nbsp;<\/p>\n<p class=\"p3\"><span class=\"s1\"><b>Ma\u00dfe:<\/b><\/span> 17 \u00d7 10 \u00d7 7,5 cm (H\u00f6he).<\/p>\n<h4 class=\"p1\"><b>Wichtiger Hinweis<\/b><b><\/b><\/h4>\n<p class=\"p3\"><em>Dieses Produkt wird in Handarbeit hergestellt: kleine Unregelm\u00e4\u00dfigkeiten oder leichte Abweichungen sind keine M\u00e4ngel, sondern Zeichen der Echtheit und Individualit\u00e4t.<\/em><\/p>\n","protected":false},"excerpt":{"rendered":"<p>Becher f\u00fcr Wasser, Wein, Bier oder Spirituosen. Verwendet bei Verkostungen, keltisch-mittelalterlichen Festen, Zeremonien oder als dekoratives Objekt \u2013 er verbindet rustikale Eleganz mit Langlebigkeit und verleiht jedem Tisch eine handwerkliche und einzigartige Note. Bildet mit der Zeit keinen Schimmel. Per Hand mit warmem Wasser und mildem Sp\u00fclmittel reinigen. Inklusive L\u00f6ffel-Gabel-Besteck. Gr\u00f6\u00dfe: 3,5 \u00d7 17 cm&#8230;.<\/p>\n","protected":false},"featured_media":8273,"template":"","meta":{"_acf_changed":false},"product_brand":[],"product_cat":[277,289],"product_tag":[],"class_list":{"0":"post-8260","1":"product","2":"type-product","3":"status-publish","4":"has-post-thumbnail","6":"product_cat-in-der-kueche","7":"product_cat-weinzubehoer","9":"first","10":"instock","11":"taxable","12":"shipping-taxable","13":"purchasable","14":"product-type-simple"},"acf":[],"_links":{"self":[{"href":"https:\/\/www.dolivo.shop\/de\/wp-json\/wp\/v2\/product\/8260","targetHints":{"allow":["GET"]}}],"collection":[{"href":"https:\/\/www.dolivo.shop\/de\/wp-json\/wp\/v2\/product"}],"about":[{"href":"https:\/\/www.dolivo.shop\/de\/wp-json\/wp\/v2\/types\/product"}],"wp:featuredmedia":[{"embeddable":true,"href":"https:\/\/www.dolivo.shop\/de\/wp-json\/wp\/v2\/media\/8273"}],"wp:attachment":[{"href":"https:\/\/www.dolivo.shop\/de\/wp-json\/wp\/v2\/media?parent=8260"}],"wp:term":[{"taxonomy":"product_brand","embeddable":true,"href":"https:\/\/www.dolivo.shop\/de\/wp-json\/wp\/v2\/product_brand?post=8260"},{"taxonomy":"product_cat","embeddable":true,"href":"https:\/\/www.dolivo.shop\/de\/wp-json\/wp\/v2\/product_cat?post=8260"},{"taxonomy":"product_tag","embeddable":true,"href":"https:\/\/www.dolivo.shop\/de\/wp-json\/wp\/v2\/product_tag?post=8260"}],"curies":[{"name":"wp","href":"https:\/\/api.w.org\/{rel}","templated":true}]}}