{"id":8380,"date":"2021-06-24T15:58:54","date_gmt":"2021-06-24T14:58:54","guid":{"rendered":"https:\/\/www.dolivo.shop\/prodotto\/olspender-verona\/"},"modified":"2025-09-12T17:41:09","modified_gmt":"2025-09-12T16:41:09","slug":"olspender-verona","status":"publish","type":"product","link":"https:\/\/www.dolivo.shop\/de\/produkt\/olspender-verona\/","title":{"rendered":"Oliven\u00f6l- und Essigflasche \u201eVerona\u201c"},"content":{"rendered":"<p class=\"p3\">Das Besondere an dieser Flasche ist ihr au\u00dfergew\u00f6hnliches Design: Die Weintraube im Inneren dient als Essigbeh\u00e4lter, w\u00e4hrend der \u00e4u\u00dfere Teil mit Oliven\u00f6l gef\u00fcllt wird. Auch wenn beide Beh\u00e4lter voll sind, bleibt die Traube deutlich sichtbar \u2013 als w\u00fcrde sie im \u00d6l schweben.<\/p>\n<p class=\"p3\">Ebenso kann die Flasche f\u00fcr zwei verschiedene Grappe genutzt werden, die sich in Farbe und Reife unterscheiden.<\/p>\n<p>&nbsp;<\/p>\n<p class=\"p3\"><strong>Lebensmittelecht und sicher im Gebrauch.<\/strong><\/p>\n<p>&nbsp;<\/p>\n<p class=\"p3\">Ein schlichtes und zugleich praktisches Accessoire: Mit echter Olivenholz-Basis gefertigt, vereint es <strong>Sch\u00f6nheit<\/strong> und <strong>Funktionalit\u00e4t<\/strong>. Perfekt, um K\u00fcche oder Wohnraum mit einer warmen, nat\u00fcrlichen Note zu bereichern.<\/p>\n<p class=\"p3\">Das <strong>Olivenholz<\/strong> mit seiner charakteristischen Maserung und den warmen Farbt\u00f6nen macht jede Flasche zu einem <strong>Unikat<\/strong>. Ausschlie\u00dflich mit nat\u00fcrlichem \u00d6l behandelt \u2013 frei von Lacken oder Chemikalien \u2013 im Einklang mit traditioneller Handwerkskunst und Umweltbewusstsein.<\/p>\n<p class=\"p3\"><strong>Nachhaltig und authentisch<\/strong>: Olivenholz ist die bewusste Wahl f\u00fcr alle, die Sch\u00f6nheit, Alltagstauglichkeit, Natur und Handwerk sch\u00e4tzen.<\/p>\n<h3 class=\"p1\"><b>Eine originelle Idee f\u00fcr ein umweltfreundliches Gastgeschenk<\/b><b><\/b><\/h3>\n<p class=\"p3\">Durch seine nat\u00fcrliche Ausstrahlung und die handwerkliche Verarbeitung ist es ein besonderes Pr\u00e4sent f\u00fcr <em>Hochzeiten, Kommunionen oder andere festliche Anl\u00e4sse<\/em>.<\/p>\n<p class=\"p3\">Auf Wunsch k\u00f6nnen <strong>individuelle Gravuren<\/strong> in das Olivenholz eingearbeitet werden.<\/p>\n<p>&nbsp;<\/p>\n<p class=\"p3\"><span class=\"s1\"><b>Ma\u00dfe:<\/b><\/span> 9 \u00d7 12 \u00d7 20 cm.<\/p>\n<h4 class=\"p1\"><b>Wichtiger Hinweis<\/b><b><\/b><\/h4>\n<p class=\"p3\"><em>Handgefertigtes Unikat: Kleine Abweichungen oder leichte Unregelm\u00e4\u00dfigkeiten sind kein Mangel, sondern unterstreichen die Echtheit und den nat\u00fcrlichen Charakter des Produkts.<\/em><\/p>\n","protected":false},"excerpt":{"rendered":"<p>Das Besondere an dieser Flasche ist ihr au\u00dfergew\u00f6hnliches Design: Die Weintraube im Inneren dient als Essigbeh\u00e4lter, w\u00e4hrend der \u00e4u\u00dfere Teil mit Oliven\u00f6l gef\u00fcllt wird. Auch wenn beide Beh\u00e4lter voll sind, bleibt die Traube deutlich sichtbar \u2013 als w\u00fcrde sie im \u00d6l schweben. Ebenso kann die Flasche f\u00fcr zwei verschiedene Grappe genutzt werden, die sich in&#8230;<\/p>\n","protected":false},"featured_media":8381,"template":"","meta":{"_acf_changed":false},"product_brand":[],"product_cat":[277,290],"product_tag":[],"class_list":{"0":"post-8380","1":"product","2":"type-product","3":"status-publish","4":"has-post-thumbnail","6":"product_cat-in-der-kueche","7":"product_cat-oelspender-und-salzstreuer","9":"first","10":"instock","11":"taxable","12":"shipping-taxable","13":"purchasable","14":"product-type-simple"},"acf":[],"_links":{"self":[{"href":"https:\/\/www.dolivo.shop\/de\/wp-json\/wp\/v2\/product\/8380","targetHints":{"allow":["GET"]}}],"collection":[{"href":"https:\/\/www.dolivo.shop\/de\/wp-json\/wp\/v2\/product"}],"about":[{"href":"https:\/\/www.dolivo.shop\/de\/wp-json\/wp\/v2\/types\/product"}],"wp:featuredmedia":[{"embeddable":true,"href":"https:\/\/www.dolivo.shop\/de\/wp-json\/wp\/v2\/media\/8381"}],"wp:attachment":[{"href":"https:\/\/www.dolivo.shop\/de\/wp-json\/wp\/v2\/media?parent=8380"}],"wp:term":[{"taxonomy":"product_brand","embeddable":true,"href":"https:\/\/www.dolivo.shop\/de\/wp-json\/wp\/v2\/product_brand?post=8380"},{"taxonomy":"product_cat","embeddable":true,"href":"https:\/\/www.dolivo.shop\/de\/wp-json\/wp\/v2\/product_cat?post=8380"},{"taxonomy":"product_tag","embeddable":true,"href":"https:\/\/www.dolivo.shop\/de\/wp-json\/wp\/v2\/product_tag?post=8380"}],"curies":[{"name":"wp","href":"https:\/\/api.w.org\/{rel}","templated":true}]}}