{"id":8423,"date":"2021-06-24T15:59:33","date_gmt":"2021-06-24T14:59:33","guid":{"rendered":"https:\/\/www.dolivo.shop\/prodotto\/salzstreuer-pilz\/"},"modified":"2025-09-12T19:12:37","modified_gmt":"2025-09-12T18:12:37","slug":"salzstreuer-pilz","status":"publish","type":"product","link":"https:\/\/www.dolivo.shop\/de\/produkt\/salzstreuer-pilz\/","title":{"rendered":"Salz- und Pfefferstreuer \u201eFunghetto\u201c aus Olivenholz"},"content":{"rendered":"<p class=\"p3\">Dieses Set im <i>arte povera<\/i>-Stil besteht aus zwei Streuern f\u00fcr Salz und Pfeffer.<\/p>\n<p>&nbsp;<\/p>\n<p class=\"p3\"><strong>Lebensmittelecht und f\u00fcr den t\u00e4glichen Gebrauch geeignet.<\/strong><\/p>\n<p>&nbsp;<\/p>\n<p class=\"p3\">Ein schlichtes und zugleich praktisches Accessoire: Aus echtem Olivenholz gefertigt, vereint es <strong>Sch\u00f6nheit<\/strong> und <strong>Funktionalit\u00e4t<\/strong>. Perfekt, um K\u00fcche oder Esstisch eine warme, nat\u00fcrliche Note zu verleihen.<\/p>\n<p class=\"p3\">Das <strong>Olivenholz<\/strong> mit seiner einzigartigen Maserung und den warmen, beruhigenden Farbt\u00f6nen macht jedes St\u00fcck zu einem <strong>Unikat<\/strong>. Ausschlie\u00dflich mit nat\u00fcrlichem \u00d6l behandelt \u2013 frei von Lacken oder Chemikalien \u2013 im Einklang mit traditioneller Handwerkskunst und Umweltbewusstsein.<\/p>\n<p class=\"p3\"><strong>Nachhaltig und authentisch<\/strong>: Olivenholz ist die bewusste Wahl f\u00fcr alle, die Sch\u00f6nheit, Alltagstauglichkeit, Natur und Handwerk sch\u00e4tzen.<\/p>\n<h3 class=\"p1\"><b>Eine originelle Idee f\u00fcr ein umweltfreundliches Gastgeschenk<\/b><b><\/b><\/h3>\n<p class=\"p3\">Durch seinen nat\u00fcrlichen Stil und die handwerkliche Verarbeitung ist es ein besonderes Pr\u00e4sent f\u00fcr <em>Hochzeiten, Kommunionen oder andere festliche Anl\u00e4sse<\/em>.<\/p>\n<p class=\"p3\">Auf Wunsch k\u00f6nnen <strong>individuelle Gravuren<\/strong> angefertigt werden.<\/p>\n<p>&nbsp;<\/p>\n<p class=\"p3\"><span class=\"s1\"><b>Ma\u00dfe:<\/b><\/span> 12,5 \u00d7 5,5 \u00d7 12,5 cm.<\/p>\n<h4 class=\"p1\"><b>Wichtiger Hinweis<\/b><b><\/b><\/h4>\n<p class=\"p3\"><em>Handgefertigtes Unikat: Kleine Abweichungen oder leichte Unregelm\u00e4\u00dfigkeiten sind kein Mangel, sondern unterstreichen die Echtheit und den nat\u00fcrlichen Charakter des Produkts.<\/em><\/p>\n","protected":false},"excerpt":{"rendered":"<p>Dieses Set im arte povera-Stil besteht aus zwei Streuern f\u00fcr Salz und Pfeffer. &nbsp; Lebensmittelecht und f\u00fcr den t\u00e4glichen Gebrauch geeignet. &nbsp; Ein schlichtes und zugleich praktisches Accessoire: Aus echtem Olivenholz gefertigt, vereint es Sch\u00f6nheit und Funktionalit\u00e4t. Perfekt, um K\u00fcche oder Esstisch eine warme, nat\u00fcrliche Note zu verleihen. Das Olivenholz mit seiner einzigartigen Maserung und&#8230;<\/p>\n","protected":false},"featured_media":0,"template":"","meta":{"_acf_changed":false},"product_brand":[],"product_cat":[277,290],"product_tag":[],"class_list":{"0":"post-8423","1":"product","2":"type-product","3":"status-publish","5":"product_cat-in-der-kueche","6":"product_cat-oelspender-und-salzstreuer","8":"first","9":"instock","10":"taxable","11":"shipping-taxable","12":"purchasable","13":"product-type-simple"},"acf":[],"_links":{"self":[{"href":"https:\/\/www.dolivo.shop\/de\/wp-json\/wp\/v2\/product\/8423","targetHints":{"allow":["GET"]}}],"collection":[{"href":"https:\/\/www.dolivo.shop\/de\/wp-json\/wp\/v2\/product"}],"about":[{"href":"https:\/\/www.dolivo.shop\/de\/wp-json\/wp\/v2\/types\/product"}],"wp:attachment":[{"href":"https:\/\/www.dolivo.shop\/de\/wp-json\/wp\/v2\/media?parent=8423"}],"wp:term":[{"taxonomy":"product_brand","embeddable":true,"href":"https:\/\/www.dolivo.shop\/de\/wp-json\/wp\/v2\/product_brand?post=8423"},{"taxonomy":"product_cat","embeddable":true,"href":"https:\/\/www.dolivo.shop\/de\/wp-json\/wp\/v2\/product_cat?post=8423"},{"taxonomy":"product_tag","embeddable":true,"href":"https:\/\/www.dolivo.shop\/de\/wp-json\/wp\/v2\/product_tag?post=8423"}],"curies":[{"name":"wp","href":"https:\/\/api.w.org\/{rel}","templated":true}]}}