{"id":8435,"date":"2021-09-23T17:22:32","date_gmt":"2021-09-23T16:22:32","guid":{"rendered":"https:\/\/www.dolivo.shop\/prodotto\/emma\/"},"modified":"2025-10-01T17:25:59","modified_gmt":"2025-10-01T16:25:59","slug":"emma","status":"publish","type":"product","link":"https:\/\/www.dolivo.shop\/de\/produkt\/emma\/","title":{"rendered":"Kugelschreiber Emma"},"content":{"rendered":"<p class=\"p3\">Der <strong>Kugelschreiber aus Olivenholz<\/strong> ist ein elegantes Accessoire, das <strong>italienische Handwerkskunst, raffiniertes Design<\/strong> und den zeitlosen Charme des mediterranen Olivenholzes vereint. Jeder Stift wird von Hand gefertigt \u2013 die nat\u00fcrlichen Maserungen machen jedes St\u00fcck zu einem Unikat.<\/p>\n<p class=\"p1\"><b>Haupteigenschaften:<\/b><b><\/b><\/p>\n<ul>\n<li>\n<p class=\"p1\"><strong>Hochwertiges Material<\/strong>: ausgew\u00e4hltes, handverarbeitetes Olivenholz<\/p>\n<\/li>\n<li>\n<p class=\"p1\"><strong>Ergonomisches Design<\/strong> f\u00fcr ein fl\u00fcssiges und angenehmes Schreibgef\u00fchl<\/p>\n<\/li>\n<li>\n<p class=\"p1\"><strong>Elegante Metalldetails<\/strong>, die die nat\u00fcrliche Sch\u00f6nheit des Holzes betonen<\/p>\n<\/li>\n<li>\n<p class=\"p1\">Ideal als <strong>edles Geschenk<\/strong> f\u00fcr Berufst\u00e4tige, Schreibbegeisterte oder f\u00fcr besondere Anl\u00e4sse<\/p>\n<\/li>\n<li>\n<p class=\"p1\">Ausgestattet mit einer austauschbaren \u201eCross\u201c-Kugelschreibermine<\/p>\n<\/li>\n<li>\n<p class=\"p1\">Drehmechanismus zum \u00d6ffnen und Schlie\u00dfen der Spitze<\/p>\n<\/li>\n<li>\n<p class=\"p1\">Inklusive schwarzem Stoffetui.<\/p>\n<\/li>\n<\/ul>\n<p class=\"p3\">Bringen Sie die W\u00e4rme der Natur und die Eleganz italienischen Designs in jede Unterschrift und jede Notiz.<\/p>\n<p class=\"p3\">Olivenholz ist nicht nur sch\u00f6n und langlebig, sondern auch ein Symbol f\u00fcr <strong>Frieden<\/strong>, <strong>Best\u00e4ndigkeit<\/strong> und <strong>mediterrane Natur<\/strong>. Ein Schreibger\u00e4t, das nicht nur ein Werkzeug, sondern ein <strong>Ausdruck von Stil und Pers\u00f6nlichkeit<\/strong> ist.<\/p>\n<p class=\"p3\"><strong>Nachhaltig und authentisch<\/strong> \u2013 Olivenholz ist die bewusste Wahl f\u00fcr alle, die Sch\u00f6nheit, Funktionalit\u00e4t, Natur und Handwerkskunst sch\u00e4tzen.<\/p>\n<p>&nbsp;<\/p>\n<p class=\"p3\"><span class=\"s2\"><b>Ma\u00dfe:<\/b><\/span> 1 \u00d7 13 cm.<\/p>\n","protected":false},"excerpt":{"rendered":"<p>Der Kugelschreiber aus Olivenholz ist ein elegantes Accessoire, das italienische Handwerkskunst, raffiniertes Design und den zeitlosen Charme des mediterranen Olivenholzes vereint. Jeder Stift wird von Hand gefertigt \u2013 die nat\u00fcrlichen Maserungen machen jedes St\u00fcck zu einem Unikat. Haupteigenschaften: Hochwertiges Material: ausgew\u00e4hltes, handverarbeitetes Olivenholz Ergonomisches Design f\u00fcr ein fl\u00fcssiges und angenehmes Schreibgef\u00fchl Elegante Metalldetails, die die&#8230;<\/p>\n","protected":false},"featured_media":8445,"template":"","meta":{"_acf_changed":false},"product_brand":[],"product_cat":[366,291],"product_tag":[],"class_list":{"0":"post-8435","1":"product","2":"type-product","3":"status-publish","4":"has-post-thumbnail","6":"product_cat-geschenkartikel","7":"product_cat-kugelschreiber","9":"first","10":"instock","11":"taxable","12":"shipping-taxable","13":"purchasable","14":"product-type-simple"},"acf":[],"_links":{"self":[{"href":"https:\/\/www.dolivo.shop\/de\/wp-json\/wp\/v2\/product\/8435","targetHints":{"allow":["GET"]}}],"collection":[{"href":"https:\/\/www.dolivo.shop\/de\/wp-json\/wp\/v2\/product"}],"about":[{"href":"https:\/\/www.dolivo.shop\/de\/wp-json\/wp\/v2\/types\/product"}],"wp:featuredmedia":[{"embeddable":true,"href":"https:\/\/www.dolivo.shop\/de\/wp-json\/wp\/v2\/media\/8445"}],"wp:attachment":[{"href":"https:\/\/www.dolivo.shop\/de\/wp-json\/wp\/v2\/media?parent=8435"}],"wp:term":[{"taxonomy":"product_brand","embeddable":true,"href":"https:\/\/www.dolivo.shop\/de\/wp-json\/wp\/v2\/product_brand?post=8435"},{"taxonomy":"product_cat","embeddable":true,"href":"https:\/\/www.dolivo.shop\/de\/wp-json\/wp\/v2\/product_cat?post=8435"},{"taxonomy":"product_tag","embeddable":true,"href":"https:\/\/www.dolivo.shop\/de\/wp-json\/wp\/v2\/product_tag?post=8435"}],"curies":[{"name":"wp","href":"https:\/\/api.w.org\/{rel}","templated":true}]}}