{"id":8477,"date":"2021-06-24T15:59:34","date_gmt":"2021-06-24T14:59:34","guid":{"rendered":"https:\/\/www.dolivo.shop\/prodotto\/gaia-kugelschreiber\/"},"modified":"2025-10-05T12:27:06","modified_gmt":"2025-10-05T11:27:06","slug":"gaia-kugelschreiber","status":"publish","type":"product","link":"https:\/\/www.dolivo.shop\/de\/produkt\/gaia-kugelschreiber\/","title":{"rendered":"Kugelschreiber Gaia"},"content":{"rendered":"<p class=\"p3\">Der <strong>Kugelschreiber aus Olivenholz<\/strong> ist ein elegantes Schreibaccessoire, das <strong>italienisches<\/strong> <strong>Kunsthandwerk<\/strong>, <strong>raffiniertes Design<\/strong> und den zeitlosen Charme des mediterranen Olivenholzes vereint.<\/p>\n<p class=\"p3\">Jedes St\u00fcck wird von Hand gefertigt \u2013 die nat\u00fcrlichen Maserungen machen jeden Stift zu einem unverwechselbaren Unikat.<\/p>\n<p class=\"p1\"><b>Hauptmerkmale:<\/b><b><\/b><\/p>\n<ul>\n<li>\n<p class=\"p1\"><span class=\"s1\"><b>Edles Material:<\/b><\/span> Ausgew\u00e4hltes, handbearbeitetes Olivenholz<\/p>\n<\/li>\n<li>\n<p class=\"p1\"><span class=\"s1\"><b>Ergonomisches Design<\/b><\/span> f\u00fcr ein fl\u00fcssiges und angenehmes Schreibgef\u00fchl<\/p>\n<\/li>\n<li>\n<p class=\"p1\"><span class=\"s1\"><b>Elegante Metallelemente<\/b><\/span>, die die nat\u00fcrliche Sch\u00f6nheit des Holzes unterstreichen<\/p>\n<\/li>\n<li>\n<p class=\"p1\">Ideal als stilvolles Geschenk f\u00fcr Berufst\u00e4tige, Schreibliebhaber oder besondere Anl\u00e4sse<\/p>\n<\/li>\n<li>\n<p class=\"p1\">Mit austauschbarer \u201eCross\u201c-Typ Kugelschreibermine<\/p>\n<\/li>\n<li>\n<p class=\"p1\">Drehmechanismus zum \u00d6ffnen und Schlie\u00dfen<\/p>\n<\/li>\n<li>\n<p class=\"p1\">Inklusive schwarzem Stoffetui.<\/p>\n<\/li>\n<\/ul>\n<p>&nbsp;<\/p>\n<p class=\"p3\">Bringen Sie mit jeder Unterschrift die W\u00e4rme der Natur und die Eleganz italienischen Designs zum Ausdruck.<\/p>\n<p class=\"p3\">Olivenholz ist nicht nur sch\u00f6n und widerstandsf\u00e4hig \u2013 es symbolisiert <strong>Frieden, Langlebigkeit und mediterrane Natur<\/strong>.<\/p>\n<p class=\"p3\">Ein Schreibger\u00e4t, das mehr ist als ein Werkzeug: ein <strong>Ausdruck von Stil und Pers\u00f6nlichkeit<\/strong>.<\/p>\n<p class=\"p3\"><strong>Nachhaltig und authentisch<\/strong> \u2013 Olivenholz ist eine bewusste Wahl f\u00fcr alle, die Sch\u00f6nheit, Funktionalit\u00e4t, Natur und Handwerkskunst sch\u00e4tzen.<\/p>\n<p>&nbsp;<\/p>\n<p class=\"p3\"><span class=\"s2\"><b>Ma\u00dfe:<\/b><\/span> 1 \u00d7 13.5 cm.<\/p>\n","protected":false},"excerpt":{"rendered":"<p>Der Kugelschreiber aus Olivenholz ist ein elegantes Schreibaccessoire, das italienisches Kunsthandwerk, raffiniertes Design und den zeitlosen Charme des mediterranen Olivenholzes vereint. Jedes St\u00fcck wird von Hand gefertigt \u2013 die nat\u00fcrlichen Maserungen machen jeden Stift zu einem unverwechselbaren Unikat. Hauptmerkmale: Edles Material: Ausgew\u00e4hltes, handbearbeitetes Olivenholz Ergonomisches Design f\u00fcr ein fl\u00fcssiges und angenehmes Schreibgef\u00fchl Elegante Metallelemente, die&#8230;<\/p>\n","protected":false},"featured_media":8478,"template":"","meta":{"_acf_changed":false},"product_brand":[],"product_cat":[366,291],"product_tag":[],"class_list":{"0":"post-8477","1":"product","2":"type-product","3":"status-publish","4":"has-post-thumbnail","6":"product_cat-geschenkartikel","7":"product_cat-kugelschreiber","9":"first","10":"instock","11":"taxable","12":"shipping-taxable","13":"purchasable","14":"product-type-simple"},"acf":[],"_links":{"self":[{"href":"https:\/\/www.dolivo.shop\/de\/wp-json\/wp\/v2\/product\/8477","targetHints":{"allow":["GET"]}}],"collection":[{"href":"https:\/\/www.dolivo.shop\/de\/wp-json\/wp\/v2\/product"}],"about":[{"href":"https:\/\/www.dolivo.shop\/de\/wp-json\/wp\/v2\/types\/product"}],"wp:featuredmedia":[{"embeddable":true,"href":"https:\/\/www.dolivo.shop\/de\/wp-json\/wp\/v2\/media\/8478"}],"wp:attachment":[{"href":"https:\/\/www.dolivo.shop\/de\/wp-json\/wp\/v2\/media?parent=8477"}],"wp:term":[{"taxonomy":"product_brand","embeddable":true,"href":"https:\/\/www.dolivo.shop\/de\/wp-json\/wp\/v2\/product_brand?post=8477"},{"taxonomy":"product_cat","embeddable":true,"href":"https:\/\/www.dolivo.shop\/de\/wp-json\/wp\/v2\/product_cat?post=8477"},{"taxonomy":"product_tag","embeddable":true,"href":"https:\/\/www.dolivo.shop\/de\/wp-json\/wp\/v2\/product_tag?post=8477"}],"curies":[{"name":"wp","href":"https:\/\/api.w.org\/{rel}","templated":true}]}}