{"id":8488,"date":"2021-06-24T15:59:34","date_gmt":"2021-06-24T14:59:34","guid":{"rendered":"https:\/\/www.dolivo.shop\/prodotto\/paola\/"},"modified":"2022-01-27T14:52:15","modified_gmt":"2022-01-27T13:52:15","slug":"paola","status":"publish","type":"product","link":"https:\/\/www.dolivo.shop\/de\/produkt\/paola\/","title":{"rendered":"Paola"},"content":{"rendered":"<p>Handgefertigter Kugelschreiber mit austauschbarer Kugelschreibermine. \u00d6ffnung zum Aufdrehen.<br \/>\nEinschlie\u00dflich Etui aus schwarzem Stoff.<\/p>\n<p>1\u00d713.5 cm.<\/p>\n","protected":false},"excerpt":{"rendered":"<p>Handgefertigter Kugelschreiber mit austauschbarer Kugelschreibermine. \u00d6ffnung zum Aufdrehen. Einschlie\u00dflich Etui aus schwarzem Stoff. 1\u00d713.5 cm.<\/p>\n","protected":false},"featured_media":8489,"template":"","meta":{"_acf_changed":false},"product_brand":[],"product_cat":[366,291],"product_tag":[],"class_list":{"0":"post-8488","1":"product","2":"type-product","3":"status-publish","4":"has-post-thumbnail","6":"product_cat-geschenkartikel","7":"product_cat-kugelschreiber","9":"first","10":"instock","11":"taxable","12":"shipping-taxable","13":"purchasable","14":"product-type-simple"},"acf":[],"_links":{"self":[{"href":"https:\/\/www.dolivo.shop\/de\/wp-json\/wp\/v2\/product\/8488","targetHints":{"allow":["GET"]}}],"collection":[{"href":"https:\/\/www.dolivo.shop\/de\/wp-json\/wp\/v2\/product"}],"about":[{"href":"https:\/\/www.dolivo.shop\/de\/wp-json\/wp\/v2\/types\/product"}],"wp:featuredmedia":[{"embeddable":true,"href":"https:\/\/www.dolivo.shop\/de\/wp-json\/wp\/v2\/media\/8489"}],"wp:attachment":[{"href":"https:\/\/www.dolivo.shop\/de\/wp-json\/wp\/v2\/media?parent=8488"}],"wp:term":[{"taxonomy":"product_brand","embeddable":true,"href":"https:\/\/www.dolivo.shop\/de\/wp-json\/wp\/v2\/product_brand?post=8488"},{"taxonomy":"product_cat","embeddable":true,"href":"https:\/\/www.dolivo.shop\/de\/wp-json\/wp\/v2\/product_cat?post=8488"},{"taxonomy":"product_tag","embeddable":true,"href":"https:\/\/www.dolivo.shop\/de\/wp-json\/wp\/v2\/product_tag?post=8488"}],"curies":[{"name":"wp","href":"https:\/\/api.w.org\/{rel}","templated":true}]}}