{"id":8493,"date":"2021-06-24T15:59:34","date_gmt":"2021-06-24T14:59:34","guid":{"rendered":"https:\/\/www.dolivo.shop\/prodotto\/solfia\/"},"modified":"2023-12-06T15:23:41","modified_gmt":"2023-12-06T14:23:41","slug":"solfia","status":"publish","type":"product","link":"https:\/\/www.dolivo.shop\/de\/produkt\/solfia\/","title":{"rendered":"Solfia"},"content":{"rendered":"<p>Handgefertigter Kugelschreiber mit austauschbarer Kugelschreibermine. \u00d6ffnung zum Aufdrehen.<br \/>\nEinschlie\u00dflich Etui aus schwarzem Stoff.<\/p>\n<p>1\u00d713.5 cm.<\/p>\n","protected":false},"excerpt":{"rendered":"<p>Handgefertigter Kugelschreiber mit austauschbarer Kugelschreibermine. \u00d6ffnung zum Aufdrehen. Einschlie\u00dflich Etui aus schwarzem Stoff. 1\u00d713.5 cm.<\/p>\n","protected":false},"featured_media":8494,"template":"","meta":{"_acf_changed":false},"product_brand":[],"product_cat":[366,291],"product_tag":[],"class_list":{"0":"post-8493","1":"product","2":"type-product","3":"status-publish","4":"has-post-thumbnail","6":"product_cat-geschenkartikel","7":"product_cat-kugelschreiber","9":"first","10":"instock","11":"taxable","12":"shipping-taxable","13":"purchasable","14":"product-type-simple"},"acf":[],"_links":{"self":[{"href":"https:\/\/www.dolivo.shop\/de\/wp-json\/wp\/v2\/product\/8493","targetHints":{"allow":["GET"]}}],"collection":[{"href":"https:\/\/www.dolivo.shop\/de\/wp-json\/wp\/v2\/product"}],"about":[{"href":"https:\/\/www.dolivo.shop\/de\/wp-json\/wp\/v2\/types\/product"}],"wp:featuredmedia":[{"embeddable":true,"href":"https:\/\/www.dolivo.shop\/de\/wp-json\/wp\/v2\/media\/8494"}],"wp:attachment":[{"href":"https:\/\/www.dolivo.shop\/de\/wp-json\/wp\/v2\/media?parent=8493"}],"wp:term":[{"taxonomy":"product_brand","embeddable":true,"href":"https:\/\/www.dolivo.shop\/de\/wp-json\/wp\/v2\/product_brand?post=8493"},{"taxonomy":"product_cat","embeddable":true,"href":"https:\/\/www.dolivo.shop\/de\/wp-json\/wp\/v2\/product_cat?post=8493"},{"taxonomy":"product_tag","embeddable":true,"href":"https:\/\/www.dolivo.shop\/de\/wp-json\/wp\/v2\/product_tag?post=8493"}],"curies":[{"name":"wp","href":"https:\/\/api.w.org\/{rel}","templated":true}]}}