{"id":8517,"date":"2021-06-24T15:59:35","date_gmt":"2021-06-24T14:59:35","guid":{"rendered":"https:\/\/www.dolivo.shop\/prodotto\/wildschwein\/"},"modified":"2021-12-19T10:15:12","modified_gmt":"2021-12-19T09:15:12","slug":"wildschwein","status":"publish","type":"product","link":"https:\/\/www.dolivo.shop\/de\/produkt\/wildschwein\/","title":{"rendered":"Wildschwein"},"content":{"rendered":"<p>Gedacht als Servietten-, Post- oder Handyhalter.\u00a0Ein n\u00fctzlicher und dekorativer Artikel.<\/p>\n<p>Gr\u00f6\u00dfe 6x14x9 cm.<\/p>\n","protected":false},"excerpt":{"rendered":"<p>Gedacht als Servietten-, Post- oder Handyhalter.\u00a0Ein n\u00fctzlicher und dekorativer Artikel. Gr\u00f6\u00dfe 6x14x9 cm.<\/p>\n","protected":false},"featured_media":8518,"template":"","meta":{"_acf_changed":false},"product_brand":[],"product_cat":[366,292],"product_tag":[],"class_list":{"0":"post-8517","1":"product","2":"type-product","3":"status-publish","4":"has-post-thumbnail","6":"product_cat-geschenkartikel","7":"product_cat-serviettenhalter","9":"first","10":"instock","11":"taxable","12":"shipping-taxable","13":"purchasable","14":"product-type-simple"},"acf":[],"_links":{"self":[{"href":"https:\/\/www.dolivo.shop\/de\/wp-json\/wp\/v2\/product\/8517","targetHints":{"allow":["GET"]}}],"collection":[{"href":"https:\/\/www.dolivo.shop\/de\/wp-json\/wp\/v2\/product"}],"about":[{"href":"https:\/\/www.dolivo.shop\/de\/wp-json\/wp\/v2\/types\/product"}],"wp:featuredmedia":[{"embeddable":true,"href":"https:\/\/www.dolivo.shop\/de\/wp-json\/wp\/v2\/media\/8518"}],"wp:attachment":[{"href":"https:\/\/www.dolivo.shop\/de\/wp-json\/wp\/v2\/media?parent=8517"}],"wp:term":[{"taxonomy":"product_brand","embeddable":true,"href":"https:\/\/www.dolivo.shop\/de\/wp-json\/wp\/v2\/product_brand?post=8517"},{"taxonomy":"product_cat","embeddable":true,"href":"https:\/\/www.dolivo.shop\/de\/wp-json\/wp\/v2\/product_cat?post=8517"},{"taxonomy":"product_tag","embeddable":true,"href":"https:\/\/www.dolivo.shop\/de\/wp-json\/wp\/v2\/product_tag?post=8517"}],"curies":[{"name":"wp","href":"https:\/\/api.w.org\/{rel}","templated":true}]}}