{"id":8547,"date":"2021-06-24T15:57:16","date_gmt":"2021-06-24T14:57:16","guid":{"rendered":"https:\/\/www.dolivo.shop\/prodotto\/mietze\/"},"modified":"2025-10-01T17:10:56","modified_gmt":"2025-10-01T16:10:56","slug":"mietze","status":"publish","type":"product","link":"https:\/\/www.dolivo.shop\/de\/produkt\/mietze\/","title":{"rendered":"Katzen-Serviettenhalter aus Olivenholz"},"content":{"rendered":"<p class=\"p3\">Gedacht als Serviettenhalter, Briefhalter oder Handyhalter.<\/p>\n<p class=\"p3\">Ein schlichtes und zugleich praktisches Accessoire: Gefertigt aus edlem Olivenholz verbindet es <strong>originelles Design<\/strong> mit <strong>Funktionalit\u00e4t<\/strong>. Perfekt, um der K\u00fcche oder dem Wohnzimmer eine warme, nat\u00fcrliche Note zu verleihen.<\/p>\n<p class=\"p3\">Das <strong>Olivenholz<\/strong>, mit seiner einzigartigen Maserung und den warmen, beruhigenden Farbt\u00f6nen, macht jede Katze zu einem <strong>Unikat<\/strong>. Ausschlie\u00dflich mit nat\u00fcrlichem \u00d6l behandelt \u2013 frei von Lacken oder chemischen Zus\u00e4tzen \u2013 im vollen Einklang mit handwerklicher Tradition und Umwelt.<\/p>\n<p class=\"p3\"><strong>Nachhaltig und authentisch<\/strong> \u2013 Olivenholz ist eine bewusste Wahl f\u00fcr alle, die Sch\u00f6nheit, Alltagstauglichkeit, Natur und Handwerkskunst sch\u00e4tzen.<\/p>\n<h3 class=\"p1\"><b>Eine originelle Idee f\u00fcr ein umweltfreundliches Geschenk<\/b><b><\/b><\/h3>\n<p class=\"p3\">Durch seinen nat\u00fcrlichen Stil und die handwerkliche Verarbeitung eignet er sich hervorragend als Pr\u00e4sent f\u00fcr <em>Hochzeiten, Kommunionen oder besondere Anl\u00e4sse<\/em>. Auf Wunsch sind auch personalisierte <strong>Gravuren<\/strong> m\u00f6glich.<\/p>\n<p>&nbsp;<\/p>\n<p class=\"p3\"><span class=\"s1\"><b>Ma\u00dfe:<\/b><\/span> Breite 6 cm, L\u00e4nge 14 cm, H\u00f6he 14 cm.<\/p>\n<h4 class=\"p1\"><b>Wichtiger Hinweis<\/b><b><\/b><\/h4>\n<p class=\"p3\"><em>Handgefertigtes Produkt: Kleine Unregelm\u00e4\u00dfigkeiten oder leichte Abweichungen sind keine M\u00e4ngel, sondern ein Zeichen der Echtheit und Einzigartigkeit.<\/em><\/p>\n","protected":false},"excerpt":{"rendered":"<p>Gedacht als Serviettenhalter, Briefhalter oder Handyhalter. Ein schlichtes und zugleich praktisches Accessoire: Gefertigt aus edlem Olivenholz verbindet es originelles Design mit Funktionalit\u00e4t. Perfekt, um der K\u00fcche oder dem Wohnzimmer eine warme, nat\u00fcrliche Note zu verleihen. Das Olivenholz, mit seiner einzigartigen Maserung und den warmen, beruhigenden Farbt\u00f6nen, macht jede Katze zu einem Unikat. Ausschlie\u00dflich mit nat\u00fcrlichem&#8230;<\/p>\n","protected":false},"featured_media":8548,"template":"","meta":{"_acf_changed":false},"product_brand":[],"product_cat":[366,292],"product_tag":[],"class_list":{"0":"post-8547","1":"product","2":"type-product","3":"status-publish","4":"has-post-thumbnail","6":"product_cat-geschenkartikel","7":"product_cat-serviettenhalter","9":"first","10":"instock","11":"taxable","12":"shipping-taxable","13":"purchasable","14":"product-type-simple"},"acf":[],"_links":{"self":[{"href":"https:\/\/www.dolivo.shop\/de\/wp-json\/wp\/v2\/product\/8547","targetHints":{"allow":["GET"]}}],"collection":[{"href":"https:\/\/www.dolivo.shop\/de\/wp-json\/wp\/v2\/product"}],"about":[{"href":"https:\/\/www.dolivo.shop\/de\/wp-json\/wp\/v2\/types\/product"}],"wp:featuredmedia":[{"embeddable":true,"href":"https:\/\/www.dolivo.shop\/de\/wp-json\/wp\/v2\/media\/8548"}],"wp:attachment":[{"href":"https:\/\/www.dolivo.shop\/de\/wp-json\/wp\/v2\/media?parent=8547"}],"wp:term":[{"taxonomy":"product_brand","embeddable":true,"href":"https:\/\/www.dolivo.shop\/de\/wp-json\/wp\/v2\/product_brand?post=8547"},{"taxonomy":"product_cat","embeddable":true,"href":"https:\/\/www.dolivo.shop\/de\/wp-json\/wp\/v2\/product_cat?post=8547"},{"taxonomy":"product_tag","embeddable":true,"href":"https:\/\/www.dolivo.shop\/de\/wp-json\/wp\/v2\/product_tag?post=8547"}],"curies":[{"name":"wp","href":"https:\/\/api.w.org\/{rel}","templated":true}]}}