{"id":8556,"date":"2021-06-24T15:57:16","date_gmt":"2021-06-24T14:57:16","guid":{"rendered":"https:\/\/www.dolivo.shop\/prodotto\/eule\/"},"modified":"2025-03-18T16:30:31","modified_gmt":"2025-03-18T15:30:31","slug":"eule","status":"publish","type":"product","link":"https:\/\/www.dolivo.shop\/de\/produkt\/eule\/","title":{"rendered":"Eule"},"content":{"rendered":"<p>Gedacht als Servietten-, Post- oder Handyhalter.\u00a0Ein n\u00fctzlicher und dekorativer Artikel.<\/p>\n<p>Gr\u00f6\u00dfe 6x14x14 cm.<\/p>\n","protected":false},"excerpt":{"rendered":"<p>Gedacht als Servietten-, Post- oder Handyhalter.\u00a0Ein n\u00fctzlicher und dekorativer Artikel. Gr\u00f6\u00dfe 6x14x14 cm.<\/p>\n","protected":false},"featured_media":1409,"template":"","meta":{"_acf_changed":false},"product_brand":[],"product_cat":[366,292],"product_tag":[],"class_list":{"0":"post-8556","1":"product","2":"type-product","3":"status-publish","4":"has-post-thumbnail","6":"product_cat-geschenkartikel","7":"product_cat-serviettenhalter","9":"first","10":"instock","11":"taxable","12":"shipping-taxable","13":"purchasable","14":"product-type-simple"},"acf":[],"_links":{"self":[{"href":"https:\/\/www.dolivo.shop\/de\/wp-json\/wp\/v2\/product\/8556","targetHints":{"allow":["GET"]}}],"collection":[{"href":"https:\/\/www.dolivo.shop\/de\/wp-json\/wp\/v2\/product"}],"about":[{"href":"https:\/\/www.dolivo.shop\/de\/wp-json\/wp\/v2\/types\/product"}],"wp:featuredmedia":[{"embeddable":true,"href":"https:\/\/www.dolivo.shop\/de\/wp-json\/wp\/v2\/media\/1409"}],"wp:attachment":[{"href":"https:\/\/www.dolivo.shop\/de\/wp-json\/wp\/v2\/media?parent=8556"}],"wp:term":[{"taxonomy":"product_brand","embeddable":true,"href":"https:\/\/www.dolivo.shop\/de\/wp-json\/wp\/v2\/product_brand?post=8556"},{"taxonomy":"product_cat","embeddable":true,"href":"https:\/\/www.dolivo.shop\/de\/wp-json\/wp\/v2\/product_cat?post=8556"},{"taxonomy":"product_tag","embeddable":true,"href":"https:\/\/www.dolivo.shop\/de\/wp-json\/wp\/v2\/product_tag?post=8556"}],"curies":[{"name":"wp","href":"https:\/\/api.w.org\/{rel}","templated":true}]}}