{"id":8654,"date":"2021-06-24T15:59:52","date_gmt":"2021-06-24T14:59:52","guid":{"rendered":"https:\/\/www.dolivo.shop\/prodotto\/schachbrett-mit\/"},"modified":"2025-07-12T17:34:23","modified_gmt":"2025-07-12T16:34:23","slug":"schachbrett-mit","status":"publish","type":"product","link":"https:\/\/www.dolivo.shop\/de\/produkt\/schachbrett-mit\/","title":{"rendered":"Handgefertigtes Schachbrett aus Olivenholz mit Schubladen"},"content":{"rendered":"<p>Bringen Sie italienische Handwerkskunst in Ihr Zuhause mit unserem handgefertigten Schachbrett aus Olivenholz mit Schubladen. Jedes St\u00fcck ist ein Unikat und vollst\u00e4ndig von Hand gefertigt \u2013 selbst die dunklen Felder bestehen aus eingef\u00e4rbtem Olivenholz und garantieren so eine 100% nat\u00fcrliche und authentische Ausf\u00fchrung.<br \/>\nDas Schachbrett verf\u00fcgt \u00fcber praktische Schubladen zur Aufbewahrung der Schachfiguren, die alle von erfahrenen Kunsthandwerkern in Umbrien von Hand gedrechselt werden. Kleine Unterschiede in Form und Gr\u00f6\u00dfe machen jedes Schachbrett einzigartig und betonen die wundersch\u00f6ne Maserung des Olivenholzes.<\/p>\n<p>Verf\u00fcgbar in vier Gr\u00f6\u00dfen:<\/p>\n<ul>\n<li>30\u00d730 cm (Spielfl\u00e4che 16\u00d716 cm)<\/li>\n<li>35\u00d735 cm (Spielfl\u00e4che 20\u00d720 cm)<\/li>\n<li>38\u00d738 cm (Spielfl\u00e4che 24\u00d724 cm)<\/li>\n<li>45\u00d745 cm (Spielfl\u00e4che 28\u00d728 cm)<\/li>\n<\/ul>\n<p>Material: naturbelassenes Olivenholz, ge\u00f6lt.<br \/>\n100% Made in Italy, echtes Kunsthandwerk.<br data-start=\"1105\" data-end=\"1108\" \/><strong>Personalisierung m\u00f6glich:<\/strong> Auf Wunsch gravieren wir Ihren Text oder Ihr Logo f\u00fcr ein ganz pers\u00f6nliches Geschenk.<\/p>\n<p>Entscheiden Sie sich f\u00fcr D\u2019Olivo \u2013 f\u00fcr Qualit\u00e4t, Tradition und stilvolle Schachpartien mit einzigartigem Flair.<\/p>\n","protected":false},"excerpt":{"rendered":"<p>Bringen Sie italienische Handwerkskunst in Ihr Zuhause mit unserem handgefertigten Schachbrett aus Olivenholz mit Schubladen. Jedes St\u00fcck ist ein Unikat und vollst\u00e4ndig von Hand gefertigt \u2013 selbst die dunklen Felder bestehen aus eingef\u00e4rbtem Olivenholz und garantieren so eine 100% nat\u00fcrliche und authentische Ausf\u00fchrung. Das Schachbrett verf\u00fcgt \u00fcber praktische Schubladen zur Aufbewahrung der Schachfiguren, die alle&#8230;<\/p>\n","protected":false},"featured_media":8659,"template":"","meta":{"_acf_changed":false},"product_brand":[],"product_cat":[366,294],"product_tag":[],"class_list":{"0":"post-8654","1":"product","2":"type-product","3":"status-publish","4":"has-post-thumbnail","6":"product_cat-geschenkartikel","7":"product_cat-spielzeug","9":"first","10":"instock","11":"taxable","12":"shipping-taxable","13":"purchasable","14":"product-type-variable"},"acf":[],"_links":{"self":[{"href":"https:\/\/www.dolivo.shop\/de\/wp-json\/wp\/v2\/product\/8654","targetHints":{"allow":["GET"]}}],"collection":[{"href":"https:\/\/www.dolivo.shop\/de\/wp-json\/wp\/v2\/product"}],"about":[{"href":"https:\/\/www.dolivo.shop\/de\/wp-json\/wp\/v2\/types\/product"}],"wp:featuredmedia":[{"embeddable":true,"href":"https:\/\/www.dolivo.shop\/de\/wp-json\/wp\/v2\/media\/8659"}],"wp:attachment":[{"href":"https:\/\/www.dolivo.shop\/de\/wp-json\/wp\/v2\/media?parent=8654"}],"wp:term":[{"taxonomy":"product_brand","embeddable":true,"href":"https:\/\/www.dolivo.shop\/de\/wp-json\/wp\/v2\/product_brand?post=8654"},{"taxonomy":"product_cat","embeddable":true,"href":"https:\/\/www.dolivo.shop\/de\/wp-json\/wp\/v2\/product_cat?post=8654"},{"taxonomy":"product_tag","embeddable":true,"href":"https:\/\/www.dolivo.shop\/de\/wp-json\/wp\/v2\/product_tag?post=8654"}],"curies":[{"name":"wp","href":"https:\/\/api.w.org\/{rel}","templated":true}]}}