{"id":8724,"date":"2021-09-22T15:51:19","date_gmt":"2021-09-22T14:51:19","guid":{"rendered":"https:\/\/www.dolivo.shop\/prodotto\/kerzenhalter\/"},"modified":"2025-09-17T16:44:38","modified_gmt":"2025-09-17T15:44:38","slug":"kerzenhalter","status":"publish","type":"product","link":"https:\/\/www.dolivo.shop\/de\/produkt\/kerzenhalter\/","title":{"rendered":"Kerzenhalter"},"content":{"rendered":"<p class=\"p1\"><b>Kometenstern-Kerzenhalter aus Olivenholz<\/b><b><\/b><\/p>\n<p class=\"p3\">Eleganter Kerzenhalter aus edlem <strong>Olivenholz<\/strong>, handgefertigt in Form eines Kometensterns \u2013 einem klassischen Weihnachtssymbol, das f\u00fcr Licht, Hoffnung und spirituelle Orientierung steht.<\/p>\n<p class=\"p3\">Das <strong>geschwungene Design<\/strong> bietet Platz f\u00fcr vier Teelichter und bringt die warmen, nat\u00fcrlichen Maserungen des Olivenholzes besonders sch\u00f6n zur Geltung. Ideal als dekoratives Element f\u00fcr die Weihnachtszeit: Er verbindet <strong>Spiritualit\u00e4t<\/strong> mit Handwerkskunst und verleiht dem Zuhause eine behagliche Atmosph\u00e4re.<\/p>\n<p class=\"p3\">Kerzenhalter-\u00d6ffnung: 3,9 cm. 4 Teelichter im Lieferumfang enthalten.<\/p>\n<p>&nbsp;<\/p>\n<p class=\"p3\">Das <strong>Olivenholz<\/strong> mit seiner charakteristischen Maserung und den warmen Farbt\u00f6nen macht jeden Stern zu einem <strong>Unikat<\/strong>. Ausschlie\u00dflich mit nat\u00fcrlichem \u00d6l behandelt \u2013 frei von Lacken oder Chemikalien \u2013 im Einklang mit traditioneller Handwerkskunst und Umweltbewusstsein.<\/p>\n<p class=\"p3\"><strong>Nachhaltig und authentisch<\/strong>: Olivenholz ist die bewusste Wahl f\u00fcr alle, die Sch\u00f6nheit, Alltagstauglichkeit, Natur und Handwerk sch\u00e4tzen.<\/p>\n<h3 class=\"p1\"><b>Eine originelle Idee f\u00fcr ein umweltfreundliches Gastgeschenk<\/b><b><\/b><\/h3>\n<p class=\"p3\">Durch seinen nat\u00fcrlichen Stil und die handwerkliche Verarbeitung ist er ein besonderes Pr\u00e4sent f\u00fcr <em>Hochzeiten, Kommunionen oder andere festliche Anl\u00e4sse<\/em>.<\/p>\n<p class=\"p3\">Auf Wunsch k\u00f6nnen <strong>individuelle Gravuren<\/strong> angefertigt werden.<\/p>\n<p>&nbsp;<\/p>\n<p class=\"p3\"><span class=\"s1\"><b>Ma\u00dfe:<\/b><\/span> 10 \u00d7 33 cm.<\/p>\n","protected":false},"excerpt":{"rendered":"<p>Kometenstern-Kerzenhalter aus Olivenholz Eleganter Kerzenhalter aus edlem Olivenholz, handgefertigt in Form eines Kometensterns \u2013 einem klassischen Weihnachtssymbol, das f\u00fcr Licht, Hoffnung und spirituelle Orientierung steht. Das geschwungene Design bietet Platz f\u00fcr vier Teelichter und bringt die warmen, nat\u00fcrlichen Maserungen des Olivenholzes besonders sch\u00f6n zur Geltung. Ideal als dekoratives Element f\u00fcr die Weihnachtszeit: Er verbindet Spiritualit\u00e4t&#8230;<\/p>\n","protected":false},"featured_media":8729,"template":"","meta":{"_acf_changed":false},"product_brand":[],"product_cat":[366,884],"product_tag":[],"class_list":{"0":"post-8724","1":"product","2":"type-product","3":"status-publish","4":"has-post-thumbnail","6":"product_cat-geschenkartikel","7":"product_cat-ollampen-kerzenhalter","9":"first","10":"instock","11":"taxable","12":"shipping-taxable","13":"purchasable","14":"product-type-simple"},"acf":[],"_links":{"self":[{"href":"https:\/\/www.dolivo.shop\/de\/wp-json\/wp\/v2\/product\/8724","targetHints":{"allow":["GET"]}}],"collection":[{"href":"https:\/\/www.dolivo.shop\/de\/wp-json\/wp\/v2\/product"}],"about":[{"href":"https:\/\/www.dolivo.shop\/de\/wp-json\/wp\/v2\/types\/product"}],"wp:featuredmedia":[{"embeddable":true,"href":"https:\/\/www.dolivo.shop\/de\/wp-json\/wp\/v2\/media\/8729"}],"wp:attachment":[{"href":"https:\/\/www.dolivo.shop\/de\/wp-json\/wp\/v2\/media?parent=8724"}],"wp:term":[{"taxonomy":"product_brand","embeddable":true,"href":"https:\/\/www.dolivo.shop\/de\/wp-json\/wp\/v2\/product_brand?post=8724"},{"taxonomy":"product_cat","embeddable":true,"href":"https:\/\/www.dolivo.shop\/de\/wp-json\/wp\/v2\/product_cat?post=8724"},{"taxonomy":"product_tag","embeddable":true,"href":"https:\/\/www.dolivo.shop\/de\/wp-json\/wp\/v2\/product_tag?post=8724"}],"curies":[{"name":"wp","href":"https:\/\/api.w.org\/{rel}","templated":true}]}}