{"id":8730,"date":"2021-09-22T14:50:47","date_gmt":"2021-09-22T13:50:47","guid":{"rendered":"https:\/\/www.dolivo.shop\/prodotto\/kerzenhalter-2\/"},"modified":"2025-09-17T16:50:01","modified_gmt":"2025-09-17T15:50:01","slug":"kerzenhalter-2","status":"publish","type":"product","link":"https:\/\/www.dolivo.shop\/de\/produkt\/kerzenhalter-2\/","title":{"rendered":"Tau Kerzenhalter"},"content":{"rendered":"<p class=\"p1\">Dieser Kerzenhalter ist f\u00fcr drei Teelichter ausgelegt und hebt die <strong>nat\u00fcrliche Sch\u00f6nheit<\/strong> der einzigartigen Maserung des Olivenholzes hervor. Ideal f\u00fcr Momente des Gebets, der Meditation oder als symbolisches und elegantes Wohnaccessoire. Er vereint \u00c4sthetik, Handwerkskunst und spirituelle Bedeutung.<\/p>\n<p class=\"p3\">Kerzenhalter-\u00d6ffnung: 3,9 cm. 3 Teelichter im Lieferumfang enthalten.<\/p>\n<p>&nbsp;<\/p>\n<p class=\"p3\">Das <strong>Olivenholz<\/strong> mit seiner charakteristischen Maserung und den warmen Farbt\u00f6nen macht jedes Tau zu einem <strong>Unikat<\/strong>. Ausschlie\u00dflich mit nat\u00fcrlichem \u00d6l behandelt \u2013 frei von Lacken oder Chemikalien \u2013 im Einklang mit traditioneller Handwerkskunst und Umweltbewusstsein.<\/p>\n<p class=\"p3\"><strong>Nachhaltig und authentisch<\/strong>: Olivenholz ist die bewusste Wahl f\u00fcr alle, die Sch\u00f6nheit, Alltagstauglichkeit, Natur und Handwerk sch\u00e4tzen.<\/p>\n<h3 class=\"p1\"><b>Eine originelle Idee f\u00fcr ein umweltfreundliches Gastgeschenk<\/b><b><\/b><\/h3>\n<p class=\"p3\">Durch seinen nat\u00fcrlichen Stil und die handwerkliche Verarbeitung ist er ein besonderes Pr\u00e4sent f\u00fcr <em>Hochzeiten, Kommunionen oder andere festliche Anl\u00e4sse<\/em>.<\/p>\n<p class=\"p3\">Auf Wunsch k\u00f6nnen <strong>individuelle Gravuren<\/strong> angefertigt werden.<\/p>\n<p>&nbsp;<\/p>\n<p class=\"p3\"><span class=\"s1\"><b>Ma\u00dfe:<\/b><\/span> 19 \u00d7 27 cm.<\/p>\n","protected":false},"excerpt":{"rendered":"<p>Dieser Kerzenhalter ist f\u00fcr drei Teelichter ausgelegt und hebt die nat\u00fcrliche Sch\u00f6nheit der einzigartigen Maserung des Olivenholzes hervor. Ideal f\u00fcr Momente des Gebets, der Meditation oder als symbolisches und elegantes Wohnaccessoire. Er vereint \u00c4sthetik, Handwerkskunst und spirituelle Bedeutung. Kerzenhalter-\u00d6ffnung: 3,9 cm. 3 Teelichter im Lieferumfang enthalten. &nbsp; Das Olivenholz mit seiner charakteristischen Maserung und den&#8230;<\/p>\n","protected":false},"featured_media":8737,"template":"","meta":{"_acf_changed":false},"product_brand":[],"product_cat":[366,884],"product_tag":[],"class_list":{"0":"post-8730","1":"product","2":"type-product","3":"status-publish","4":"has-post-thumbnail","6":"product_cat-geschenkartikel","7":"product_cat-ollampen-kerzenhalter","9":"first","10":"instock","11":"sale","12":"taxable","13":"shipping-taxable","14":"purchasable","15":"product-type-simple"},"acf":[],"_links":{"self":[{"href":"https:\/\/www.dolivo.shop\/de\/wp-json\/wp\/v2\/product\/8730","targetHints":{"allow":["GET"]}}],"collection":[{"href":"https:\/\/www.dolivo.shop\/de\/wp-json\/wp\/v2\/product"}],"about":[{"href":"https:\/\/www.dolivo.shop\/de\/wp-json\/wp\/v2\/types\/product"}],"wp:featuredmedia":[{"embeddable":true,"href":"https:\/\/www.dolivo.shop\/de\/wp-json\/wp\/v2\/media\/8737"}],"wp:attachment":[{"href":"https:\/\/www.dolivo.shop\/de\/wp-json\/wp\/v2\/media?parent=8730"}],"wp:term":[{"taxonomy":"product_brand","embeddable":true,"href":"https:\/\/www.dolivo.shop\/de\/wp-json\/wp\/v2\/product_brand?post=8730"},{"taxonomy":"product_cat","embeddable":true,"href":"https:\/\/www.dolivo.shop\/de\/wp-json\/wp\/v2\/product_cat?post=8730"},{"taxonomy":"product_tag","embeddable":true,"href":"https:\/\/www.dolivo.shop\/de\/wp-json\/wp\/v2\/product_tag?post=8730"}],"curies":[{"name":"wp","href":"https:\/\/api.w.org\/{rel}","templated":true}]}}