{"id":8771,"date":"2021-06-24T16:00:12","date_gmt":"2021-06-24T15:00:12","guid":{"rendered":"https:\/\/www.dolivo.shop\/prodotto\/8771\/"},"modified":"2025-09-17T16:34:37","modified_gmt":"2025-09-17T15:34:37","slug":"8771","status":"publish","type":"product","link":"https:\/\/www.dolivo.shop\/de\/produkt\/8771\/","title":{"rendered":"Notfall-Licht"},"content":{"rendered":"<p class=\"p3\">Das Notlicht aus Olivenholz ist ein handgefertigtes Accessoire, das<span>\u00a0<\/span><strong>Funktionalit\u00e4t<\/strong><span>\u00a0<\/span>mit<span>\u00a0<\/span><strong>nat\u00fcrlichem Design<\/strong><span>\u00a0<\/span>verbindet: Es besteht aus einem Holzhalter mit Aussparung f\u00fcr ein<span>\u00a0<\/span><strong>Teelicht<\/strong><span>\u00a0<\/span>sowie einem<span>\u00a0<\/span><strong>seitlichen Fach f\u00fcr Streichh\u00f6lzer<\/strong><span>\u00a0<\/span>mit integrierter Reibfl\u00e4che. Entwickelt, um im Falle eines Stromausfalls oder in Notsituationen sofort Licht zu spenden, ist es zugleich ein<span>\u00a0<\/span><strong>dekoratives Objekt<\/strong><span>\u00a0<\/span>\u2013 ideal f\u00fcr rustikal eingerichtete H\u00e4user oder als originelle Geschenkidee.<\/p>\n<p class=\"p3\">Kerzenhalter-\u00d6ffnung: 3,8 cm. Inklusive 40 Streichh\u00f6lzer und einer Kerze.<\/p>\n<h3 class=\"p1\"><b>Eine originelle Idee f\u00fcr ein umweltfreundliches Gastgeschenk<\/b><b><\/b><\/h3>\n<p class=\"p3\">Durch seinen nat\u00fcrlichen Stil und die handwerkliche Verarbeitung ist es ein besonderes Pr\u00e4sent f\u00fcr<span>\u00a0<\/span><em>Hochzeiten, Kommunionen oder andere festliche Anl\u00e4sse<\/em>.<\/p>\n<p class=\"p3\">Auf Wunsch k\u00f6nnen<span>\u00a0<\/span><strong>individuelle Gravuren<\/strong><span>\u00a0<\/span>angefertigt werden.<\/p>\n<p>&nbsp;<\/p>\n<p class=\"p3\"><span class=\"s1\"><b>Ma\u00dfe:<\/b><\/span><span>\u00a0<\/span>5 \u00d7 9 \u00d7 2,7 cm.<\/p>\n","protected":false},"excerpt":{"rendered":"<p>Das Notlicht aus Olivenholz ist ein handgefertigtes Accessoire, das\u00a0Funktionalit\u00e4t\u00a0mit\u00a0nat\u00fcrlichem Design\u00a0verbindet: Es besteht aus einem Holzhalter mit Aussparung f\u00fcr ein\u00a0Teelicht\u00a0sowie einem\u00a0seitlichen Fach f\u00fcr Streichh\u00f6lzer\u00a0mit integrierter Reibfl\u00e4che. Entwickelt, um im Falle eines Stromausfalls oder in Notsituationen sofort Licht zu spenden, ist es zugleich ein\u00a0dekoratives Objekt\u00a0\u2013 ideal f\u00fcr rustikal eingerichtete H\u00e4user oder als originelle Geschenkidee. Kerzenhalter-\u00d6ffnung: 3,8 cm&#8230;.<\/p>\n","protected":false},"featured_media":8772,"template":"","meta":{"_acf_changed":false},"product_brand":[],"product_cat":[366,884],"product_tag":[],"class_list":{"0":"post-8771","1":"product","2":"type-product","3":"status-publish","4":"has-post-thumbnail","6":"product_cat-geschenkartikel","7":"product_cat-ollampen-kerzenhalter","9":"first","10":"instock","11":"taxable","12":"shipping-taxable","13":"purchasable","14":"product-type-simple"},"acf":[],"_links":{"self":[{"href":"https:\/\/www.dolivo.shop\/de\/wp-json\/wp\/v2\/product\/8771","targetHints":{"allow":["GET"]}}],"collection":[{"href":"https:\/\/www.dolivo.shop\/de\/wp-json\/wp\/v2\/product"}],"about":[{"href":"https:\/\/www.dolivo.shop\/de\/wp-json\/wp\/v2\/types\/product"}],"wp:featuredmedia":[{"embeddable":true,"href":"https:\/\/www.dolivo.shop\/de\/wp-json\/wp\/v2\/media\/8772"}],"wp:attachment":[{"href":"https:\/\/www.dolivo.shop\/de\/wp-json\/wp\/v2\/media?parent=8771"}],"wp:term":[{"taxonomy":"product_brand","embeddable":true,"href":"https:\/\/www.dolivo.shop\/de\/wp-json\/wp\/v2\/product_brand?post=8771"},{"taxonomy":"product_cat","embeddable":true,"href":"https:\/\/www.dolivo.shop\/de\/wp-json\/wp\/v2\/product_cat?post=8771"},{"taxonomy":"product_tag","embeddable":true,"href":"https:\/\/www.dolivo.shop\/de\/wp-json\/wp\/v2\/product_tag?post=8771"}],"curies":[{"name":"wp","href":"https:\/\/api.w.org\/{rel}","templated":true}]}}