{"id":8785,"date":"2021-06-24T16:00:11","date_gmt":"2021-06-24T15:00:11","guid":{"rendered":"https:\/\/www.dolivo.shop\/prodotto\/metermas\/"},"modified":"2021-06-24T16:00:11","modified_gmt":"2021-06-24T15:00:11","slug":"metermas","status":"publish","type":"product","link":"https:\/\/www.dolivo.shop\/de\/produkt\/metermas\/","title":{"rendered":"Meterma\u00df"},"content":{"rendered":"<p>Einfach und schnell zu verwenden. Bandl\u00e4nge 1.5 Meter. Ma\u00dfeinheit cm und Zoll.<\/p>\n<p>6x6x5 cm.<\/p>\n","protected":false},"excerpt":{"rendered":"<p>Einfach und schnell zu verwenden. Bandl\u00e4nge 1.5 Meter. Ma\u00dfeinheit cm und Zoll. 6x6x5 cm.<\/p>\n","protected":false},"featured_media":8786,"template":"","meta":{"_acf_changed":false},"product_brand":[],"product_cat":[366,295],"product_tag":[],"class_list":{"0":"post-8785","1":"product","2":"type-product","3":"status-publish","4":"has-post-thumbnail","6":"product_cat-geschenkartikel","7":"product_cat-verschiedenes","9":"first","10":"instock","11":"taxable","12":"shipping-taxable","13":"purchasable","14":"product-type-simple"},"acf":[],"_links":{"self":[{"href":"https:\/\/www.dolivo.shop\/de\/wp-json\/wp\/v2\/product\/8785","targetHints":{"allow":["GET"]}}],"collection":[{"href":"https:\/\/www.dolivo.shop\/de\/wp-json\/wp\/v2\/product"}],"about":[{"href":"https:\/\/www.dolivo.shop\/de\/wp-json\/wp\/v2\/types\/product"}],"wp:featuredmedia":[{"embeddable":true,"href":"https:\/\/www.dolivo.shop\/de\/wp-json\/wp\/v2\/media\/8786"}],"wp:attachment":[{"href":"https:\/\/www.dolivo.shop\/de\/wp-json\/wp\/v2\/media?parent=8785"}],"wp:term":[{"taxonomy":"product_brand","embeddable":true,"href":"https:\/\/www.dolivo.shop\/de\/wp-json\/wp\/v2\/product_brand?post=8785"},{"taxonomy":"product_cat","embeddable":true,"href":"https:\/\/www.dolivo.shop\/de\/wp-json\/wp\/v2\/product_cat?post=8785"},{"taxonomy":"product_tag","embeddable":true,"href":"https:\/\/www.dolivo.shop\/de\/wp-json\/wp\/v2\/product_tag?post=8785"}],"curies":[{"name":"wp","href":"https:\/\/api.w.org\/{rel}","templated":true}]}}