{"id":8795,"date":"2021-06-24T16:00:11","date_gmt":"2021-06-24T15:00:11","guid":{"rendered":"https:\/\/www.dolivo.shop\/prodotto\/seifenhalter-2\/"},"modified":"2025-09-17T21:18:37","modified_gmt":"2025-09-17T20:18:37","slug":"seifenhalter-2","status":"publish","type":"product","link":"https:\/\/www.dolivo.shop\/de\/produkt\/seifenhalter-2\/","title":{"rendered":"Seifenschale \u201ePerugia\u201c"},"content":{"rendered":"<p class=\"p3\">Die Seifenschale verf\u00fcgt \u00fcber 3 Abflussl\u00f6cher, die Wasserstau verhindern. Sie ist daf\u00fcr entworfen, St\u00fcckseife aufzubewahren und ordentlich zu halten. Olivenholz, bekannt f\u00fcr seine H\u00e4rte, Feuchtigkeitsbest\u00e4ndigkeit und dekorative Maserung, verleiht dem Produkt ein elegantes und zugleich rustikales Aussehen und garantiert zudem eine lange Haltbarkeit. <strong>Schimmelbildung tritt nicht auf<\/strong>.<\/p>\n<p class=\"p3\">Die mitgelieferte Seife ist zu 100 % pflanzlich und wird nach der alten Tradition der handwerklichen Seifenherstellung im klassischen Kaltverfahren gefertigt. Dank der niedrigen Verarbeitungstemperatur bleiben die wertvollen Wirkstoffe der verwendeten Zutaten vollst\u00e4ndig erhalten. Verpackt in transparenter Vakuumfolie.<\/p>\n<p>&nbsp;<\/p>\n<p class=\"p3\">Ein schlichtes und zugleich praktisches Accessoire: Aus edlem Olivenholz gefertigt, vereint es <strong>Sch\u00f6nheit<\/strong> und <strong>Funktionalit\u00e4t<\/strong>. Perfekt, um dem Badezimmer eine warme, nat\u00fcrliche Note zu verleihen.<\/p>\n<p class=\"p3\">Das <strong>Olivenholz<\/strong>, mit seiner einzigartigen Maserung und den warmen, beruhigenden Farbt\u00f6nen, macht jede Seifenschale zu einem <strong>Unikat<\/strong>. Ausschlie\u00dflich mit nat\u00fcrlichem \u00d6l behandelt \u2013 frei von Lacken oder Chemikalien \u2013 im Einklang mit traditioneller Handwerkskunst und Umweltbewusstsein.<\/p>\n<p class=\"p3\"><strong>Nachhaltig und authentisch<\/strong>: Olivenholz ist die bewusste Wahl f\u00fcr alle, die Sch\u00f6nheit, Alltagstauglichkeit, Natur und Handwerk sch\u00e4tzen.<\/p>\n<h3 class=\"p1\"><b>Eine originelle Idee f\u00fcr ein umweltfreundliches Gastgeschenk<\/b><b><\/b><\/h3>\n<p class=\"p3\">Durch seinen nat\u00fcrlichen Stil und die handwerkliche Verarbeitung eignet er sich hervorragend als Pr\u00e4sent f\u00fcr <em>Hochzeiten, Kommunionen oder andere festliche Anl\u00e4sse<\/em>.<\/p>\n<p class=\"p3\">Auf Wunsch k\u00f6nnen <strong>individuelle Gravuren<\/strong> angefertigt werden.<\/p>\n<h4 class=\"p1\"><b>Wichtiger Hinweis<\/b><b><\/b><\/h4>\n<p class=\"p3\"><em>Handgefertigtes Produkt: Kleine Unregelm\u00e4\u00dfigkeiten oder leichte Abweichungen sind kein Mangel, sondern ein Zeichen der Echtheit und Einzigartigkeit.<\/em><\/p>\n","protected":false},"excerpt":{"rendered":"<p>Die Seifenschale verf\u00fcgt \u00fcber 3 Abflussl\u00f6cher, die Wasserstau verhindern. Sie ist daf\u00fcr entworfen, St\u00fcckseife aufzubewahren und ordentlich zu halten. Olivenholz, bekannt f\u00fcr seine H\u00e4rte, Feuchtigkeitsbest\u00e4ndigkeit und dekorative Maserung, verleiht dem Produkt ein elegantes und zugleich rustikales Aussehen und garantiert zudem eine lange Haltbarkeit. Schimmelbildung tritt nicht auf. Die mitgelieferte Seife ist zu 100 % pflanzlich&#8230;<\/p>\n","protected":false},"featured_media":1641,"template":"","meta":{"_acf_changed":false},"product_brand":[],"product_cat":[366,868],"product_tag":[],"class_list":{"0":"post-8795","1":"product","2":"type-product","3":"status-publish","4":"has-post-thumbnail","6":"product_cat-geschenkartikel","7":"product_cat-seifenschalen","9":"first","10":"instock","11":"sale","12":"taxable","13":"shipping-taxable","14":"purchasable","15":"product-type-variable"},"acf":[],"_links":{"self":[{"href":"https:\/\/www.dolivo.shop\/de\/wp-json\/wp\/v2\/product\/8795","targetHints":{"allow":["GET"]}}],"collection":[{"href":"https:\/\/www.dolivo.shop\/de\/wp-json\/wp\/v2\/product"}],"about":[{"href":"https:\/\/www.dolivo.shop\/de\/wp-json\/wp\/v2\/types\/product"}],"wp:featuredmedia":[{"embeddable":true,"href":"https:\/\/www.dolivo.shop\/de\/wp-json\/wp\/v2\/media\/1641"}],"wp:attachment":[{"href":"https:\/\/www.dolivo.shop\/de\/wp-json\/wp\/v2\/media?parent=8795"}],"wp:term":[{"taxonomy":"product_brand","embeddable":true,"href":"https:\/\/www.dolivo.shop\/de\/wp-json\/wp\/v2\/product_brand?post=8795"},{"taxonomy":"product_cat","embeddable":true,"href":"https:\/\/www.dolivo.shop\/de\/wp-json\/wp\/v2\/product_cat?post=8795"},{"taxonomy":"product_tag","embeddable":true,"href":"https:\/\/www.dolivo.shop\/de\/wp-json\/wp\/v2\/product_tag?post=8795"}],"curies":[{"name":"wp","href":"https:\/\/api.w.org\/{rel}","templated":true}]}}