{"id":8810,"date":"2021-06-24T16:00:09","date_gmt":"2021-06-24T15:00:09","guid":{"rendered":"https:\/\/www.dolivo.shop\/prodotto\/globus\/"},"modified":"2025-12-14T22:49:27","modified_gmt":"2025-12-14T21:49:27","slug":"globus","status":"publish","type":"product","link":"https:\/\/www.dolivo.shop\/de\/produkt\/globus\/","title":{"rendered":"Globus"},"content":{"rendered":"<p class=\"p1\"><em>Der Globus aus Olivenholz<\/em> ist ein dekoratives und didaktisches Objekt, handgefertigt aus <strong>edlem Olivenholz<\/strong> mit charakteristischer Maserung, die jedes St\u00fcck einzigartig macht. Er vereint die <strong>Funktionalit\u00e4t eines geografischen Globus<\/strong> \u2013 ideal, um Kontinente und Ozeane zu erkunden \u2013 mit der <strong>Eleganz nat\u00fcrlichen Designs<\/strong> und wird so zu einem stilvollen Einrichtungsst\u00fcck f\u00fcr Zuhause, B\u00fcro oder Arbeitszimmer. Ein ideales <strong>Geschenk von besonderem Wert<\/strong>, Symbol f\u00fcr Entdeckungsgeist, Kultur und die Verbundenheit mit der Natur.<\/p>\n<p class=\"p1\">Die drehbare Kugel ist mit Papier \u00fcberzogen.<\/p>\n<p>&nbsp;<\/p>\n<p class=\"p1\">Das <strong>Olivenholz<\/strong> mit seiner einzigartigen Maserung und den warmen Farbt\u00f6nen macht jeden Globus zu einem <strong>Unikat<\/strong>. Ausschlie\u00dflich mit nat\u00fcrlichem \u00d6l behandelt \u2013 frei von Lacken oder Chemikalien \u2013 im Einklang mit traditioneller Handwerkskunst und Umweltbewusstsein.<\/p>\n<p class=\"p1\"><strong>Nachhaltig und authentisch<\/strong>: Olivenholz ist die bewusste Wahl f\u00fcr alle, die Sch\u00f6nheit, Alltagstauglichkeit, Natur und Handwerk sch\u00e4tzen.<\/p>\n<h3 class=\"p3\"><b>Eine originelle Idee f\u00fcr ein umweltfreundliches Gastgeschenk<\/b><b><\/b><\/h3>\n<p class=\"p1\">Durch seinen nat\u00fcrlichen Stil und die handwerkliche Verarbeitung ist er ein besonderes Pr\u00e4sent f\u00fcr <em>Hochzeiten, Kommunionen oder andere festliche Anl\u00e4sse<\/em>.<\/p>\n<h4 class=\"p3\"><b>Wichtiger Hinweis<\/b><b><\/b><\/h4>\n<p class=\"p1\"><em>Handgefertigtes Unikat: Kleine Abweichungen oder leichte Unregelm\u00e4\u00dfigkeiten sind kein Mangel, sondern ein Zeichen der Echtheit und des nat\u00fcrlichen Charakters des Produkts.<\/em><\/p>\n","protected":false},"excerpt":{"rendered":"<p>Der Globus aus Olivenholz ist ein dekoratives und didaktisches Objekt, handgefertigt aus edlem Olivenholz mit charakteristischer Maserung, die jedes St\u00fcck einzigartig macht. Er vereint die Funktionalit\u00e4t eines geografischen Globus \u2013 ideal, um Kontinente und Ozeane zu erkunden \u2013 mit der Eleganz nat\u00fcrlichen Designs und wird so zu einem stilvollen Einrichtungsst\u00fcck f\u00fcr Zuhause, B\u00fcro oder Arbeitszimmer&#8230;.<\/p>\n","protected":false},"featured_media":18902,"template":"","meta":{"_acf_changed":false},"product_brand":[],"product_cat":[366,869],"product_tag":[],"class_list":{"0":"post-8810","1":"product","2":"type-product","3":"status-publish","4":"has-post-thumbnail","6":"product_cat-geschenkartikel","7":"product_cat-globus","9":"first","10":"instock","11":"taxable","12":"shipping-taxable","13":"purchasable","14":"product-type-variable"},"acf":[],"_links":{"self":[{"href":"https:\/\/www.dolivo.shop\/de\/wp-json\/wp\/v2\/product\/8810","targetHints":{"allow":["GET"]}}],"collection":[{"href":"https:\/\/www.dolivo.shop\/de\/wp-json\/wp\/v2\/product"}],"about":[{"href":"https:\/\/www.dolivo.shop\/de\/wp-json\/wp\/v2\/types\/product"}],"wp:featuredmedia":[{"embeddable":true,"href":"https:\/\/www.dolivo.shop\/de\/wp-json\/wp\/v2\/media\/18902"}],"wp:attachment":[{"href":"https:\/\/www.dolivo.shop\/de\/wp-json\/wp\/v2\/media?parent=8810"}],"wp:term":[{"taxonomy":"product_brand","embeddable":true,"href":"https:\/\/www.dolivo.shop\/de\/wp-json\/wp\/v2\/product_brand?post=8810"},{"taxonomy":"product_cat","embeddable":true,"href":"https:\/\/www.dolivo.shop\/de\/wp-json\/wp\/v2\/product_cat?post=8810"},{"taxonomy":"product_tag","embeddable":true,"href":"https:\/\/www.dolivo.shop\/de\/wp-json\/wp\/v2\/product_tag?post=8810"}],"curies":[{"name":"wp","href":"https:\/\/api.w.org\/{rel}","templated":true}]}}