{"id":8866,"date":"2021-09-23T16:30:51","date_gmt":"2021-09-23T15:30:51","guid":{"rendered":"https:\/\/www.dolivo.shop\/prodotto\/heilige-familie\/"},"modified":"2025-10-09T17:29:22","modified_gmt":"2025-10-09T16:29:22","slug":"heilige-familie","status":"publish","type":"product","link":"https:\/\/www.dolivo.shop\/de\/produkt\/heilige-familie\/","title":{"rendered":"Heilige Familie"},"content":{"rendered":"<p class=\"p3\"><span class=\"s2\">Diese <\/span><b>Skulptur aus Olivenholz<\/b><span class=\"s2\"> stellt die <\/span><b>Heilige Familie<\/b><span class=\"s2\"> in einem <\/span><b>schlichten und modernen Stil<\/b><span class=\"s2\"> dar.<\/span><\/p>\n<p class=\"p4\">Die Einfachheit der Formen hebt den <span class=\"s3\"><b>spirituellen Wert<\/b><\/span> des Werkes hervor \u2013 ideal als <span class=\"s3\"><b>Andachtsobjekt<\/b><\/span> oder als <span class=\"s3\"><b>bedeutungsvolles Geschenk<\/b><\/span> zu Weihnachten und anderen religi\u00f6sen Festtagen.<\/p>\n<p class=\"p3\"><span class=\"s2\">Jedes St\u00fcck wird <\/span><b>vollst\u00e4ndig von Hand gefertigt<\/b><span class=\"s2\"> \u2013 von erfahrenen <\/span><b>italienischen Kunsthandwerkern<\/b><span class=\"s2\">, die <\/span><b>einen einzigen Block echten Olivenholzes<\/b><span class=\"s2\"> verwenden.<\/span><\/p>\n<p class=\"p3\"><span class=\"s2\">Jede Kurve folgt der <\/span><b>einzigartigen, unverwechselbaren Maserung<\/b><span class=\"s2\"> des Holzes, wodurch <\/span><b>jede Skulptur ein exklusives Unikat<\/b><span class=\"s2\"> ist.<\/span><\/p>\n<p class=\"p3\"><span class=\"s2\">Das <\/span><b>Olivenholz<\/b><span class=\"s2\">, bekannt f\u00fcr seine <\/span><b>Best\u00e4ndigkeit und mediterrane Sch\u00f6nheit<\/b><span class=\"s2\">, stammt aus <\/span><b>nachhaltigen R\u00fcckschnitten<\/b><span class=\"s2\">, die <\/span><b>umweltfreundlich gewonnen<\/b><span class=\"s2\"> werden und die <\/span><b>traditionelle Handwerkskunst<\/b><span class=\"s2\"> bewahren.<\/span><\/p>\n<p class=\"p3\"><span class=\"s2\">Seine <\/span><b>weichen, flie\u00dfenden Linien<\/b><span class=\"s2\"> symbolisieren <\/span><b>Familie, Liebe und Geborgenheit<\/b><span class=\"s2\"> \u2013 ein <\/span><b>zeitloses Kunstwerk<\/b><span class=\"s2\">, das sich perfekt als <\/span><b>Dekoration f\u00fcr Ihr Zuhause<\/b><span class=\"s2\"> oder als <\/span><b>besonderes Geschenk<\/b><span class=\"s2\"> f\u00fcr bedeutende Momente eignet.<\/span><\/p>\n<p>&nbsp;<\/p>\n<p class=\"p4\"><span class=\"s3\"><b>Ma\u00dfe:<\/b><\/span> 2,5 \u00d7 5,5 cm.<\/p>\n","protected":false},"excerpt":{"rendered":"<p>Diese Skulptur aus Olivenholz stellt die Heilige Familie in einem schlichten und modernen Stil dar. Die Einfachheit der Formen hebt den spirituellen Wert des Werkes hervor \u2013 ideal als Andachtsobjekt oder als bedeutungsvolles Geschenk zu Weihnachten und anderen religi\u00f6sen Festtagen. Jedes St\u00fcck wird vollst\u00e4ndig von Hand gefertigt \u2013 von erfahrenen italienischen Kunsthandwerkern, die einen einzigen&#8230;<\/p>\n","protected":false},"featured_media":8871,"template":"","meta":{"_acf_changed":false},"product_brand":[],"product_cat":[296,366],"product_tag":[],"class_list":{"0":"post-8866","1":"product","2":"type-product","3":"status-publish","4":"has-post-thumbnail","6":"product_cat-skulpturen","7":"product_cat-geschenkartikel","9":"first","10":"instock","11":"sale","12":"taxable","13":"shipping-taxable","14":"purchasable","15":"product-type-simple"},"acf":[],"_links":{"self":[{"href":"https:\/\/www.dolivo.shop\/de\/wp-json\/wp\/v2\/product\/8866","targetHints":{"allow":["GET"]}}],"collection":[{"href":"https:\/\/www.dolivo.shop\/de\/wp-json\/wp\/v2\/product"}],"about":[{"href":"https:\/\/www.dolivo.shop\/de\/wp-json\/wp\/v2\/types\/product"}],"wp:featuredmedia":[{"embeddable":true,"href":"https:\/\/www.dolivo.shop\/de\/wp-json\/wp\/v2\/media\/8871"}],"wp:attachment":[{"href":"https:\/\/www.dolivo.shop\/de\/wp-json\/wp\/v2\/media?parent=8866"}],"wp:term":[{"taxonomy":"product_brand","embeddable":true,"href":"https:\/\/www.dolivo.shop\/de\/wp-json\/wp\/v2\/product_brand?post=8866"},{"taxonomy":"product_cat","embeddable":true,"href":"https:\/\/www.dolivo.shop\/de\/wp-json\/wp\/v2\/product_cat?post=8866"},{"taxonomy":"product_tag","embeddable":true,"href":"https:\/\/www.dolivo.shop\/de\/wp-json\/wp\/v2\/product_tag?post=8866"}],"curies":[{"name":"wp","href":"https:\/\/api.w.org\/{rel}","templated":true}]}}