{"id":9107,"date":"2021-09-29T14:15:55","date_gmt":"2021-09-29T13:15:55","guid":{"rendered":"https:\/\/www.dolivo.shop\/prodotto\/assisi-stadt-des-friedens\/"},"modified":"2026-02-27T20:11:57","modified_gmt":"2026-02-27T19:11:57","slug":"assisi-stadt-des-friedens","status":"publish","type":"product","link":"https:\/\/www.dolivo.shop\/de\/produkt\/assisi-stadt-des-friedens\/","title":{"rendered":"Tau Assisi \u2013 \u201eStadt des Friedens\u201c, handbemalt auf Olivenholz"},"content":{"rendered":"<h2 class=\"p1\"><strong>Assisi<\/strong> \u2013 spirituelles und k\u00fcnstlerisches Herz Umbriens<b><\/b><\/h2>\n<p class=\"p3\">Aus edlem <span class=\"s2\"><b>Olivenholz<\/b><\/span> gefertigt und <span class=\"s2\"><b>von Hand mit Acryl-Temperafarben<\/b><\/span> bemalt, vereint dieses Tau die W\u00e4rme traditioneller Handwerkskunst mit der starken Symbolik der franziskanischen Spiritualit\u00e4t. Jedes St\u00fcck ist ein Unikat: <span class=\"s2\"><b>Die nat\u00fcrliche Maserung des Olivenholzes<\/b><\/span> macht jedes Tau einzigartig und erz\u00e4hlt die Geschichte des Baumes, aus dem es entstanden ist.<\/p>\n<p class=\"p3\">Die Assisi-Illustration ist ein kleines Schmuckst\u00fcck \u2013 ideal zum Sammeln oder als Geschenk f\u00fcr alle, die <span class=\"s2\"><b>Spiritualit\u00e4t, Natur und Kunst<\/b><\/span> lieben.<\/p>\n<p class=\"p1\"><b>Als Beilage erhalten Sie eine Pergamenturkunde<\/b><span class=\"s1\"> mit der Erkl\u00e4rung der Bedeutung des Tau.<\/span><\/p>\n<hr \/>\n<h2>Eine originelle Idee f\u00fcr ein umweltfreundliches Gastgeschenk<\/h2>\n<p class=\"p3\">Der nat\u00fcrliche Stil und die handwerkliche Verarbeitung machen es zu einem perfekten Pr\u00e4sent f\u00fcr <span class=\"s2\"><b>Hochzeiten, Erstkommunionen<\/b><\/span> oder besondere Anl\u00e4sse.<\/p>\n<p class=\"p3\">Auf Wunsch fertigen wir <span class=\"s2\"><b>personalisierte Gravuren<\/b><\/span> an.<\/p>\n<hr \/>\n<h2>Wichtiger Hinweis<\/h2>\n<p class=\"p3\">Handgefertigtes Produkt: Kleine Unregelm\u00e4\u00dfigkeiten oder leichte Abweichungen sind nicht als M\u00e4ngel zu verstehen, sondern als Zeichen der <span class=\"s2\"><b>authentischen Handarbeit<\/b><\/span> und der Nat\u00fcrlichkeit des Olivenholzes.<\/p>\n","protected":false},"excerpt":{"rendered":"<p>Assisi \u2013 spirituelles und k\u00fcnstlerisches Herz Umbriens Aus edlem Olivenholz gefertigt und von Hand mit Acryl-Temperafarben bemalt, vereint dieses Tau die W\u00e4rme traditioneller Handwerkskunst mit der starken Symbolik der franziskanischen Spiritualit\u00e4t. Jedes St\u00fcck ist ein Unikat: Die nat\u00fcrliche Maserung des Olivenholzes macht jedes Tau einzigartig und erz\u00e4hlt die Geschichte des Baumes, aus dem es entstanden&#8230;<\/p>\n","protected":false},"featured_media":9113,"template":"","meta":{"_acf_changed":false},"product_brand":[],"product_cat":[554,300],"product_tag":[],"class_list":{"0":"post-9107","1":"product","2":"type-product","3":"status-publish","4":"has-post-thumbnail","6":"product_cat-tau-de","7":"product_cat-tau-wandkreuze","9":"first","10":"instock","11":"taxable","12":"shipping-taxable","13":"purchasable","14":"product-type-variable"},"acf":[],"_links":{"self":[{"href":"https:\/\/www.dolivo.shop\/de\/wp-json\/wp\/v2\/product\/9107","targetHints":{"allow":["GET"]}}],"collection":[{"href":"https:\/\/www.dolivo.shop\/de\/wp-json\/wp\/v2\/product"}],"about":[{"href":"https:\/\/www.dolivo.shop\/de\/wp-json\/wp\/v2\/types\/product"}],"wp:featuredmedia":[{"embeddable":true,"href":"https:\/\/www.dolivo.shop\/de\/wp-json\/wp\/v2\/media\/9113"}],"wp:attachment":[{"href":"https:\/\/www.dolivo.shop\/de\/wp-json\/wp\/v2\/media?parent=9107"}],"wp:term":[{"taxonomy":"product_brand","embeddable":true,"href":"https:\/\/www.dolivo.shop\/de\/wp-json\/wp\/v2\/product_brand?post=9107"},{"taxonomy":"product_cat","embeddable":true,"href":"https:\/\/www.dolivo.shop\/de\/wp-json\/wp\/v2\/product_cat?post=9107"},{"taxonomy":"product_tag","embeddable":true,"href":"https:\/\/www.dolivo.shop\/de\/wp-json\/wp\/v2\/product_tag?post=9107"}],"curies":[{"name":"wp","href":"https:\/\/api.w.org\/{rel}","templated":true}]}}