{"id":9174,"date":"2021-09-22T14:18:36","date_gmt":"2021-09-22T13:18:36","guid":{"rendered":"https:\/\/www.dolivo.shop\/prodotto\/moderner-tau\/"},"modified":"2026-02-27T20:16:10","modified_gmt":"2026-02-27T19:16:10","slug":"moderner-tau","status":"publish","type":"product","link":"https:\/\/www.dolivo.shop\/de\/produkt\/moderner-tau\/","title":{"rendered":"Moderne Tau-Kreuz aus Olivenholz"},"content":{"rendered":"<p class=\"p1\">Das moderne Tau-Kreuz aus Olivenholz ist eine elegante Neuinterpretation des franziskanischen Symbols: klare Linien und stilisierte Konturen verbinden Tradition und zeitgem\u00e4\u00dfes Design. Von Hand aus hochwertigem mediterranem Olivenholz gefr\u00e4st, ist jedes St\u00fcck ein Unikat \u2013 die nat\u00fcrliche Maserung macht jedes Exemplar einzigartig und erz\u00e4hlt die jahrhundertealte Geschichte dieses besonderen Holzes.<\/p>\n<p class=\"p1\">Das Tau, das dem heiligen Franziskus von Assisi besonders am Herzen lag, steht f\u00fcr g\u00f6ttlichen Schutz, Frieden und Segen. Diese moderne Ausf\u00fchrung bewahrt den tiefen spirituellen Wert, wirkt jedoch durch ihr reduziertes Design ebenso stimmig in klassischen wie auch in modernen Wohnr\u00e4umen.<\/p>\n<p class=\"p1\">Ideal als Geschenk zu religi\u00f6sen Anl\u00e4ssen, Jubil\u00e4en oder als dekoratives Element mit Symbolkraft: Dieses Tau aus Olivenholz vereint die W\u00e4rme der Natur mit der St\u00e4rke der Spiritualit\u00e4t.<\/p>\n<p class=\"p3\"><b>Als Geschenk erhalten Sie eine Pergament-Urkunde mit der Erkl\u00e4rung der Bedeutung des Tau.<\/b><b><\/b><\/p>\n<hr \/>\n<h2>Eine originelle Idee f\u00fcr eine umweltfreundliche Bomboniera<\/h2>\n<p class=\"p1\">Der nat\u00fcrliche Stil und die handwerkliche Fertigung machen dieses Tau zu einem perfekten Andenken f\u00fcr <span class=\"s2\"><b>Hochzeiten, Erstkommunionen<\/b><\/span> oder andere besondere Feiern.<\/p>\n<p class=\"p1\">Auf Wunsch fertigen wir <span class=\"s2\"><b>personalisierte Gravuren<\/b><\/span> an.<\/p>\n<hr \/>\n<h2>Wichtiger Hinweis<\/h2>\n<p class=\"p1\">Handgefertigtes Unikat: Kleine Unregelm\u00e4\u00dfigkeiten oder leichte Abweichungen sind <span class=\"s2\"><b>keine M\u00e4ngel<\/b><\/span>, sondern ein Zeichen der authentischen Handarbeit und der Nat\u00fcrlichkeit des Olivenholzes.<\/p>\n","protected":false},"excerpt":{"rendered":"<p>Das moderne Tau-Kreuz aus Olivenholz ist eine elegante Neuinterpretation des franziskanischen Symbols: klare Linien und stilisierte Konturen verbinden Tradition und zeitgem\u00e4\u00dfes Design. Von Hand aus hochwertigem mediterranem Olivenholz gefr\u00e4st, ist jedes St\u00fcck ein Unikat \u2013 die nat\u00fcrliche Maserung macht jedes Exemplar einzigartig und erz\u00e4hlt die jahrhundertealte Geschichte dieses besonderen Holzes. Das Tau, das dem heiligen&#8230;<\/p>\n","protected":false},"featured_media":9180,"template":"","meta":{"_acf_changed":false},"product_brand":[],"product_cat":[554,300],"product_tag":[],"class_list":{"0":"post-9174","1":"product","2":"type-product","3":"status-publish","4":"has-post-thumbnail","6":"product_cat-tau-de","7":"product_cat-tau-wandkreuze","9":"first","10":"instock","11":"sale","12":"taxable","13":"shipping-taxable","14":"purchasable","15":"product-type-variable"},"acf":[],"_links":{"self":[{"href":"https:\/\/www.dolivo.shop\/de\/wp-json\/wp\/v2\/product\/9174","targetHints":{"allow":["GET"]}}],"collection":[{"href":"https:\/\/www.dolivo.shop\/de\/wp-json\/wp\/v2\/product"}],"about":[{"href":"https:\/\/www.dolivo.shop\/de\/wp-json\/wp\/v2\/types\/product"}],"wp:featuredmedia":[{"embeddable":true,"href":"https:\/\/www.dolivo.shop\/de\/wp-json\/wp\/v2\/media\/9180"}],"wp:attachment":[{"href":"https:\/\/www.dolivo.shop\/de\/wp-json\/wp\/v2\/media?parent=9174"}],"wp:term":[{"taxonomy":"product_brand","embeddable":true,"href":"https:\/\/www.dolivo.shop\/de\/wp-json\/wp\/v2\/product_brand?post=9174"},{"taxonomy":"product_cat","embeddable":true,"href":"https:\/\/www.dolivo.shop\/de\/wp-json\/wp\/v2\/product_cat?post=9174"},{"taxonomy":"product_tag","embeddable":true,"href":"https:\/\/www.dolivo.shop\/de\/wp-json\/wp\/v2\/product_tag?post=9174"}],"curies":[{"name":"wp","href":"https:\/\/api.w.org\/{rel}","templated":true}]}}