{"id":9184,"date":"2021-09-22T13:48:49","date_gmt":"2021-09-22T12:48:49","guid":{"rendered":"https:\/\/www.dolivo.shop\/prodotto\/tau-hohelied\/"},"modified":"2026-02-27T20:19:32","modified_gmt":"2026-02-27T19:19:32","slug":"tau-hohelied","status":"publish","type":"product","link":"https:\/\/www.dolivo.shop\/de\/produkt\/tau-hohelied\/","title":{"rendered":"Tau \u201eCantico delle Creature\u201c aus Olivenholz"},"content":{"rendered":"<p class=\"p3\">Der <i>Cantico delle Creature<\/i> (Sonnengesang), den der heilige Franziskus von Assisi um 1224 verfasste, gilt als einer der fr\u00fchesten poetischen Texte der italienischen Literatur. Er ist ein Lobpreis Gottes f\u00fcr die Sch\u00f6nheit und G\u00fcte der Sch\u00f6pfung \u2013 zugleich aber auch ein Lied universeller Verbundenheit. In seiner tiefen Bedeutung l\u00e4dt der Sonnengesang zu Dankbarkeit, Demut und Respekt gegen\u00fcber jedem Gesch\u00f6pf ein: Alles geh\u00f6rt zu einer einzigen Familie und stimmt in das Lob des Sch\u00f6pfers ein.<\/p>\n<p class=\"p3\">Der heilige Franziskus wendet sich an die Elemente der Natur und nennt sie \u201eBruder\u201c und \u201eSchwester\u201c \u2013 als Ausdruck daf\u00fcr, dass sich in ihnen die g\u00f6ttliche Liebe widerspiegelt.<\/p>\n<hr \/>\n<p class=\"p3\"><span class=\"s2\"><b>Handgefertigt aus edlem Olivenholz<\/b><\/span> verbindet dieses Tau die W\u00e4rme traditioneller Holzhandwerkskunst mit der Kraft der franziskanischen Symbolik. Jedes St\u00fcck ist ein Unikat: Die nat\u00fcrliche Maserung des Olivenholzes macht jedes Exemplar unverwechselbar und erz\u00e4hlt die Geschichte des Baumes, aus dem es gefertigt wurde.<\/p>\n<p class=\"p3\">Die vom <i>Cantico delle Creature<\/i> inspirierte Illustration macht dieses Tau zu einem kleinen Sammlerst\u00fcck \u2013 oder zu einem besonderen Geschenk f\u00fcr Menschen, die Spiritualit\u00e4t, Natur und Kunst lieben.<\/p>\n<p class=\"p1\"><b>Als Beilage erhalten Sie eine Pergament-Urkunde<\/b><span class=\"s3\">, die die Bedeutung des Tau erkl\u00e4rt.<\/span><\/p>\n<hr \/>\n<h2>Eine originelle Idee f\u00fcr eine eco-friendly Bomboniera<\/h2>\n<p class=\"p3\">Durch seinen nat\u00fcrlichen Stil und die sorgf\u00e4ltige handwerkliche Verarbeitung ist es ein perfektes Erinnerungsst\u00fcck f\u00fcr <span class=\"s2\"><b>Hochzeiten, Erstkommunionen oder besondere Anl\u00e4sse<\/b><\/span>.<\/p>\n<p class=\"p3\">Auf Wunsch fertigen wir <span class=\"s2\"><b>personalisierte Gravuren<\/b><\/span> an.<\/p>\n<hr \/>\n<h2>Wichtiger Hinweis<\/h2>\n<p class=\"p3\">Dieses Produkt ist <span class=\"s2\"><b>handwerklich gefertigt<\/b><\/span>: Kleine Unregelm\u00e4\u00dfigkeiten oder leichte Abweichungen sind nicht als M\u00e4ngel zu verstehen, sondern als Zeichen der Echtheit und Individualit\u00e4t des Olivenholzprodukts.<\/p>\n","protected":false},"excerpt":{"rendered":"<p>Der Cantico delle Creature (Sonnengesang), den der heilige Franziskus von Assisi um 1224 verfasste, gilt als einer der fr\u00fchesten poetischen Texte der italienischen Literatur. Er ist ein Lobpreis Gottes f\u00fcr die Sch\u00f6nheit und G\u00fcte der Sch\u00f6pfung \u2013 zugleich aber auch ein Lied universeller Verbundenheit. In seiner tiefen Bedeutung l\u00e4dt der Sonnengesang zu Dankbarkeit, Demut und&#8230;<\/p>\n","protected":false},"featured_media":9192,"template":"","meta":{"_acf_changed":false},"product_brand":[],"product_cat":[554,300],"product_tag":[],"class_list":{"0":"post-9184","1":"product","2":"type-product","3":"status-publish","4":"has-post-thumbnail","6":"product_cat-tau-de","7":"product_cat-tau-wandkreuze","9":"first","10":"instock","11":"taxable","12":"shipping-taxable","13":"purchasable","14":"product-type-variable"},"acf":[],"_links":{"self":[{"href":"https:\/\/www.dolivo.shop\/de\/wp-json\/wp\/v2\/product\/9184","targetHints":{"allow":["GET"]}}],"collection":[{"href":"https:\/\/www.dolivo.shop\/de\/wp-json\/wp\/v2\/product"}],"about":[{"href":"https:\/\/www.dolivo.shop\/de\/wp-json\/wp\/v2\/types\/product"}],"wp:featuredmedia":[{"embeddable":true,"href":"https:\/\/www.dolivo.shop\/de\/wp-json\/wp\/v2\/media\/9192"}],"wp:attachment":[{"href":"https:\/\/www.dolivo.shop\/de\/wp-json\/wp\/v2\/media?parent=9184"}],"wp:term":[{"taxonomy":"product_brand","embeddable":true,"href":"https:\/\/www.dolivo.shop\/de\/wp-json\/wp\/v2\/product_brand?post=9184"},{"taxonomy":"product_cat","embeddable":true,"href":"https:\/\/www.dolivo.shop\/de\/wp-json\/wp\/v2\/product_cat?post=9184"},{"taxonomy":"product_tag","embeddable":true,"href":"https:\/\/www.dolivo.shop\/de\/wp-json\/wp\/v2\/product_tag?post=9184"}],"curies":[{"name":"wp","href":"https:\/\/api.w.org\/{rel}","templated":true}]}}